{"id":689,"date":"2021-04-27T21:45:44","date_gmt":"2021-04-27T19:45:44","guid":{"rendered":"https:\/\/www.telenec.cz\/?page_id=689"},"modified":"2021-07-03T15:14:34","modified_gmt":"2021-07-03T13:14:34","slug":"zimni-krajina","status":"publish","type":"page","link":"https:\/\/www.telenec.cz\/index.php\/zimni-krajina\/","title":{"rendered":"Zimn\u00ed krajina"},"content":{"rendered":"<p class=\"has-vivid-red-color has-text-color\" style=\"font-size:38px\">Zima na Vl\u010d\u00ed Ho\u0159e v roce 2016<\/p>\n<p>V N\u00e1rodn\u00edho parku jsou v n\u011bkter\u00fdch letech zimy s velk\u00fdm mno\u017estv\u00edm sn\u011bhu: <\/p>\n<figure class=\"wp-block-gallery columns-3 is-cropped wp-block-gallery-1 is-layout-flex wp-block-gallery-is-layout-flex\">\n<ul class=\"blocks-gallery-grid\">\n<li class=\"blocks-gallery-item\">\n<figure><a href=\"https:\/\/www.telenec.cz\/wp-content\/uploads\/2021\/04\/Foto_03.jpg\"><img loading=\"lazy\" decoding=\"async\" width=\"1000\" height=\"750\" src=\"https:\/\/www.telenec.cz\/wp-content\/uploads\/2021\/04\/Foto_03.jpg\" alt=\"\" data-id=\"692\" data-full-url=\"https:\/\/www.telenec.cz\/wp-content\/uploads\/2021\/04\/Foto_03.jpg\" data-link=\"https:\/\/www.telenec.cz\/?attachment_id=692\" class=\"wp-image-692\" srcset=\"https:\/\/www.telenec.cz\/wp-content\/uploads\/2021\/04\/Foto_03.jpg 1000w, https:\/\/www.telenec.cz\/wp-content\/uploads\/2021\/04\/Foto_03-300x225.jpg 300w, https:\/\/www.telenec.cz\/wp-content\/uploads\/2021\/04\/Foto_03-768x576.jpg 768w\" sizes=\"(max-width: 706px) 89vw, (max-width: 767px) 82vw, 740px\" \/><\/a><\/figure>\n<\/li>\n<li class=\"blocks-gallery-item\">\n<figure><a href=\"https:\/\/www.telenec.cz\/wp-content\/uploads\/2021\/04\/Foto_02.jpg\"><img loading=\"lazy\" decoding=\"async\" width=\"1000\" height=\"750\" src=\"https:\/\/www.telenec.cz\/wp-content\/uploads\/2021\/04\/Foto_02.jpg\" alt=\"\" data-id=\"691\" data-full-url=\"https:\/\/www.telenec.cz\/wp-content\/uploads\/2021\/04\/Foto_02.jpg\" data-link=\"https:\/\/www.telenec.cz\/?attachment_id=691\" class=\"wp-image-691\" srcset=\"https:\/\/www.telenec.cz\/wp-content\/uploads\/2021\/04\/Foto_02.jpg 1000w, https:\/\/www.telenec.cz\/wp-content\/uploads\/2021\/04\/Foto_02-300x225.jpg 300w, https:\/\/www.telenec.cz\/wp-content\/uploads\/2021\/04\/Foto_02-768x576.jpg 768w\" sizes=\"(max-width: 706px) 89vw, (max-width: 767px) 82vw, 740px\" \/><\/a><\/figure>\n<\/li>\n<li class=\"blocks-gallery-item\">\n<figure><a href=\"https:\/\/www.telenec.cz\/wp-content\/uploads\/2021\/04\/Foto_01.jpg\"><img loading=\"lazy\" decoding=\"async\" width=\"1000\" height=\"753\" src=\"https:\/\/www.telenec.cz\/wp-content\/uploads\/2021\/04\/Foto_01.jpg\" alt=\"\" data-id=\"690\" data-full-url=\"https:\/\/www.telenec.cz\/wp-content\/uploads\/2021\/04\/Foto_01.jpg\" data-link=\"https:\/\/www.telenec.cz\/?attachment_id=690\" class=\"wp-image-690\" srcset=\"https:\/\/www.telenec.cz\/wp-content\/uploads\/2021\/04\/Foto_01.jpg 1000w, https:\/\/www.telenec.cz\/wp-content\/uploads\/2021\/04\/Foto_01-300x226.jpg 300w, https:\/\/www.telenec.cz\/wp-content\/uploads\/2021\/04\/Foto_01-768x578.jpg 768w\" sizes=\"(max-width: 706px) 89vw, (max-width: 767px) 82vw, 740px\" \/><\/a><\/figure>\n<\/li>\n<\/ul>\n<\/figure>\n<p>Studen\u00fd a vlhk\u00fd vzduch, hromad\u00edc\u00ed se v\u00a0hlubok\u00fdch rokl\u00edch a sout\u011bsk\u00e1ch, vytv\u00e1\u0159\u00ed ide\u00e1ln\u00ed prost\u0159ed\u00ed pro v\u00fdskyt \u00fachvatn\u00fdch zimn\u00edch situac\u00ed, tak jako nap\u0159\u00edklad v roce 2016:<\/p>\n<\/p>\n<figure class=\"wp-block-gallery columns-3 is-cropped wp-block-gallery-2 is-layout-flex wp-block-gallery-is-layout-flex\">\n<ul class=\"blocks-gallery-grid\">\n<li class=\"blocks-gallery-item\">\n<figure><a href=\"https:\/\/www.telenec.cz\/wp-content\/uploads\/2021\/04\/Zima-2016_01.jpg\"><img loading=\"lazy\" decoding=\"async\" width=\"1000\" height=\"753\" src=\"https:\/\/www.telenec.cz\/wp-content\/uploads\/2021\/04\/Zima-2016_01.jpg\" alt=\"\" data-id=\"696\" data-link=\"https:\/\/www.telenec.cz\/index.php\/zimni-krajina\/zima-2016_01\/\" class=\"wp-image-696\" srcset=\"https:\/\/www.telenec.cz\/wp-content\/uploads\/2021\/04\/Zima-2016_01.jpg 1000w, https:\/\/www.telenec.cz\/wp-content\/uploads\/2021\/04\/Zima-2016_01-300x226.jpg 300w, https:\/\/www.telenec.cz\/wp-content\/uploads\/2021\/04\/Zima-2016_01-768x578.jpg 768w\" sizes=\"(max-width: 706px) 89vw, (max-width: 767px) 82vw, 740px\" \/><\/a><\/figure>\n<\/li>\n<li class=\"blocks-gallery-item\">\n<figure><a href=\"https:\/\/www.telenec.cz\/wp-content\/uploads\/2021\/04\/Zima-2016_05.jpg\"><img loading=\"lazy\" decoding=\"async\" width=\"1000\" height=\"753\" src=\"https:\/\/www.telenec.cz\/wp-content\/uploads\/2021\/04\/Zima-2016_05.jpg\" alt=\"\" data-id=\"697\" data-link=\"https:\/\/www.telenec.cz\/index.php\/zimni-krajina\/zima-2016_05\/\" class=\"wp-image-697\" srcset=\"https:\/\/www.telenec.cz\/wp-content\/uploads\/2021\/04\/Zima-2016_05.jpg 1000w, https:\/\/www.telenec.cz\/wp-content\/uploads\/2021\/04\/Zima-2016_05-300x226.jpg 300w, https:\/\/www.telenec.cz\/wp-content\/uploads\/2021\/04\/Zima-2016_05-768x578.jpg 768w\" sizes=\"(max-width: 706px) 89vw, (max-width: 767px) 82vw, 740px\" \/><\/a><\/figure>\n<\/li>\n<li class=\"blocks-gallery-item\">\n<figure><a href=\"https:\/\/www.telenec.cz\/wp-content\/uploads\/2021\/04\/Zima-2016_06.jpg\"><img loading=\"lazy\" decoding=\"async\" width=\"1000\" height=\"753\" src=\"https:\/\/www.telenec.cz\/wp-content\/uploads\/2021\/04\/Zima-2016_06.jpg\" alt=\"\" data-id=\"698\" data-link=\"https:\/\/www.telenec.cz\/index.php\/zimni-krajina\/zima-2016_06\/\" class=\"wp-image-698\" srcset=\"https:\/\/www.telenec.cz\/wp-content\/uploads\/2021\/04\/Zima-2016_06.jpg 1000w, https:\/\/www.telenec.cz\/wp-content\/uploads\/2021\/04\/Zima-2016_06-300x226.jpg 300w, https:\/\/www.telenec.cz\/wp-content\/uploads\/2021\/04\/Zima-2016_06-768x578.jpg 768w\" sizes=\"(max-width: 706px) 89vw, (max-width: 767px) 82vw, 740px\" \/><\/a><\/figure>\n<\/li>\n<li class=\"blocks-gallery-item\">\n<figure><a href=\"https:\/\/www.telenec.cz\/wp-content\/uploads\/2021\/04\/Zima-2016_08.jpg\"><img loading=\"lazy\" decoding=\"async\" width=\"1000\" height=\"753\" src=\"https:\/\/www.telenec.cz\/wp-content\/uploads\/2021\/04\/Zima-2016_08.jpg\" alt=\"\" data-id=\"699\" data-link=\"https:\/\/www.telenec.cz\/index.php\/zimni-krajina\/zima-2016_08\/\" class=\"wp-image-699\" srcset=\"https:\/\/www.telenec.cz\/wp-content\/uploads\/2021\/04\/Zima-2016_08.jpg 1000w, https:\/\/www.telenec.cz\/wp-content\/uploads\/2021\/04\/Zima-2016_08-300x226.jpg 300w, https:\/\/www.telenec.cz\/wp-content\/uploads\/2021\/04\/Zima-2016_08-768x578.jpg 768w\" sizes=\"(max-width: 706px) 89vw, (max-width: 767px) 82vw, 740px\" \/><\/a><\/figure>\n<\/li>\n<li class=\"blocks-gallery-item\">\n<figure><a href=\"https:\/\/www.telenec.cz\/wp-content\/uploads\/2021\/04\/Zima-2016_11.jpg\"><img loading=\"lazy\" decoding=\"async\" width=\"1000\" height=\"750\" src=\"https:\/\/www.telenec.cz\/wp-content\/uploads\/2021\/04\/Zima-2016_11.jpg\" alt=\"\" data-id=\"700\" data-link=\"https:\/\/www.telenec.cz\/index.php\/zimni-krajina\/zima-2016_11\/\" class=\"wp-image-700\" srcset=\"https:\/\/www.telenec.cz\/wp-content\/uploads\/2021\/04\/Zima-2016_11.jpg 1000w, https:\/\/www.telenec.cz\/wp-content\/uploads\/2021\/04\/Zima-2016_11-300x225.jpg 300w, https:\/\/www.telenec.cz\/wp-content\/uploads\/2021\/04\/Zima-2016_11-768x576.jpg 768w\" sizes=\"(max-width: 706px) 89vw, (max-width: 767px) 82vw, 740px\" \/><\/a><\/figure>\n<\/li>\n<li class=\"blocks-gallery-item\">\n<figure><a href=\"https:\/\/www.telenec.cz\/wp-content\/uploads\/2021\/04\/Zima-2016_03.jpg\"><img loading=\"lazy\" decoding=\"async\" width=\"1000\" height=\"778\" src=\"https:\/\/www.telenec.cz\/wp-content\/uploads\/2021\/04\/Zima-2016_03.jpg\" alt=\"\" data-id=\"702\" data-full-url=\"https:\/\/www.telenec.cz\/wp-content\/uploads\/2021\/04\/Zima-2016_03.jpg\" data-link=\"https:\/\/www.telenec.cz\/index.php\/zimni-krajina\/zima-2016_03\/\" class=\"wp-image-702\" srcset=\"https:\/\/www.telenec.cz\/wp-content\/uploads\/2021\/04\/Zima-2016_03.jpg 1000w, https:\/\/www.telenec.cz\/wp-content\/uploads\/2021\/04\/Zima-2016_03-300x233.jpg 300w, https:\/\/www.telenec.cz\/wp-content\/uploads\/2021\/04\/Zima-2016_03-768x598.jpg 768w\" sizes=\"(max-width: 706px) 89vw, (max-width: 767px) 82vw, 740px\" \/><\/a><\/figure>\n<\/li>\n<\/ul>\n<\/figure>\n<p class=\"has-small-font-size\">Foto autor webu<\/p>\n","protected":false},"excerpt":{"rendered":"<p>Zima na Vl\u010d\u00ed Ho\u0159e v roce 2016 V N\u00e1rodn\u00edho parku jsou v n\u011bkter\u00fdch letech zimy s velk\u00fdm mno\u017estv\u00edm sn\u011bhu: Studen\u00fd a vlhk\u00fd vzduch, hromad\u00edc\u00ed se v\u00a0hlubok\u00fdch rokl\u00edch a sout\u011bsk\u00e1ch, vytv\u00e1\u0159\u00ed ide\u00e1ln\u00ed prost\u0159ed\u00ed pro v\u00fdskyt \u00fachvatn\u00fdch zimn\u00edch situac\u00ed, tak jako nap\u0159\u00edklad v roce 2016: Foto autor webu<\/p>\n","protected":false},"author":1,"featured_media":0,"parent":0,"menu_order":0,"comment_status":"closed","ping_status":"closed","template":"","meta":{"footnotes":"","_wp_rev_ctl_limit":"3"},"class_list":["post-689","page","type-page","status-publish","hentry"],"_links":{"self":[{"href":"https:\/\/www.telenec.cz\/index.php\/wp-json\/wp\/v2\/pages\/689"}],"collection":[{"href":"https:\/\/www.telenec.cz\/index.php\/wp-json\/wp\/v2\/pages"}],"about":[{"href":"https:\/\/www.telenec.cz\/index.php\/wp-json\/wp\/v2\/types\/page"}],"author":[{"embeddable":true,"href":"https:\/\/www.telenec.cz\/index.php\/wp-json\/wp\/v2\/users\/1"}],"replies":[{"embeddable":true,"href":"https:\/\/www.telenec.cz\/index.php\/wp-json\/wp\/v2\/comments?post=689"}],"version-history":[{"count":2,"href":"https:\/\/www.telenec.cz\/index.php\/wp-json\/wp\/v2\/pages\/689\/revisions"}],"predecessor-version":[{"id":1990,"href":"https:\/\/www.telenec.cz\/index.php\/wp-json\/wp\/v2\/pages\/689\/revisions\/1990"}],"wp:attachment":[{"href":"https:\/\/www.telenec.cz\/index.php\/wp-json\/wp\/v2\/media?parent=689"}],"curies":[{"name":"wp","href":"https:\/\/api.w.org\/{rel}","templated":true}]}}