{"id":561,"date":"2021-04-16T22:40:02","date_gmt":"2021-04-16T20:40:02","guid":{"rendered":"https:\/\/www.telenec.cz\/?page_id=561"},"modified":"2021-07-04T21:24:38","modified_gmt":"2021-07-04T19:24:38","slug":"krasny-buk","status":"publish","type":"page","link":"https:\/\/www.telenec.cz\/index.php\/krasny-buk\/","title":{"rendered":"Kr\u00e1sn\u00fd Buk"},"content":{"rendered":"<p class=\"has-vivid-red-color has-text-color\" style=\"font-size:38px\">Kr\u00e1sn\u00fd Buk (Sch\u00f6nb\u00fcchel)- obec a hrad<\/p>\n<div class=\"wp-block-image\">\n<figure class=\"aligncenter size-large\"><a href=\"https:\/\/www.telenec.cz\/wp-content\/uploads\/2021\/05\/mapa-Krasny-Buk.jpg\"><img loading=\"lazy\" decoding=\"async\" width=\"1000\" height=\"684\" src=\"https:\/\/www.telenec.cz\/wp-content\/uploads\/2021\/05\/mapa-Krasny-Buk.jpg\" alt=\"\" class=\"wp-image-1457\" srcset=\"https:\/\/www.telenec.cz\/wp-content\/uploads\/2021\/05\/mapa-Krasny-Buk.jpg 1000w, https:\/\/www.telenec.cz\/wp-content\/uploads\/2021\/05\/mapa-Krasny-Buk-300x205.jpg 300w, https:\/\/www.telenec.cz\/wp-content\/uploads\/2021\/05\/mapa-Krasny-Buk-768x525.jpg 768w\" sizes=\"(max-width: 706px) 89vw, (max-width: 767px) 82vw, 740px\" \/><\/a><\/figure>\n<\/div>\n<p>Obec <strong>Kr\u00e1sn\u00fd Buk<\/strong>\u00a0(\u010desk\u00e1 verze jm\u00e9na vznikla a\u017e po 2. sv\u011btov\u00e9 v\u00e1lce) le\u017e\u00ed v\u00a0\u00fadol\u00ed K\u0159\u00ednice  severoz\u00e1padn\u011b od\u00a0centra\u00a0<a href=\"https:\/\/www.telenec.cz\/index.php\/krasna-lipa\/\" data-type=\"URL\" data-id=\"https:\/\/www.telenec.cz\/index.php\/krasna-lipa\/\" target=\"_blank\" rel=\"noreferrer noopener\">Kr\u00e1sn\u00e9 L\u00edpy<\/a> a\u00a0dnes je jej\u00ed sou\u010d\u00e1st\u00ed. Doba zalo\u017een\u00ed vsi  je nezn\u00e1m\u00e1. <\/p>\n<p>Kdy\u017e se mezi lety 1265 a&nbsp;1280 d\u011blilo rozs\u00e1hl\u00e9 <a rel=\"noreferrer noopener\" href=\"https:\/\/cs.wikipedia.org\/wiki\/Ronovci\" data-type=\"URL\" data-id=\"https:\/\/cs.wikipedia.org\/wiki\/Ronovci\" target=\"_blank\">panstv\u00ed Ronovc\u016f<\/a>  mezi syny, dostalo se okol\u00ed&nbsp;Kr\u00e1sn\u00e9 L\u00edpy&nbsp;na&nbsp;hranici majetku p\u00e1n\u016f z&nbsp;Lip\u00e9.  To bylo z\u0159ejm\u011b  d\u016fvodem ke&nbsp;stavb\u011b <strong>hradu<\/strong>&nbsp;Kr\u00e1sn\u00e9ho Buku. Jeho nejstar\u0161\u00edm zn\u00e1m\u00fdm majitelem byl <a rel=\"noreferrer noopener\" href=\"https:\/\/cs.wikipedia.org\/wiki\/Jind%C5%99ich_z_Lip%C3%A9\" data-type=\"URL\" data-id=\"https:\/\/cs.wikipedia.org\/wiki\/Jind%C5%99ich_z_Lip%C3%A9\" target=\"_blank\">Jind\u0159ich z&nbsp;Lip\u00e9<\/a>, kter\u00fd v&nbsp;roce 1319 vym\u011bnil sv\u016fj severo\u010desk\u00fd majetek s&nbsp;kr\u00e1lem za&nbsp;jin\u00e9 statky na&nbsp;Morav\u011b. O&nbsp;dvacet&nbsp;let pozd\u011bji byl ale hrad dobyt a&nbsp;zni\u010den \u017ditavsk\u00fdmi.<\/p>\n<p>Vesnice Kr\u00e1sn\u00fd Buk mohla vzniknout spole\u010dn\u011b s&nbsp;hradem kolem roku 1275, ale mohla b\u00fdt zalo\u017eena i&nbsp;pozd\u011bji, proto\u017ee prvn\u00ed p\u00edsemn\u00e1 zm\u00ednka o&nbsp;n\u00ed poch\u00e1z\u00ed a\u017e z&nbsp;roku 1485.  Od&nbsp;roku 1481 pat\u0159ilo tol\u0161tejnsk\u00e9 panstv\u00ed <a rel=\"noreferrer noopener\" href=\"https:\/\/cs.wikipedia.org\/wiki\/%C5%A0lejnicov%C3%A9\" data-type=\"URL\" data-id=\"https:\/\/cs.wikipedia.org\/wiki\/%C5%A0lejnicov%C3%A9\" target=\"_blank\">\u0160lejnic\u016fm<\/a>, kte\u0159\u00ed podporovali rozvoj obchodu a&nbsp;\u0159emesel. Roku 1573 se stalo okol\u00ed&nbsp;Kr\u00e1sn\u00e9 L\u00edpy&nbsp;s&nbsp;Kr\u00e1sn\u00fdm Bukem  sou\u010d\u00e1st\u00ed kamenick\u00e9ho panstv\u00ed, kter\u00e9 v&nbsp;roce 1614 koupil <a rel=\"noreferrer noopener\" href=\"https:\/\/cs.wikipedia.org\/wiki\/Radslav_star%C5%A1%C3%AD_Kinsk%C3%BD_z_Vchynic_a_Tetova\" data-type=\"URL\" data-id=\"https:\/\/cs.wikipedia.org\/wiki\/Radslav_star%C5%A1%C3%AD_Kinsk%C3%BD_z_Vchynic_a_Tetova\" target=\"_blank\">Radslav star\u0161\u00ed ze&nbsp;Vchynic a&nbsp;Tetova<\/a>. <a rel=\"noreferrer noopener\" href=\"https:\/\/cs.wikipedia.org\/wiki\/Kin%C5%A1t%C3%AD\" data-type=\"URL\" data-id=\"https:\/\/cs.wikipedia.org\/wiki\/Kin%C5%A1t%C3%AD\" target=\"_blank\">Rodu Kinsk\u00fdch<\/a> pat\u0159ilo potom panstv\u00ed  a\u017e do&nbsp;zru\u0161en\u00ed vrchnostensk\u00e9 spr\u00e1vy v&nbsp;roce 1848.<\/p>\n<p>V&nbsp;osad\u011b se dochovala \u0159ada zaj\u00edmav\u00fdch dom\u016f z&nbsp;18. a&nbsp;19.&nbsp;stolet\u00ed. Ve&nbsp;2.&nbsp;polovin\u011b 19.&nbsp;stolet\u00ed se zde za\u010dala rozv\u00edjet pr\u016fmyslov\u00e1 v\u00fdroba. Nejzn\u00e1m\u011bj\u0161\u00ed tov\u00e1rnou v&nbsp;obci byla plet\u00e1rna bavln\u011bn\u00e9ho pr\u00e1dla, jej\u00edm\u017e majitelem byl <a href=\"https:\/\/www.telenec.cz\/index.php\/pametihodnosti-lipy\/\" data-type=\"URL\" data-id=\"https:\/\/www.telenec.cz\/index.php\/pametihodnosti-lipy\/\" target=\"_blank\" rel=\"noreferrer noopener\">Gustav Adolf J\u00e4ger<\/a>.&nbsp;<\/p>\n<p>U&nbsp;silnice do&nbsp;Kyjova&nbsp;stoj\u00ed patrov\u00fd rouben\u00fd d\u016fm s&nbsp;mansardovou st\u0159echou, na&nbsp;jeho\u017e vstupn\u00edm port\u00e1lu je vytesan\u00fd letopo\u010det 1770. V&nbsp;tomto dom\u011b bylo jedno z&nbsp;nejv\u011bt\u0161\u00edch zdej\u0161\u00edch b\u011blidel a&nbsp;po&nbsp;rekonstrukci v&nbsp;n\u011bm vznikl penzion Na&nbsp;B\u011blidle.<\/p>\n<div class=\"wp-block-image\">\n<figure class=\"aligncenter size-large is-resized\"><a href=\"https:\/\/www.telenec.cz\/wp-content\/uploads\/2021\/05\/na-belidle.jpg\"><img loading=\"lazy\" decoding=\"async\" src=\"https:\/\/www.telenec.cz\/wp-content\/uploads\/2021\/05\/na-belidle.jpg\" alt=\"\" class=\"wp-image-1334\" width=\"500\" height=\"375\" srcset=\"https:\/\/www.telenec.cz\/wp-content\/uploads\/2021\/05\/na-belidle.jpg 1000w, https:\/\/www.telenec.cz\/wp-content\/uploads\/2021\/05\/na-belidle-300x225.jpg 300w, https:\/\/www.telenec.cz\/wp-content\/uploads\/2021\/05\/na-belidle-768x576.jpg 768w\" sizes=\"(max-width: 500px) 100vw, 500px\" \/><\/a><figcaption>Penzion Na B\u011blidle<\/figcaption><\/figure>\n<\/div>\n<p>Zaj\u00edmav\u00e1 je tak\u00e9 cihlov\u00e1 vila, kterou si nechal postavit majitel zdej\u0161\u00ed pily Alfred Hieke. Podle lidov\u00e9 tradice byl d\u016fm postaven pro firemn\u00ed kancel\u00e1\u0159e, ale man\u017eelce majitele se tak zal\u00edbil, \u017ee si jej ponechali k&nbsp;bydlen\u00ed.<\/p>\n<div class=\"wp-block-image\">\n<figure class=\"aligncenter size-large is-resized\"><a href=\"https:\/\/www.telenec.cz\/wp-content\/uploads\/2021\/05\/heikova-vila.jpg\"><img loading=\"lazy\" decoding=\"async\" src=\"https:\/\/www.telenec.cz\/wp-content\/uploads\/2021\/05\/heikova-vila.jpg\" alt=\"\" class=\"wp-image-1336\" width=\"366\" height=\"500\" srcset=\"https:\/\/www.telenec.cz\/wp-content\/uploads\/2021\/05\/heikova-vila.jpg 731w, https:\/\/www.telenec.cz\/wp-content\/uploads\/2021\/05\/heikova-vila-219x300.jpg 219w\" sizes=\"(max-width: 366px) 100vw, 366px\" \/><\/a><figcaption><em>&nbsp;vila Alfreda Hiekeho<\/em><\/figcaption><\/figure>\n<\/div>\n<p>Hrad&nbsp;<strong>Kr\u00e1sn\u00fd Buk<\/strong>&nbsp;st\u00e1val asi 0,5&nbsp;km z\u00e1padn\u011b od&nbsp;stejnojmenn\u00e9 osady. Jeho spor\u00e9 zbytky se dochovaly na&nbsp;nev\u00fdrazn\u00e9m zalesn\u011bn\u00e9m n\u00e1vr\u0161\u00ed, kter\u00e9 vyb\u00edh\u00e1 od&nbsp;osady&nbsp;<a rel=\"noreferrer noopener\" href=\"https:\/\/www.telenec.cz\/index.php\/snezna\/\" data-type=\"URL\" data-id=\"https:\/\/www.telenec.cz\/index.php\/snezna\/\" target=\"_blank\">Sn\u011b\u017en\u00e1<\/a>&nbsp;nad severn\u00ed okraj \u00fadol\u00ed \u0159\u00ed\u010dky K\u0159inice a&nbsp;d\u0159\u00edve se ozna\u010dovalo jako&nbsp;<strong>Z\u00e1meck\u00fd vrch<\/strong>.<\/p>\n<p>O&nbsp;zalo\u017een\u00ed hradu se nezachovaly \u017e\u00e1dn\u00e9 zpr\u00e1vy. Pravd\u011bpodobn\u011b vznikl ve&nbsp;druh\u00e9 polovin\u011b 13.&nbsp;stolet\u00ed. Jeho zakladatelem mohl b\u00fdt n\u011bkter\u00fd \u010dlen <a href=\"https:\/\/cs.wikipedia.org\/wiki\/Markvartici\" data-type=\"URL\" data-id=\"https:\/\/cs.wikipedia.org\/wiki\/Markvartici\" target=\"_blank\" rel=\"noreferrer noopener\">rodu Markvartic\u016f<\/a>, kte\u0159\u00ed kraj po&nbsp;roce 1263 nejsp\u00ed\u0161e ovl\u00e1dali. Nejstar\u0161\u00ed p\u00edsemn\u00e1 zpr\u00e1va o&nbsp;hradu poch\u00e1z\u00ed  a\u017e z&nbsp;roku 1319, kdy Jind\u0159ich z Lip\u00e9 vym\u011bnil sv\u00e9 severo\u010desk\u00e9 statky s&nbsp;Janem Lucembursk\u00fdm za&nbsp;majetek na&nbsp;Morav\u011b, kam odch\u00e1zel za&nbsp;svou milenkou, kr\u00e1lovskou vdovou Eli\u0161kou Rej\u010dkou.<\/p>\n<p>Kr\u00e1sn\u00fd Buk se brzy pot\u00e9 stal majetkem <a rel=\"noreferrer noopener\" href=\"https:\/\/cs.wikipedia.org\/wiki\/Vartenberkov%C3%A9\" data-type=\"URL\" data-id=\"https:\/\/cs.wikipedia.org\/wiki\/Vartenberkov%C3%A9\" target=\"_blank\">Vartenberk\u016f<\/a>, kte\u0159\u00ed podnikali loupe\u017en\u00e9 n\u00e1jezdy do&nbsp;Lu\u017eice. Lu\u017ei\u010dan\u00e9 proto ji\u017e v&nbsp;roce 1337 dobyli&nbsp;<a rel=\"noreferrer noopener\" href=\"https:\/\/cs.wikipedia.org\/wiki\/Tol%C5%A1tejn\" data-type=\"URL\" data-id=\"https:\/\/cs.wikipedia.org\/wiki\/Tol%C5%A1tejn\" target=\"_blank\">Tol\u0161tejn<\/a>. Kdy\u017e n\u00e1jezdy neust\u00e1valy, uspo\u0159\u00e1dali odvetnou v\u00fdpravu proti Kr\u00e1sn\u00e9mu Buku, kter\u00fd 15.&nbsp;\u0159\u00edjna 1339 dobyli a&nbsp;zni\u010dili. Nov\u00ed majitel\u00e9 p\u0159enesli centrum panstv\u00ed na&nbsp;opraven\u00fd hrad Tol\u0161tejn a Kr\u00e1sn\u00fd Buk z\u016fstal v&nbsp;trosk\u00e1ch a&nbsp;nebyl ji\u017e nikdy obnoven.<\/p>\n<p>Dispozice hradu byla dvojd\u00edln\u00e1. Samotn\u00e9 hradn\u00ed j\u00e1dro, um\u00edst\u011bn\u00e9 na skaln\u00edm pahorku, je relativn\u011b mal\u00e9. Svahy ostro\u017eny nebyly p\u0159i hlouben\u00ed p\u0159\u00edkop\u016f odt\u011b\u017eeny, proto vznikl na vn\u011bj\u0161\u00edm obvodu p\u0159\u00edkopu p\u0159irozen\u00fd ter\u00e9nn\u00ed val. Podle star\u0161\u00edch popis\u016f bylo opevn\u011bn\u00ed hradu a p\u0159edhrad\u00ed pom\u011brn\u011b rozs\u00e1hl\u00e9, v minulosti zde m\u011bly b\u00fdt patrn\u00e9 je\u0161t\u011b dal\u0161\u00ed dv\u011b obrann\u00e9 linie tvo\u0159en\u00e9 valy a p\u0159\u00edkopy. <\/p>\n<p>Za n\u011bkolika p\u0159\u00edkopy bylo p\u0159edhrad\u00ed, kter\u00e9 zaji\u0161\u0165ovalo provozn\u00ed a hospod\u00e1\u0159sk\u00e9 funkce hradu. Sahalo a\u017e k posledn\u00edmu p\u0159\u00edkopu, kter\u00fd dodnes jako jedin\u00fd kruhovit\u011b ob\u00edh\u00e1 cel\u00e9 hradn\u00ed n\u00e1vr\u0161\u00ed. Na n\u011bm jsou k vid\u011bn\u00ed jen zbytky tzv. bergfritu \u2013 neobytn\u00e9 obrann\u00e9 v\u011b\u017ee (vnit\u0159n\u00ed pr\u016fm\u011br necel\u00e9 dva metry, z\u00e1klady nov\u011b p\u0159ehrazeny m\u0159\u00ed\u017e\u00ed), do kter\u00e9 se vstupovalo ve vy\u0161\u0161\u00edch patrech. Za n\u00ed se nach\u00e1zel d\u0159ev\u011bn\u00fd pal\u00e1c neur\u010diteln\u00e9 velikosti, kolem ob\u00edhala kamenn\u00e1 hradba a p\u0159\u00edstup vedl z\u0159ejm\u011b p\u0159es padac\u00ed most.<\/p>\n<figure class=\"wp-block-gallery columns-3 is-cropped wp-block-gallery-1 is-layout-flex wp-block-gallery-is-layout-flex\">\n<ul class=\"blocks-gallery-grid\">\n<li class=\"blocks-gallery-item\">\n<figure><a href=\"https:\/\/www.telenec.cz\/wp-content\/uploads\/2021\/05\/Krasny-buk_01.jpg\"><img loading=\"lazy\" decoding=\"async\" width=\"1000\" height=\"750\" src=\"https:\/\/www.telenec.cz\/wp-content\/uploads\/2021\/05\/Krasny-buk_01.jpg\" alt=\"\" data-id=\"1322\" data-link=\"https:\/\/www.telenec.cz\/index.php\/krasny-buk\/krasny-buk_01\/\" class=\"wp-image-1322\" srcset=\"https:\/\/www.telenec.cz\/wp-content\/uploads\/2021\/05\/Krasny-buk_01.jpg 1000w, https:\/\/www.telenec.cz\/wp-content\/uploads\/2021\/05\/Krasny-buk_01-300x225.jpg 300w, https:\/\/www.telenec.cz\/wp-content\/uploads\/2021\/05\/Krasny-buk_01-768x576.jpg 768w\" sizes=\"(max-width: 706px) 89vw, (max-width: 767px) 82vw, 740px\" \/><\/a><\/figure>\n<\/li>\n<li class=\"blocks-gallery-item\">\n<figure><a href=\"https:\/\/www.telenec.cz\/wp-content\/uploads\/2021\/05\/Krasny-buk_02.jpg\"><img loading=\"lazy\" decoding=\"async\" width=\"1000\" height=\"750\" src=\"https:\/\/www.telenec.cz\/wp-content\/uploads\/2021\/05\/Krasny-buk_02.jpg\" alt=\"\" data-id=\"1323\" data-link=\"https:\/\/www.telenec.cz\/index.php\/krasny-buk\/krasny-buk_02\/\" class=\"wp-image-1323\" srcset=\"https:\/\/www.telenec.cz\/wp-content\/uploads\/2021\/05\/Krasny-buk_02.jpg 1000w, https:\/\/www.telenec.cz\/wp-content\/uploads\/2021\/05\/Krasny-buk_02-300x225.jpg 300w, https:\/\/www.telenec.cz\/wp-content\/uploads\/2021\/05\/Krasny-buk_02-768x576.jpg 768w\" sizes=\"(max-width: 706px) 89vw, (max-width: 767px) 82vw, 740px\" \/><\/a><\/figure>\n<\/li>\n<li class=\"blocks-gallery-item\">\n<figure><a href=\"https:\/\/www.telenec.cz\/wp-content\/uploads\/2021\/05\/Krasny-buk_04.jpg\"><img loading=\"lazy\" decoding=\"async\" width=\"1000\" height=\"750\" src=\"https:\/\/www.telenec.cz\/wp-content\/uploads\/2021\/05\/Krasny-buk_04.jpg\" alt=\"\" data-id=\"1324\" data-link=\"https:\/\/www.telenec.cz\/index.php\/krasny-buk\/krasny-buk_04\/\" class=\"wp-image-1324\" srcset=\"https:\/\/www.telenec.cz\/wp-content\/uploads\/2021\/05\/Krasny-buk_04.jpg 1000w, https:\/\/www.telenec.cz\/wp-content\/uploads\/2021\/05\/Krasny-buk_04-300x225.jpg 300w, https:\/\/www.telenec.cz\/wp-content\/uploads\/2021\/05\/Krasny-buk_04-768x576.jpg 768w\" sizes=\"(max-width: 706px) 89vw, (max-width: 767px) 82vw, 740px\" \/><\/a><\/figure>\n<\/li>\n<li class=\"blocks-gallery-item\">\n<figure><a href=\"https:\/\/www.telenec.cz\/wp-content\/uploads\/2021\/05\/Krasny-buk_05-1.jpg\"><img loading=\"lazy\" decoding=\"async\" width=\"1000\" height=\"750\" src=\"https:\/\/www.telenec.cz\/wp-content\/uploads\/2021\/05\/Krasny-buk_05-1.jpg\" alt=\"\" data-id=\"1326\" data-full-url=\"https:\/\/www.telenec.cz\/wp-content\/uploads\/2021\/05\/Krasny-buk_05-1.jpg\" data-link=\"https:\/\/www.telenec.cz\/index.php\/krasny-buk\/krasny-buk_05-1\/\" class=\"wp-image-1326\" srcset=\"https:\/\/www.telenec.cz\/wp-content\/uploads\/2021\/05\/Krasny-buk_05-1.jpg 1000w, https:\/\/www.telenec.cz\/wp-content\/uploads\/2021\/05\/Krasny-buk_05-1-300x225.jpg 300w, https:\/\/www.telenec.cz\/wp-content\/uploads\/2021\/05\/Krasny-buk_05-1-768x576.jpg 768w\" sizes=\"(max-width: 706px) 89vw, (max-width: 767px) 82vw, 740px\" \/><\/a><\/figure>\n<\/li>\n<\/ul><figcaption class=\"blocks-gallery-caption\">Poz\u016fstatky hradu Kr\u00e1sn\u00fd Buk (Sch\u00f6nbuch)<\/figcaption><\/figure>\n<p> Ze&nbsp;samotn\u00e9ho hradu ji\u017e mnoho nez\u016fstalo. Na&nbsp;vrcholku se dochovaly jen zbytky hlavn\u00ed v\u00e1lcov\u00e9 v\u011b\u017ee, vedle n\u00ed\u017e z\u0159ejm\u011b st\u00e1val d\u0159ev\u011bn\u00fd hradn\u00ed pal\u00e1c.<\/p>\n<pre class=\"wp-block-preformatted\">[1] <em><a rel=\"noreferrer noopener\" href=\"http:\/\/www.luzicke-hory.cz\/mista\/index.php?pg=zmkrbu\" data-type=\"URL\" data-id=\"http:\/\/www.luzicke-hory.cz\/mista\/index.php?pg=zmkrbu\" target=\"_blank\">Kr\u00e1sn\u00fd Buk Lu\u017eick\u00e9 hory<\/a> - web <\/em>\n[2] <em>Klos R.: P\u0159ehled d\u011bjin m\u011bsta Kr\u00e1sn\u00e9 L\u00edpy s okol\u00edm do konce t\u0159icetilet\u00e9 v\u00e1lky. Kr\u00e1sn\u00e1 L\u00edpa 1997<\/em><\/pre>\n","protected":false},"excerpt":{"rendered":"<p>Kr\u00e1sn\u00fd Buk (Sch\u00f6nb\u00fcchel)- obec a hrad Obec Kr\u00e1sn\u00fd Buk\u00a0(\u010desk\u00e1 verze jm\u00e9na vznikla a\u017e po 2. sv\u011btov\u00e9 v\u00e1lce) le\u017e\u00ed v\u00a0\u00fadol\u00ed K\u0159\u00ednice severoz\u00e1padn\u011b od\u00a0centra\u00a0Kr\u00e1sn\u00e9 L\u00edpy a\u00a0dnes je jej\u00ed sou\u010d\u00e1st\u00ed. Doba zalo\u017een\u00ed vsi je nezn\u00e1m\u00e1. Kdy\u017e se mezi lety 1265 a&nbsp;1280 d\u011blilo rozs\u00e1hl\u00e9 panstv\u00ed Ronovc\u016f mezi syny, dostalo se okol\u00ed&nbsp;Kr\u00e1sn\u00e9 L\u00edpy&nbsp;na&nbsp;hranici majetku p\u00e1n\u016f z&nbsp;Lip\u00e9. To bylo z\u0159ejm\u011b d\u016fvodem &hellip; <\/p>\n<p class=\"link-more\"><a href=\"https:\/\/www.telenec.cz\/index.php\/krasny-buk\/\" class=\"more-link\">Pokra\u010dovat ve \u010dten\u00ed<span class=\"screen-reader-text\"> &#8222;Kr\u00e1sn\u00fd Buk&#8220;<\/span><\/a><\/p>\n","protected":false},"author":1,"featured_media":0,"parent":0,"menu_order":0,"comment_status":"closed","ping_status":"closed","template":"","meta":{"footnotes":"","_wp_rev_ctl_limit":"3"},"class_list":["post-561","page","type-page","status-publish","hentry"],"_links":{"self":[{"href":"https:\/\/www.telenec.cz\/index.php\/wp-json\/wp\/v2\/pages\/561"}],"collection":[{"href":"https:\/\/www.telenec.cz\/index.php\/wp-json\/wp\/v2\/pages"}],"about":[{"href":"https:\/\/www.telenec.cz\/index.php\/wp-json\/wp\/v2\/types\/page"}],"author":[{"embeddable":true,"href":"https:\/\/www.telenec.cz\/index.php\/wp-json\/wp\/v2\/users\/1"}],"replies":[{"embeddable":true,"href":"https:\/\/www.telenec.cz\/index.php\/wp-json\/wp\/v2\/comments?post=561"}],"version-history":[{"count":3,"href":"https:\/\/www.telenec.cz\/index.php\/wp-json\/wp\/v2\/pages\/561\/revisions"}],"predecessor-version":[{"id":2045,"href":"https:\/\/www.telenec.cz\/index.php\/wp-json\/wp\/v2\/pages\/561\/revisions\/2045"}],"wp:attachment":[{"href":"https:\/\/www.telenec.cz\/index.php\/wp-json\/wp\/v2\/media?parent=561"}],"curies":[{"name":"wp","href":"https:\/\/api.w.org\/{rel}","templated":true}]}}