{"id":537,"date":"2021-04-16T22:25:46","date_gmt":"2021-04-16T20:25:46","guid":{"rendered":"https:\/\/www.telenec.cz\/?page_id=537"},"modified":"2021-06-20T22:44:12","modified_gmt":"2021-06-20T20:44:12","slug":"brtnicke-udoli","status":"publish","type":"page","link":"https:\/\/www.telenec.cz\/index.php\/brtnicke-udoli\/","title":{"rendered":"Brtnick\u00e9 \u00fadol\u00ed"},"content":{"rendered":"<p class=\"has-vivid-red-color has-text-color\" style=\"font-size:38px\">Do brtnick\u00e9ho \u00fadol\u00ed kolem hospody u Oty<\/p>\n<div class=\"wp-block-image\">\n<figure class=\"aligncenter size-large\"><a href=\"https:\/\/www.telenec.cz\/wp-content\/uploads\/2021\/05\/mapa-Brtnicke-udoli-1.jpg\"><img loading=\"lazy\" decoding=\"async\" width=\"1000\" height=\"709\" src=\"https:\/\/www.telenec.cz\/wp-content\/uploads\/2021\/05\/mapa-Brtnicke-udoli-1.jpg\" alt=\"\" class=\"wp-image-1434\" srcset=\"https:\/\/www.telenec.cz\/wp-content\/uploads\/2021\/05\/mapa-Brtnicke-udoli-1.jpg 1000w, https:\/\/www.telenec.cz\/wp-content\/uploads\/2021\/05\/mapa-Brtnicke-udoli-1-300x213.jpg 300w, https:\/\/www.telenec.cz\/wp-content\/uploads\/2021\/05\/mapa-Brtnicke-udoli-1-768x545.jpg 768w\" sizes=\"(max-width: 706px) 89vw, (max-width: 767px) 82vw, 740px\" \/><\/a><\/figure>\n<\/div>\n<p>Do Brtnick\u00e9ho \u00fadol\u00ed se vyd\u00e1te z osady Kopec (sou\u010d\u00e1st Brtn\u00edk\u016f). Cestu zah\u00e1j\u00edme u hospody &#8222;U Oty&#8220;.  Je  obl\u00edbenou zast\u00e1vkou mnoh\u00fdch cykloturist\u016f i p\u011b\u0161\u00edch turist\u016f. N\u011bkolik metr\u016f za hospodou za\u010d\u00edn\u00e1 hust\u00fd les a p\u00edskovcov\u00e9 sk\u00e1ly.<\/p>\n<div class=\"wp-block-image\">\n<figure class=\"aligncenter size-large is-resized\"><a href=\"https:\/\/www.telenec.cz\/wp-content\/uploads\/2021\/05\/hospoda-u-Oty.jpg\"><img loading=\"lazy\" decoding=\"async\" src=\"https:\/\/www.telenec.cz\/wp-content\/uploads\/2021\/05\/hospoda-u-Oty.jpg\" alt=\"\" class=\"wp-image-1408\" width=\"500\" height=\"375\" srcset=\"https:\/\/www.telenec.cz\/wp-content\/uploads\/2021\/05\/hospoda-u-Oty.jpg 1000w, https:\/\/www.telenec.cz\/wp-content\/uploads\/2021\/05\/hospoda-u-Oty-300x225.jpg 300w, https:\/\/www.telenec.cz\/wp-content\/uploads\/2021\/05\/hospoda-u-Oty-768x576.jpg 768w\" sizes=\"(max-width: 500px) 100vw, 500px\" \/><\/a><figcaption>Hospoda U Oty.<\/figcaption><\/figure>\n<\/div>\n<p>Asi 1 km severov\u00fdchodn\u011b od hospody stoj\u00ed uprost\u0159ed lesa tzv. &#8222;Lesn\u00edk\u016fv k\u0159\u00ed\u017e&#8220;. Byl postaven na pam\u00e1tku tragick\u00e9ho \u00famrt\u00ed lesn\u00edka Franze \u0158\u00edhy. <\/p>\n<div class=\"wp-block-image\">\n<figure class=\"aligncenter size-large is-resized\"><a href=\"https:\/\/www.telenec.cz\/wp-content\/uploads\/2021\/05\/Kopec-lesnik-Riha.jpg\"><img loading=\"lazy\" decoding=\"async\" src=\"https:\/\/www.telenec.cz\/wp-content\/uploads\/2021\/05\/Kopec-lesnik-Riha.jpg\" alt=\"\" class=\"wp-image-1409\" width=\"375\" height=\"500\" srcset=\"https:\/\/www.telenec.cz\/wp-content\/uploads\/2021\/05\/Kopec-lesnik-Riha.jpg 750w, https:\/\/www.telenec.cz\/wp-content\/uploads\/2021\/05\/Kopec-lesnik-Riha-225x300.jpg 225w\" sizes=\"(max-width: 375px) 100vw, 375px\" \/><\/a><figcaption>K\u0159\u00ed\u017e na konci osady Kopec<\/figcaption><\/figure>\n<\/div>\n<p>Z\u00e1klad tvo\u0159\u00ed kamenn\u00fd podstavec, na n\u011bm\u017e je p\u0159ipevn\u011bna mramorov\u00e1 deska s n\u011bmeck\u00fdm a &nbsp;\u010desk\u00fdm n\u00e1pisem:<\/p>\n<p class=\"has-text-align-center\"><em>&#8222;Na pam\u011b\u0165 starohrab\u011bc\u00edho<br \/>salmovsk\u00e9ho nadlesn\u00edho,<br \/>kter\u00e9ho zde v 69 letech<br \/>zabil padaj\u00edc\u00ed strom.<br \/>Jeho posledn\u00ed slova byla &#8211;<br \/>Bo\u017ee \u017eehnej m\u00fdm d\u011btem.&#8220;<\/em><\/p>\n<p class=\"has-text-align-center\">&#8222;<em>Franti\u0161ek \u0158\u00edha +1854<\/em>&#8222;<\/p>\n<p>Asi po 300m naraz\u00edte na sloup, v\u011bnovan\u00fd sv. Anton\u00ednu Padu\u00e1nsk\u00e9mu, patronu poutn\u00edk\u016f.<\/p>\n<div class=\"wp-block-image\">\n<figure class=\"aligncenter size-large is-resized\"><a href=\"https:\/\/www.telenec.cz\/wp-content\/uploads\/2021\/05\/P.-Maryska-sv.-Antonin.jpg\"><img loading=\"lazy\" decoding=\"async\" src=\"https:\/\/www.telenec.cz\/wp-content\/uploads\/2021\/05\/P.-Maryska-sv.-Antonin.jpg\" alt=\"\" class=\"wp-image-1436\" width=\"389\" height=\"500\" srcset=\"https:\/\/www.telenec.cz\/wp-content\/uploads\/2021\/05\/P.-Maryska-sv.-Antonin.jpg 777w, https:\/\/www.telenec.cz\/wp-content\/uploads\/2021\/05\/P.-Maryska-sv.-Antonin-233x300.jpg 233w, https:\/\/www.telenec.cz\/wp-content\/uploads\/2021\/05\/P.-Maryska-sv.-Antonin-768x988.jpg 768w\" sizes=\"(max-width: 389px) 100vw, 389px\" \/><\/a><\/figure>\n<\/div>\n<p>V \u00fadol\u00ed Brtnick\u00e9ho potoka je cel\u00e1 \u0159ada zaj\u00edmav\u00fdch skaln\u00edch \u00fatvar\u016f.<\/p>\n<figure class=\"wp-block-gallery aligncenter columns-2 is-cropped wp-block-gallery-1 is-layout-flex wp-block-gallery-is-layout-flex\">\n<ul class=\"blocks-gallery-grid\">\n<li class=\"blocks-gallery-item\">\n<figure><a href=\"https:\/\/www.telenec.cz\/wp-content\/uploads\/2021\/05\/skaly-horni-brticke_1.jpg\"><img loading=\"lazy\" decoding=\"async\" width=\"749\" height=\"1000\" src=\"https:\/\/www.telenec.cz\/wp-content\/uploads\/2021\/05\/skaly-horni-brticke_1.jpg\" alt=\"\" data-id=\"1422\" data-link=\"https:\/\/www.telenec.cz\/index.php\/brtnicke-udoli\/skaly-horni-brticke_1\/\" class=\"wp-image-1422\" srcset=\"https:\/\/www.telenec.cz\/wp-content\/uploads\/2021\/05\/skaly-horni-brticke_1.jpg 749w, https:\/\/www.telenec.cz\/wp-content\/uploads\/2021\/05\/skaly-horni-brticke_1-225x300.jpg 225w\" sizes=\"(max-width: 706px) 89vw, (max-width: 767px) 82vw, 740px\" \/><\/a><\/figure>\n<\/li>\n<li class=\"blocks-gallery-item\">\n<figure><a href=\"https:\/\/www.telenec.cz\/wp-content\/uploads\/2021\/05\/skaly-horni-brticke_2.jpg\"><img loading=\"lazy\" decoding=\"async\" width=\"749\" height=\"1000\" src=\"https:\/\/www.telenec.cz\/wp-content\/uploads\/2021\/05\/skaly-horni-brticke_2.jpg\" alt=\"\" data-id=\"1423\" data-full-url=\"https:\/\/www.telenec.cz\/wp-content\/uploads\/2021\/05\/skaly-horni-brticke_2.jpg\" data-link=\"https:\/\/www.telenec.cz\/index.php\/brtnicke-udoli\/skaly-horni-brticke_2\/\" class=\"wp-image-1423\" srcset=\"https:\/\/www.telenec.cz\/wp-content\/uploads\/2021\/05\/skaly-horni-brticke_2.jpg 749w, https:\/\/www.telenec.cz\/wp-content\/uploads\/2021\/05\/skaly-horni-brticke_2-225x300.jpg 225w\" sizes=\"(max-width: 706px) 89vw, (max-width: 767px) 82vw, 740px\" \/><\/a><\/figure>\n<\/li>\n<\/ul><figcaption class=\"blocks-gallery-caption\">Skaln\u00ed \u00fatvary v Brtnick\u00e9m \u00fadol\u00ed.<\/figcaption><\/figure>\n<p>P\u0159ibli\u017en\u011b v polovin\u011b Brtnick\u00e9ho \u00fadol\u00ed je po jeho lev\u00e9 stran\u011b   St\u00fcrmer\u016fv d\u016fl. Vysoko ve skal\u00e1ch na prav\u00e9 stran\u011b \u00fadol\u00ed je  nevelk\u00fd p\u0159evis s&nbsp;15 vytesan\u00fdmi monogramy z&nbsp;roku&nbsp;1756 a&nbsp;p\u0159itesan\u00fdm \u201ekamenn\u00fdm stolem\u2033. V&nbsp;sousedstv\u00ed p\u0159evisu je \u00fazk\u00fd skaln\u00ed pr\u016flez, umo\u017e\u0148uj\u00edc\u00ed dostat se nepozorovan\u011b na n\u00e1horn\u00ed plo\u0161inu nad skalami (co\u017e samoz\u0159ejm\u011b nemus\u00ed s&nbsp;\u00fakrytem souviset). <\/p>\n<figure class=\"wp-block-gallery columns-2 is-cropped wp-block-gallery-2 is-layout-flex wp-block-gallery-is-layout-flex\">\n<ul class=\"blocks-gallery-grid\">\n<li class=\"blocks-gallery-item\">\n<figure><a href=\"https:\/\/www.telenec.cz\/wp-content\/uploads\/2021\/06\/stul-v-strumru.jpg\"><img loading=\"lazy\" decoding=\"async\" width=\"1000\" height=\"734\" src=\"https:\/\/www.telenec.cz\/wp-content\/uploads\/2021\/06\/stul-v-strumru.jpg\" alt=\"\" data-id=\"1464\" data-full-url=\"https:\/\/www.telenec.cz\/wp-content\/uploads\/2021\/06\/stul-v-strumru.jpg\" data-link=\"https:\/\/www.telenec.cz\/index.php\/brtnicke-udoli\/stul-v-strumru\/\" class=\"wp-image-1464\" srcset=\"https:\/\/www.telenec.cz\/wp-content\/uploads\/2021\/06\/stul-v-strumru.jpg 1000w, https:\/\/www.telenec.cz\/wp-content\/uploads\/2021\/06\/stul-v-strumru-300x220.jpg 300w, https:\/\/www.telenec.cz\/wp-content\/uploads\/2021\/06\/stul-v-strumru-768x564.jpg 768w\" sizes=\"(max-width: 706px) 89vw, (max-width: 767px) 82vw, 740px\" \/><\/a><\/figure>\n<\/li>\n<li class=\"blocks-gallery-item\">\n<figure><a href=\"https:\/\/www.telenec.cz\/wp-content\/uploads\/2021\/05\/sturmer_02.jpg\"><img loading=\"lazy\" decoding=\"async\" width=\"1000\" height=\"725\" src=\"https:\/\/www.telenec.cz\/wp-content\/uploads\/2021\/05\/sturmer_02.jpg\" alt=\"\" data-id=\"1411\" data-link=\"https:\/\/www.telenec.cz\/index.php\/brtnicke-udoli\/sturmer_02\/\" class=\"wp-image-1411\" srcset=\"https:\/\/www.telenec.cz\/wp-content\/uploads\/2021\/05\/sturmer_02.jpg 1000w, https:\/\/www.telenec.cz\/wp-content\/uploads\/2021\/05\/sturmer_02-300x218.jpg 300w, https:\/\/www.telenec.cz\/wp-content\/uploads\/2021\/05\/sturmer_02-768x557.jpg 768w\" sizes=\"(max-width: 706px) 89vw, (max-width: 767px) 82vw, 740px\" \/><\/a><\/figure>\n<\/li>\n<\/ul><figcaption class=\"blocks-gallery-caption\">St\u00fcrmer\u016fv d\u016fl<\/figcaption><\/figure>\n<p>P\u016fvod n\u00e1pisu dosud nebyl jednozna\u010dn\u011b objasn\u011bn. Nej\u010dast\u011bji  je uv\u00e1d\u011bn\u00e1 \u00favaha, \u017ee se jednalo o \u00fakryt obyvatel Kopce v&nbsp;dob\u011b v\u00e1lek.  Nabour\u00e1v\u00e1 to ale fakt, \u017ee v&nbsp;roce 1756, na sam\u00e9m za\u010d\u00e1tku sedmilet\u00e9 v\u00e1lky, se v&nbsp;tomto kraji pravd\u011bpodobn\u011b je\u0161t\u011b nev\u00e1l\u010dilo.  Nav\u00edc nevysv\u011btluje, pro\u010d dvan\u00e1ct monogram\u016f za\u010d\u00edn\u00e1 p\u00edsmenem <strong>I<\/strong>. Proto se t\u00e9\u017e mluv\u00ed o \u00fakrytu vojensk\u00fdch zb\u011bh\u016f. <strong>I<\/strong> by v&nbsp;tom p\u0159\u00edpad\u011b mohla b\u00fdt vojensk\u00e1 hodnot. Pro\u010d by ale uv\u00e1d\u011bli  zb\u011bhov\u00e9 svoji vojenskou hodnost? <\/p>\n<p>Se zaj\u00edmavou teori\u00ed p\u0159i\u0161el roku 1974 Franti\u0161ek N\u011bme\u010dek. Objevil starou pruskou vojenskou mapu, kter\u00e1 je v&nbsp;oblasti na prav\u00e9m b\u0159ehu&nbsp;K\u0159inice&nbsp;velmi p\u0159esn\u00e1.  D\u00e1le se p\u0159esnost mapy v\u00fdrazn\u011b sni\u017euje. Na z\u00e1klad\u011b toho usoudil, \u017ee se zde mohli ukr\u00fdvat (nejsp\u00ed\u0161e s&nbsp;podporou n\u011bkoho z&nbsp;Kopce) pru\u0161t\u00ed \u0161pioni \u2013 vojen\u0161t\u00ed kartografov\u00e9. <strong>I<\/strong> by pak mohlo znamenat&nbsp;Infanterist&nbsp;(p\u0159\u00edslu\u0161n\u00edk p\u011bchoty).<\/p>\n<p>Asi 1,5 km od osady Kopec je obraz p\u0159ipom\u00ednaj\u00edc\u00ed ne\u0161\u0165astnou ud\u00e1lost z&nbsp;roku 1812.<\/p>\n<figure class=\"wp-block-gallery aligncenter columns-2 is-cropped wp-block-gallery-3 is-layout-flex wp-block-gallery-is-layout-flex\">\n<ul class=\"blocks-gallery-grid\">\n<li class=\"blocks-gallery-item\">\n<figure><a href=\"https:\/\/www.telenec.cz\/wp-content\/uploads\/2021\/05\/misto-pametniho-obrazu.jpg\"><img loading=\"lazy\" decoding=\"async\" width=\"1000\" height=\"749\" src=\"https:\/\/www.telenec.cz\/wp-content\/uploads\/2021\/05\/misto-pametniho-obrazu.jpg\" alt=\"\" data-id=\"1426\" data-link=\"https:\/\/www.telenec.cz\/index.php\/brtnicke-udoli\/misto-pametniho-obrazu\/\" class=\"wp-image-1426\" srcset=\"https:\/\/www.telenec.cz\/wp-content\/uploads\/2021\/05\/misto-pametniho-obrazu.jpg 1000w, https:\/\/www.telenec.cz\/wp-content\/uploads\/2021\/05\/misto-pametniho-obrazu-300x225.jpg 300w, https:\/\/www.telenec.cz\/wp-content\/uploads\/2021\/05\/misto-pametniho-obrazu-768x575.jpg 768w\" sizes=\"(max-width: 706px) 89vw, (max-width: 767px) 82vw, 740px\" \/><\/a><\/figure>\n<\/li>\n<li class=\"blocks-gallery-item\">\n<figure><a href=\"https:\/\/www.telenec.cz\/wp-content\/uploads\/2021\/05\/mariana_01.jpg\"><img loading=\"lazy\" decoding=\"async\" width=\"849\" height=\"1000\" src=\"https:\/\/www.telenec.cz\/wp-content\/uploads\/2021\/05\/mariana_01.jpg\" alt=\"\" data-id=\"1428\" data-full-url=\"https:\/\/www.telenec.cz\/wp-content\/uploads\/2021\/05\/mariana_01.jpg\" data-link=\"https:\/\/www.telenec.cz\/index.php\/brtnicke-udoli\/mariana_01\/\" class=\"wp-image-1428\" srcset=\"https:\/\/www.telenec.cz\/wp-content\/uploads\/2021\/05\/mariana_01.jpg 849w, https:\/\/www.telenec.cz\/wp-content\/uploads\/2021\/05\/mariana_01-255x300.jpg 255w, https:\/\/www.telenec.cz\/wp-content\/uploads\/2021\/05\/mariana_01-768x905.jpg 768w\" sizes=\"(max-width: 706px) 89vw, (max-width: 767px) 82vw, 740px\" \/><\/a><\/figure>\n<\/li>\n<\/ul><figcaption class=\"blocks-gallery-caption\">P\u0159ipom\u00ednka \u00famrt\u00ed Marie-Anny Zimmerrov\u00e9<\/figcaption><\/figure>\n<p>Tento novodob\u00fd obraz namaloval v&nbsp;roce 2008 Ivo \u0160vejnoha z&nbsp;Kytlic.  Nahrazuje star\u0161\u00ed plechov\u00fd obraz . V t\u011bchto m\u00edstech tragicky zem\u0159ela 18let\u00e1 Marie-Anna Zimmerov\u00e1 z&nbsp;osady Kopce. Povoz s&nbsp;f\u016frou sena, na n\u011bm\u017e sed\u011bla, se p\u0159evr\u00e1til do potoka a d\u00edvka pod n\u00edm zahynula.<\/p>\n<p>Pokra\u010dov\u00e1n\u00edm pod\u00e9l Brtnick\u00e9ho potoka se napoj\u00edme na &#8222;\u010ceskou silnici&#8220;, po kter\u00e9 se dostaneme do zanikl\u00e9 obce Zadn\u00ed Doubice. <\/p>\n<pre class=\"wp-block-preformatted\">[1] <em><a href=\"https:\/\/www.telenec.cz\/wp-content\/uploads\/2021\/06\/zpravodaj_1501.pdf\" data-type=\"URL\" data-id=\"https:\/\/www.telenec.cz\/wp-content\/uploads\/2021\/06\/zpravodaj_1501.pdf\" target=\"_blank\" rel=\"noreferrer noopener\">Belisov\u00e1 N.: Lou\u010dky u K\u0159inice<\/a> str. 12-20 \u2013 publikace<\/em><\/pre>\n","protected":false},"excerpt":{"rendered":"<p>Do brtnick\u00e9ho \u00fadol\u00ed kolem hospody u Oty Do Brtnick\u00e9ho \u00fadol\u00ed se vyd\u00e1te z osady Kopec (sou\u010d\u00e1st Brtn\u00edk\u016f). Cestu zah\u00e1j\u00edme u hospody &#8222;U Oty&#8220;. Je obl\u00edbenou zast\u00e1vkou mnoh\u00fdch cykloturist\u016f i p\u011b\u0161\u00edch turist\u016f. N\u011bkolik metr\u016f za hospodou za\u010d\u00edn\u00e1 hust\u00fd les a p\u00edskovcov\u00e9 sk\u00e1ly. Asi 1 km severov\u00fdchodn\u011b od hospody stoj\u00ed uprost\u0159ed lesa tzv. &#8222;Lesn\u00edk\u016fv k\u0159\u00ed\u017e&#8220;. Byl postaven &hellip; <\/p>\n<p class=\"link-more\"><a href=\"https:\/\/www.telenec.cz\/index.php\/brtnicke-udoli\/\" class=\"more-link\">Pokra\u010dovat ve \u010dten\u00ed<span class=\"screen-reader-text\"> &#8222;Brtnick\u00e9 \u00fadol\u00ed&#8220;<\/span><\/a><\/p>\n","protected":false},"author":1,"featured_media":0,"parent":0,"menu_order":0,"comment_status":"closed","ping_status":"closed","template":"","meta":{"footnotes":"","_wp_rev_ctl_limit":"3"},"class_list":["post-537","page","type-page","status-publish","hentry"],"_links":{"self":[{"href":"https:\/\/www.telenec.cz\/index.php\/wp-json\/wp\/v2\/pages\/537"}],"collection":[{"href":"https:\/\/www.telenec.cz\/index.php\/wp-json\/wp\/v2\/pages"}],"about":[{"href":"https:\/\/www.telenec.cz\/index.php\/wp-json\/wp\/v2\/types\/page"}],"author":[{"embeddable":true,"href":"https:\/\/www.telenec.cz\/index.php\/wp-json\/wp\/v2\/users\/1"}],"replies":[{"embeddable":true,"href":"https:\/\/www.telenec.cz\/index.php\/wp-json\/wp\/v2\/comments?post=537"}],"version-history":[{"count":2,"href":"https:\/\/www.telenec.cz\/index.php\/wp-json\/wp\/v2\/pages\/537\/revisions"}],"predecessor-version":[{"id":1873,"href":"https:\/\/www.telenec.cz\/index.php\/wp-json\/wp\/v2\/pages\/537\/revisions\/1873"}],"wp:attachment":[{"href":"https:\/\/www.telenec.cz\/index.php\/wp-json\/wp\/v2\/media?parent=537"}],"curies":[{"name":"wp","href":"https:\/\/api.w.org\/{rel}","templated":true}]}}