{"id":533,"date":"2021-04-16T22:22:52","date_gmt":"2021-04-16T20:22:52","guid":{"rendered":"https:\/\/www.telenec.cz\/?page_id=533"},"modified":"2021-07-04T21:18:59","modified_gmt":"2021-07-04T19:18:59","slug":"dlouhy-dul","status":"publish","type":"page","link":"https:\/\/www.telenec.cz\/index.php\/dlouhy-dul\/","title":{"rendered":"Dlouh\u00fd d\u016fl"},"content":{"rendered":"<h2 class=\"has-vivid-red-color has-text-color wp-block-heading\" style=\"font-size:38px\">Osada Dlouh\u00fd D\u016fl<\/h2>\n<p>Dlouh\u00fd D\u016fl\u00a0je prot\u00e1hl\u00e1 vesnice, le\u017e\u00edc\u00ed asi 3\u00a0km z\u00e1padn\u011b od\u00a0<a href=\"https:\/\/www.telenec.cz\/index.php\/krasna-lipa\/\" data-type=\"URL\" data-id=\"https:\/\/www.telenec.cz\/index.php\/krasna-lipa\/\" target=\"_blank\" rel=\"noreferrer noopener\">Kr\u00e1sn\u00e9 L\u00edpy<\/a>\u00a0v\u00a0\u00fadol\u00ed K\u0159inice mezi\u00a0Kr\u00e1sn\u00fdm Bukem\u00a0a\u00a0Kyjovem\u00a0a\u00a0v\u00a0bo\u010dn\u00edm \u00fadol\u00ed Zahradsk\u00e9ho potoka, p\u0159it\u00e9kaj\u00edc\u00edho od\u00a0Vl\u010d\u00ed Hory. Osada je dnes \u010d\u00e1st\u00ed\u00a0Kr\u00e1sn\u00e9 L\u00edpy<\/p>\n<div class=\"wp-block-image\">\n<figure class=\"aligncenter size-large\"><a href=\"https:\/\/www.telenec.cz\/wp-content\/uploads\/2021\/06\/mapa-Dlouhy-dul-1.jpg\"><img loading=\"lazy\" decoding=\"async\" width=\"1000\" height=\"675\" src=\"https:\/\/www.telenec.cz\/wp-content\/uploads\/2021\/06\/mapa-Dlouhy-dul-1.jpg\" alt=\"\" class=\"wp-image-1467\" srcset=\"https:\/\/www.telenec.cz\/wp-content\/uploads\/2021\/06\/mapa-Dlouhy-dul-1.jpg 1000w, https:\/\/www.telenec.cz\/wp-content\/uploads\/2021\/06\/mapa-Dlouhy-dul-1-300x203.jpg 300w, https:\/\/www.telenec.cz\/wp-content\/uploads\/2021\/06\/mapa-Dlouhy-dul-1-768x518.jpg 768w\" sizes=\"(max-width: 706px) 89vw, (max-width: 767px) 82vw, 740px\" \/><\/a><\/figure>\n<\/div>\n<p>D\u00e1vno p\u0159ed vznikem vsi, v&nbsp;roce 1582, prodali  <a rel=\"noreferrer noopener\" href=\"https:\/\/cs.wikipedia.org\/wiki\/%C5%A0lejnicov%C3%A9\" data-type=\"URL\" data-id=\"https:\/\/cs.wikipedia.org\/wiki\/%C5%A0lejnicov%C3%A9\" target=\"_blank\">\u0160lejnicov\u00e9<\/a> lesn\u00ed rev\u00edr Vl\u010d\u00ed hora sask\u00e9mu <a rel=\"noreferrer noopener\" href=\"https:\/\/cs.wikipedia.org\/wiki\/August_Sask%C3%BD\" data-type=\"URL\" data-id=\"https:\/\/cs.wikipedia.org\/wiki\/August_Sask%C3%BD\" target=\"_blank\">kurfi\u0159tovi Augustovi&nbsp;I<\/a>., kter\u00fd nechal v&nbsp;\u00fadol\u00ed z\u0159\u00eddit \u010dty\u0159i vodn\u00ed n\u00e1dr\u017ee k&nbsp;plaven\u00ed vyt\u011b\u017een\u00e9ho d\u0159eva. Proto\u017ee k&nbsp; plaven\u00ed nesta\u010dila voda m\u00edstn\u00edho potoka, byla sem dlouh\u00fdm n\u00e1honem p\u0159ivedena voda z&nbsp;K\u0159inice. N\u00e1hon zvan\u00fd &#8222;Nov\u00e1 strouha&#8220; za\u010d\u00ednal u&nbsp;star\u00e9ho pansk\u00e9ho ml\u00fdna&nbsp;, odkud vedl nad prav\u00fdm b\u0159ehem K\u0159inice a\u017e k&nbsp;doln\u00edmu konci Dlouh\u00e9ho dolu, kde spolu s&nbsp;v\u00fdtokem rybn\u00edka \u0160iml\u00e1ku \u00fastil do&nbsp;K\u0159inice.<\/p>\n<p>Obec Dlouh\u00fd D\u016fl vznikl na&nbsp;panstv\u00ed Lipov\u00e1, kter\u00e9 tehdy pat\u0159ilo Kinsk\u00fdm. P\u00edsemn\u011b je poprv\u00e9 zmi\u0148ov\u00e1n v&nbsp;roce 1719. V&nbsp;80.&nbsp;letech 18.&nbsp;stolet\u00ed bylo v&nbsp;Dlouh\u00e9m Dole 36&nbsp;p\u0159ev\u00e1\u017en\u011b rouben\u00fdch dom\u016f.  Jedn\u00e1 se o roztrou\u0161enou z\u00e1stavbu bez v\u00fdrazn\u00e9ho centra tvo\u0159enou \u0159adou velmi hodnotn\u00fdch&nbsp;<strong>rouben\u00fdch a hr\u00e1zd\u011bn\u00fdch dom\u016f&nbsp;<\/strong>z&nbsp;18. a 19. stolet\u00ed.&nbsp;V&nbsp;roce 2004 tu byla vyhl\u00e1\u0161ena vesnick\u00e1 pam\u00e1tkov\u00e1 z\u00f3na.<\/p>\n<div class=\"wp-block-image\">\n<figure class=\"aligncenter size-large is-resized\"><a href=\"https:\/\/www.telenec.cz\/wp-content\/uploads\/2021\/06\/J.Pulda-dlouhy-dul.jpg\"><img loading=\"lazy\" decoding=\"async\" src=\"https:\/\/www.telenec.cz\/wp-content\/uploads\/2021\/06\/J.Pulda-dlouhy-dul.jpg\" alt=\"\" class=\"wp-image-1469\" width=\"500\" height=\"333\" srcset=\"https:\/\/www.telenec.cz\/wp-content\/uploads\/2021\/06\/J.Pulda-dlouhy-dul.jpg 1000w, https:\/\/www.telenec.cz\/wp-content\/uploads\/2021\/06\/J.Pulda-dlouhy-dul-300x200.jpg 300w, https:\/\/www.telenec.cz\/wp-content\/uploads\/2021\/06\/J.Pulda-dlouhy-dul-768x511.jpg 768w\" sizes=\"(max-width: 500px) 100vw, 500px\" \/><\/a><figcaption>Pam\u00e1tkov\u00e1 z\u00f3na &#8211; rouben\u00e9 domy v Dlouh\u00e9m Dole (autor  J. Pulda &#8211; 2016)<\/figcaption><\/figure>\n<\/div>\n<p>Vyd\u00e1me-li se z Kyjova na Vl\u010d\u00ed Horu p\u0159ed Dlouh\u00fd D\u016fl, tak asi 70 m od k\u0159i\u017eovatky budeme m\u00edjet K\u0159\u00ed\u017e mlyn\u00e1\u0159e Marschnera (Dominsm\u00fcllers Kreuz). Stoj\u00ed mezi dv\u011bma lipami v&nbsp;nejji\u017en\u011bj\u0161\u00ed \u010d\u00e1sti \u00fadol\u00ed. Byl postaven\u00fd&nbsp;roku 1800 mlyn\u00e1\u0159em Dominikem Marschnerem. N\u011bkdy je proto naz\u00fdvan\u00fd Mlyn\u00e1\u0159\u016fv k\u0159\u00ed\u017e.<\/p>\n<div class=\"wp-block-image\">\n<figure class=\"aligncenter size-large is-resized\"><a href=\"https:\/\/www.telenec.cz\/wp-content\/uploads\/2021\/06\/J.-Pokorak-Mlynaruv-kriz-2018.jpg\"><img loading=\"lazy\" decoding=\"async\" src=\"https:\/\/www.telenec.cz\/wp-content\/uploads\/2021\/06\/J.-Pokorak-Mlynaruv-kriz-2018.jpg\" alt=\"\" class=\"wp-image-1470\" width=\"500\" height=\"334\" srcset=\"https:\/\/www.telenec.cz\/wp-content\/uploads\/2021\/06\/J.-Pokorak-Mlynaruv-kriz-2018.jpg 1000w, https:\/\/www.telenec.cz\/wp-content\/uploads\/2021\/06\/J.-Pokorak-Mlynaruv-kriz-2018-300x200.jpg 300w, https:\/\/www.telenec.cz\/wp-content\/uploads\/2021\/06\/J.-Pokorak-Mlynaruv-kriz-2018-768x512.jpg 768w\" sizes=\"(max-width: 500px) 100vw, 500px\" \/><\/a><figcaption>Mlyn\u00e1\u0159\u016fv K\u0159\u00ed\u017e  (autor J. Pokor\u00e1k &#8211; 2018)<\/figcaption><\/figure>\n<\/div>\n<p>Dal\u0161\u00ed p\u011bkn\u00fd k\u0159\u00ed\u017e  stoj\u00ed ve skupin\u011b \u010dty\u0159 lip v&nbsp;ji\u017en\u00ed \u010d\u00e1sti \u00fadol\u00ed z\u00e1padn\u011b od rybn\u00edka \u0160iml\u00e1k, p\u0159i odbo\u010dce cesty na Kamenn\u00fd vrch. Byl vybudov\u00e1n v roce 1825 Johannem Henkem, \u010dlenem presti\u017en\u00edho n\u00e1bo\u017eensk\u00e9ho Spolku velikono\u010dn\u00edch jezdc\u016f ve Sn\u011b\u017en\u00e9. P\u0159i ka\u017edoro\u010dn\u00ed velikono\u010dn\u00ed j\u00edzd\u011b byla u Henkeho k\u0159\u00ed\u017ee jedna ze zast\u00e1vek.  Pod\u00e1vala se zde sva\u010dina \u2013 kol\u00e1\u010de a k\u00e1va. Ob\u010derstven\u00ed  zaji\u0161\u0165ovla rodina Henkeov\u00fdch. <\/p>\n<p>N\u011bmeck\u00e9 jm\u00e9no k\u0159\u00ed\u017ee <em>(Teichklenns Kreuz)<\/em> je odvozeno od nedalek\u00e9ho ml\u00fdna Teichm\u00fchle. Ten&nbsp;st\u00e1val bezprost\u0159edn\u011b pod hr\u00e1z\u00ed rybn\u00edku \u0160iml\u00e1k.<\/p>\n<div class=\"wp-block-image\">\n<figure class=\"aligncenter size-large is-resized\"><a href=\"https:\/\/www.telenec.cz\/wp-content\/uploads\/2021\/06\/J.-Pokorak-Henkeho-kriz-2020.jpg\"><img loading=\"lazy\" decoding=\"async\" src=\"https:\/\/www.telenec.cz\/wp-content\/uploads\/2021\/06\/J.-Pokorak-Henkeho-kriz-2020.jpg\" alt=\"\" class=\"wp-image-1471\" width=\"334\" height=\"500\" srcset=\"https:\/\/www.telenec.cz\/wp-content\/uploads\/2021\/06\/J.-Pokorak-Henkeho-kriz-2020.jpg 667w, https:\/\/www.telenec.cz\/wp-content\/uploads\/2021\/06\/J.-Pokorak-Henkeho-kriz-2020-200x300.jpg 200w\" sizes=\"(max-width: 334px) 100vw, 334px\" \/><\/a><figcaption>Henkeho k\u0159\u00ed\u017e (autor J. Pokor\u00e1k &#8211; 2020)<\/figcaption><\/figure>\n<\/div>\n<p>T\u0159et\u00ed k\u0159\u00ed\u017e na cest\u011b na Vl\u010d\u00ed Horu stoj\u00ed u stezky Artsberk, vedouc\u00ed ke kostelu ve Sn\u011b\u017en\u00e9. K\u0159\u00ed\u017e nechal postavit roku 1832 Laurenz G\u00f6rner. Vedle k\u0159\u00ed\u017ee stoj\u00ed dnes ji\u017e velmi vz\u00e1cn\u00e1 rouben\u00e1 stodola s&nbsp;r\u00e1mov\u00fdm polopatrem.<\/p>\n<div class=\"wp-block-image\">\n<figure class=\"aligncenter size-large is-resized\"><a href=\"https:\/\/www.telenec.cz\/wp-content\/uploads\/2021\/06\/Dlouhy-dul_3.jpg\"><img loading=\"lazy\" decoding=\"async\" src=\"https:\/\/www.telenec.cz\/wp-content\/uploads\/2021\/06\/Dlouhy-dul_3.jpg\" alt=\"\" class=\"wp-image-1474\" width=\"500\" height=\"325\" srcset=\"https:\/\/www.telenec.cz\/wp-content\/uploads\/2021\/06\/Dlouhy-dul_3.jpg 1000w, https:\/\/www.telenec.cz\/wp-content\/uploads\/2021\/06\/Dlouhy-dul_3-300x195.jpg 300w, https:\/\/www.telenec.cz\/wp-content\/uploads\/2021\/06\/Dlouhy-dul_3-768x499.jpg 768w\" sizes=\"(max-width: 500px) 100vw, 500px\" \/><\/a><figcaption>G\u00f6rner\u016fv k\u0159\u00ed\u017e a rouben\u00e1 stodola. (autor webu)<\/figcaption><\/figure>\n<\/div>\n<p>Odtud u\u017e kolem koz\u00ed farmy je kousek na Vl\u010d\u00ed Horu.<\/p>\n","protected":false},"excerpt":{"rendered":"<p>Osada Dlouh\u00fd D\u016fl Dlouh\u00fd D\u016fl\u00a0je prot\u00e1hl\u00e1 vesnice, le\u017e\u00edc\u00ed asi 3\u00a0km z\u00e1padn\u011b od\u00a0Kr\u00e1sn\u00e9 L\u00edpy\u00a0v\u00a0\u00fadol\u00ed K\u0159inice mezi\u00a0Kr\u00e1sn\u00fdm Bukem\u00a0a\u00a0Kyjovem\u00a0a\u00a0v\u00a0bo\u010dn\u00edm \u00fadol\u00ed Zahradsk\u00e9ho potoka, p\u0159it\u00e9kaj\u00edc\u00edho od\u00a0Vl\u010d\u00ed Hory. Osada je dnes \u010d\u00e1st\u00ed\u00a0Kr\u00e1sn\u00e9 L\u00edpy D\u00e1vno p\u0159ed vznikem vsi, v&nbsp;roce 1582, prodali \u0160lejnicov\u00e9 lesn\u00ed rev\u00edr Vl\u010d\u00ed hora sask\u00e9mu kurfi\u0159tovi Augustovi&nbsp;I., kter\u00fd nechal v&nbsp;\u00fadol\u00ed z\u0159\u00eddit \u010dty\u0159i vodn\u00ed n\u00e1dr\u017ee k&nbsp;plaven\u00ed vyt\u011b\u017een\u00e9ho d\u0159eva. Proto\u017ee k&nbsp; plaven\u00ed &hellip; <\/p>\n<p class=\"link-more\"><a href=\"https:\/\/www.telenec.cz\/index.php\/dlouhy-dul\/\" class=\"more-link\">Pokra\u010dovat ve \u010dten\u00ed<span class=\"screen-reader-text\"> &#8222;Dlouh\u00fd d\u016fl&#8220;<\/span><\/a><\/p>\n","protected":false},"author":1,"featured_media":0,"parent":0,"menu_order":0,"comment_status":"closed","ping_status":"closed","template":"","meta":{"footnotes":"","_wp_rev_ctl_limit":"3"},"class_list":["post-533","page","type-page","status-publish","hentry"],"_links":{"self":[{"href":"https:\/\/www.telenec.cz\/index.php\/wp-json\/wp\/v2\/pages\/533"}],"collection":[{"href":"https:\/\/www.telenec.cz\/index.php\/wp-json\/wp\/v2\/pages"}],"about":[{"href":"https:\/\/www.telenec.cz\/index.php\/wp-json\/wp\/v2\/types\/page"}],"author":[{"embeddable":true,"href":"https:\/\/www.telenec.cz\/index.php\/wp-json\/wp\/v2\/users\/1"}],"replies":[{"embeddable":true,"href":"https:\/\/www.telenec.cz\/index.php\/wp-json\/wp\/v2\/comments?post=533"}],"version-history":[{"count":3,"href":"https:\/\/www.telenec.cz\/index.php\/wp-json\/wp\/v2\/pages\/533\/revisions"}],"predecessor-version":[{"id":2042,"href":"https:\/\/www.telenec.cz\/index.php\/wp-json\/wp\/v2\/pages\/533\/revisions\/2042"}],"wp:attachment":[{"href":"https:\/\/www.telenec.cz\/index.php\/wp-json\/wp\/v2\/media?parent=533"}],"curies":[{"name":"wp","href":"https:\/\/api.w.org\/{rel}","templated":true}]}}