{"id":523,"date":"2021-04-16T22:16:20","date_gmt":"2021-04-16T20:16:20","guid":{"rendered":"https:\/\/www.telenec.cz\/?page_id=523"},"modified":"2021-07-04T21:17:00","modified_gmt":"2021-07-04T19:17:00","slug":"rynartice","status":"publish","type":"page","link":"https:\/\/www.telenec.cz\/index.php\/rynartice\/","title":{"rendered":"Rynartice"},"content":{"rendered":"<p class=\"has-vivid-red-color has-text-color\" style=\"font-size:38px\">M\u00edsto, kde s\u00eddl\u00ed trpasl\u00edci.<\/p>\n<p><a href=\"https:\/\/cs.wikipedia.org\/wiki\/Rynartice\" data-type=\"URL\" data-id=\"https:\/\/cs.wikipedia.org\/wiki\/Rynartice\" target=\"_blank\" rel=\"noreferrer noopener\">Rynartice<\/a> jsou turistick\u00e9 st\u0159edisko a n\u00e1horn\u00ed obec, kter\u00e1 je vzd\u00e1len\u00e1 asi 1,5 km od Jet\u0159ichovic.  Obec je v nadmo\u0159sk\u00e9 v\u00fd\u0161ce 350 metr\u016f,  severn\u011b nad \u00fadol\u00edm\u00a0Ch\u0159ibsk\u00e9 Kamenice\u00a0. Rynartice jsou p\u0159\u00edjemnou rekrea\u010dn\u00ed vs\u00ed s lidov\u00fdmi chalupami, mo\u017enostmi ubytov\u00e1n\u00ed a b\u00fdvalou panskou lesovnou, kde najdete hezky zrekonstruovan\u00fd penzion Z\u00e1me\u010dek.\u00a0Z vsi je kr\u00e1sn\u00fd v\u00fdhled do okol\u00ed.<\/p>\n<figure class=\"wp-block-image size-large\"><img loading=\"lazy\" decoding=\"async\" width=\"750\" height=\"563\" src=\"https:\/\/www.telenec.cz\/wp-content\/uploads\/2021\/07\/mapa-rynartice.jpg\" alt=\"\" class=\"wp-image-2027\" srcset=\"https:\/\/www.telenec.cz\/wp-content\/uploads\/2021\/07\/mapa-rynartice.jpg 750w, https:\/\/www.telenec.cz\/wp-content\/uploads\/2021\/07\/mapa-rynartice-300x225.jpg 300w\" sizes=\"(max-width: 706px) 89vw, (max-width: 767px) 82vw, 740px\" \/><\/figure>\n<p>Hlavn\u00edm pouta\u010dem v tomto m\u00edst\u011b je ale <strong>Trpasli\u010d\u00ed sk\u00e1la<\/strong>. Trpasl\u00edci  se Sn\u011bhurkou shl\u00ed\u017eej\u00ed ze svah\u016f do \u00favozu. V\u00fdprava za trpasl\u00edky vede od silnice po d\u0159ev\u011bn\u00e9m schodi\u0161ti ke sk\u00e1le a d\u00e1l stezkou po \u00fazk\u00fdch schodech v&nbsp;jej\u00edm sev\u0159en\u00ed, kde se objevuj\u00ed jednotliv\u00ed barevn\u011b vyveden\u00ed trpasl\u00edci.<\/p>\n<p>D\u00edlo zapo\u010dal m\u00edstn\u00ed lidov\u00fd um\u011blec Eduard Vater,  jen\u017e d\u00edlo do skal vytesal v&nbsp;letech 1832 \u2013 1833. Pozd\u011bji jej dokon\u010dil jeho syn Ernst a kronik\u00e1\u0159. Tabule u skal n\u00e1v\u0161t\u011bvn\u00edk\u016fm \u0159\u00edk\u00e1, \u017ee d\u00edlo bylo vytvo\u0159eno v&nbsp;roce 1870.<\/p>\n<figure class=\"wp-block-gallery columns-3 is-cropped wp-block-gallery-1 is-layout-flex wp-block-gallery-is-layout-flex\">\n<ul class=\"blocks-gallery-grid\">\n<li class=\"blocks-gallery-item\">\n<figure><a href=\"https:\/\/www.telenec.cz\/wp-content\/uploads\/2021\/06\/Rynartice_08.jpg\"><img loading=\"lazy\" decoding=\"async\" width=\"1000\" height=\"750\" src=\"https:\/\/www.telenec.cz\/wp-content\/uploads\/2021\/06\/Rynartice_08.jpg\" alt=\"\" data-id=\"1680\" data-link=\"https:\/\/www.telenec.cz\/index.php\/rynartice\/rynartice_08\/\" class=\"wp-image-1680\" srcset=\"https:\/\/www.telenec.cz\/wp-content\/uploads\/2021\/06\/Rynartice_08.jpg 1000w, https:\/\/www.telenec.cz\/wp-content\/uploads\/2021\/06\/Rynartice_08-300x225.jpg 300w, https:\/\/www.telenec.cz\/wp-content\/uploads\/2021\/06\/Rynartice_08-768x576.jpg 768w\" sizes=\"(max-width: 706px) 89vw, (max-width: 767px) 82vw, 740px\" \/><\/a><\/figure>\n<\/li>\n<li class=\"blocks-gallery-item\">\n<figure><a href=\"https:\/\/www.telenec.cz\/wp-content\/uploads\/2021\/06\/J.-Kilner.jpg\"><img loading=\"lazy\" decoding=\"async\" width=\"1000\" height=\"750\" src=\"https:\/\/www.telenec.cz\/wp-content\/uploads\/2021\/06\/J.-Kilner.jpg\" alt=\"\" data-id=\"1684\" data-full-url=\"https:\/\/www.telenec.cz\/wp-content\/uploads\/2021\/06\/J.-Kilner.jpg\" data-link=\"https:\/\/www.telenec.cz\/index.php\/rynartice\/j-kilner\/\" class=\"wp-image-1684\" srcset=\"https:\/\/www.telenec.cz\/wp-content\/uploads\/2021\/06\/J.-Kilner.jpg 1000w, https:\/\/www.telenec.cz\/wp-content\/uploads\/2021\/06\/J.-Kilner-300x225.jpg 300w, https:\/\/www.telenec.cz\/wp-content\/uploads\/2021\/06\/J.-Kilner-768x576.jpg 768w\" sizes=\"(max-width: 706px) 89vw, (max-width: 767px) 82vw, 740px\" \/><\/a><\/figure>\n<\/li>\n<li class=\"blocks-gallery-item\">\n<figure><a href=\"https:\/\/www.telenec.cz\/wp-content\/uploads\/2021\/06\/J.-Drnec.jpg\"><img loading=\"lazy\" decoding=\"async\" width=\"666\" height=\"1000\" src=\"https:\/\/www.telenec.cz\/wp-content\/uploads\/2021\/06\/J.-Drnec.jpg\" alt=\"\" data-id=\"1683\" data-link=\"https:\/\/www.telenec.cz\/index.php\/rynartice\/j-drnec\/\" class=\"wp-image-1683\" srcset=\"https:\/\/www.telenec.cz\/wp-content\/uploads\/2021\/06\/J.-Drnec.jpg 666w, https:\/\/www.telenec.cz\/wp-content\/uploads\/2021\/06\/J.-Drnec-200x300.jpg 200w\" sizes=\"(max-width: 666px) 100vw, 666px\" \/><\/a><\/figure>\n<\/li>\n<li class=\"blocks-gallery-item\">\n<figure><a href=\"https:\/\/www.telenec.cz\/wp-content\/uploads\/2021\/06\/Rynartice_01.jpg\"><img loading=\"lazy\" decoding=\"async\" width=\"1000\" height=\"750\" src=\"https:\/\/www.telenec.cz\/wp-content\/uploads\/2021\/06\/Rynartice_01.jpg\" alt=\"\" data-id=\"1675\" data-link=\"https:\/\/www.telenec.cz\/index.php\/rynartice\/rynartice_01\/\" class=\"wp-image-1675\" srcset=\"https:\/\/www.telenec.cz\/wp-content\/uploads\/2021\/06\/Rynartice_01.jpg 1000w, https:\/\/www.telenec.cz\/wp-content\/uploads\/2021\/06\/Rynartice_01-300x225.jpg 300w, https:\/\/www.telenec.cz\/wp-content\/uploads\/2021\/06\/Rynartice_01-768x576.jpg 768w\" sizes=\"(max-width: 706px) 89vw, (max-width: 767px) 82vw, 740px\" \/><\/a><\/figure>\n<\/li>\n<li class=\"blocks-gallery-item\">\n<figure><a href=\"https:\/\/www.telenec.cz\/wp-content\/uploads\/2021\/06\/Rynartice_02.jpg\"><img loading=\"lazy\" decoding=\"async\" width=\"1000\" height=\"750\" src=\"https:\/\/www.telenec.cz\/wp-content\/uploads\/2021\/06\/Rynartice_02.jpg\" alt=\"\" data-id=\"1676\" data-link=\"https:\/\/www.telenec.cz\/index.php\/rynartice\/rynartice_02\/\" class=\"wp-image-1676\" srcset=\"https:\/\/www.telenec.cz\/wp-content\/uploads\/2021\/06\/Rynartice_02.jpg 1000w, https:\/\/www.telenec.cz\/wp-content\/uploads\/2021\/06\/Rynartice_02-300x225.jpg 300w, https:\/\/www.telenec.cz\/wp-content\/uploads\/2021\/06\/Rynartice_02-768x576.jpg 768w\" sizes=\"(max-width: 706px) 89vw, (max-width: 767px) 82vw, 740px\" \/><\/a><\/figure>\n<\/li>\n<li class=\"blocks-gallery-item\">\n<figure><a href=\"https:\/\/www.telenec.cz\/wp-content\/uploads\/2021\/06\/Rynartice_05.jpg\"><img loading=\"lazy\" decoding=\"async\" width=\"750\" height=\"1000\" src=\"https:\/\/www.telenec.cz\/wp-content\/uploads\/2021\/06\/Rynartice_05.jpg\" alt=\"\" data-id=\"1677\" data-link=\"https:\/\/www.telenec.cz\/index.php\/rynartice\/rynartice_05\/\" class=\"wp-image-1677\" srcset=\"https:\/\/www.telenec.cz\/wp-content\/uploads\/2021\/06\/Rynartice_05.jpg 750w, https:\/\/www.telenec.cz\/wp-content\/uploads\/2021\/06\/Rynartice_05-225x300.jpg 225w\" sizes=\"(max-width: 706px) 89vw, (max-width: 767px) 82vw, 740px\" \/><\/a><\/figure>\n<\/li>\n<li class=\"blocks-gallery-item\">\n<figure><a href=\"https:\/\/www.telenec.cz\/wp-content\/uploads\/2021\/06\/Rynartice_06.jpg\"><img loading=\"lazy\" decoding=\"async\" width=\"1000\" height=\"750\" src=\"https:\/\/www.telenec.cz\/wp-content\/uploads\/2021\/06\/Rynartice_06.jpg\" alt=\"\" data-id=\"1678\" data-link=\"https:\/\/www.telenec.cz\/index.php\/rynartice\/rynartice_06\/\" class=\"wp-image-1678\" srcset=\"https:\/\/www.telenec.cz\/wp-content\/uploads\/2021\/06\/Rynartice_06.jpg 1000w, https:\/\/www.telenec.cz\/wp-content\/uploads\/2021\/06\/Rynartice_06-300x225.jpg 300w, https:\/\/www.telenec.cz\/wp-content\/uploads\/2021\/06\/Rynartice_06-768x576.jpg 768w\" sizes=\"(max-width: 706px) 89vw, (max-width: 767px) 82vw, 740px\" \/><\/a><\/figure>\n<\/li>\n<li class=\"blocks-gallery-item\">\n<figure><a href=\"https:\/\/www.telenec.cz\/wp-content\/uploads\/2021\/06\/Rynartice_07.jpg\"><img loading=\"lazy\" decoding=\"async\" width=\"750\" height=\"1000\" src=\"https:\/\/www.telenec.cz\/wp-content\/uploads\/2021\/06\/Rynartice_07.jpg\" alt=\"\" data-id=\"1679\" data-link=\"https:\/\/www.telenec.cz\/index.php\/rynartice\/rynartice_07\/\" class=\"wp-image-1679\" srcset=\"https:\/\/www.telenec.cz\/wp-content\/uploads\/2021\/06\/Rynartice_07.jpg 750w, https:\/\/www.telenec.cz\/wp-content\/uploads\/2021\/06\/Rynartice_07-225x300.jpg 225w\" sizes=\"(max-width: 706px) 89vw, (max-width: 767px) 82vw, 740px\" \/><\/a><\/figure>\n<\/li>\n<li class=\"blocks-gallery-item\">\n<figure><a href=\"https:\/\/www.telenec.cz\/wp-content\/uploads\/2021\/06\/Rynartice_11.jpg\"><img loading=\"lazy\" decoding=\"async\" width=\"1000\" height=\"662\" src=\"https:\/\/www.telenec.cz\/wp-content\/uploads\/2021\/06\/Rynartice_11.jpg\" alt=\"\" data-id=\"1681\" data-link=\"https:\/\/www.telenec.cz\/index.php\/rynartice\/rynartice_11\/\" class=\"wp-image-1681\" srcset=\"https:\/\/www.telenec.cz\/wp-content\/uploads\/2021\/06\/Rynartice_11.jpg 1000w, https:\/\/www.telenec.cz\/wp-content\/uploads\/2021\/06\/Rynartice_11-300x199.jpg 300w, https:\/\/www.telenec.cz\/wp-content\/uploads\/2021\/06\/Rynartice_11-768x508.jpg 768w\" sizes=\"(max-width: 706px) 89vw, (max-width: 767px) 82vw, 740px\" \/><\/a><\/figure>\n<\/li>\n<\/ul><figcaption class=\"blocks-gallery-caption\">Trpasli\u010d\u00ed sk\u00e1la u Rynartic<\/figcaption><\/figure>\n","protected":false},"excerpt":{"rendered":"<p>M\u00edsto, kde s\u00eddl\u00ed trpasl\u00edci. Rynartice jsou turistick\u00e9 st\u0159edisko a n\u00e1horn\u00ed obec, kter\u00e1 je vzd\u00e1len\u00e1 asi 1,5 km od Jet\u0159ichovic. Obec je v nadmo\u0159sk\u00e9 v\u00fd\u0161ce 350 metr\u016f, severn\u011b nad \u00fadol\u00edm\u00a0Ch\u0159ibsk\u00e9 Kamenice\u00a0. Rynartice jsou p\u0159\u00edjemnou rekrea\u010dn\u00ed vs\u00ed s lidov\u00fdmi chalupami, mo\u017enostmi ubytov\u00e1n\u00ed a b\u00fdvalou panskou lesovnou, kde najdete hezky zrekonstruovan\u00fd penzion Z\u00e1me\u010dek.\u00a0Z vsi je kr\u00e1sn\u00fd v\u00fdhled do &hellip; <\/p>\n<p class=\"link-more\"><a href=\"https:\/\/www.telenec.cz\/index.php\/rynartice\/\" class=\"more-link\">Pokra\u010dovat ve \u010dten\u00ed<span class=\"screen-reader-text\"> &#8222;Rynartice&#8220;<\/span><\/a><\/p>\n","protected":false},"author":1,"featured_media":0,"parent":0,"menu_order":0,"comment_status":"closed","ping_status":"closed","template":"","meta":{"footnotes":"","_wp_rev_ctl_limit":""},"class_list":["post-523","page","type-page","status-publish","hentry"],"_links":{"self":[{"href":"https:\/\/www.telenec.cz\/index.php\/wp-json\/wp\/v2\/pages\/523"}],"collection":[{"href":"https:\/\/www.telenec.cz\/index.php\/wp-json\/wp\/v2\/pages"}],"about":[{"href":"https:\/\/www.telenec.cz\/index.php\/wp-json\/wp\/v2\/types\/page"}],"author":[{"embeddable":true,"href":"https:\/\/www.telenec.cz\/index.php\/wp-json\/wp\/v2\/users\/1"}],"replies":[{"embeddable":true,"href":"https:\/\/www.telenec.cz\/index.php\/wp-json\/wp\/v2\/comments?post=523"}],"version-history":[{"count":5,"href":"https:\/\/www.telenec.cz\/index.php\/wp-json\/wp\/v2\/pages\/523\/revisions"}],"predecessor-version":[{"id":2041,"href":"https:\/\/www.telenec.cz\/index.php\/wp-json\/wp\/v2\/pages\/523\/revisions\/2041"}],"wp:attachment":[{"href":"https:\/\/www.telenec.cz\/index.php\/wp-json\/wp\/v2\/media?parent=523"}],"curies":[{"name":"wp","href":"https:\/\/api.w.org\/{rel}","templated":true}]}}