{"id":521,"date":"2021-04-16T22:15:20","date_gmt":"2021-04-16T20:15:20","guid":{"rendered":"https:\/\/www.telenec.cz\/?page_id=521"},"modified":"2021-07-04T21:14:43","modified_gmt":"2021-07-04T19:14:43","slug":"dolsky-mlyn","status":"publish","type":"page","link":"https:\/\/www.telenec.cz\/index.php\/dolsky-mlyn\/","title":{"rendered":"Dolsk\u00fd ml\u00fdn"},"content":{"rendered":"<h2 class=\"has-vivid-red-color has-text-color wp-block-heading\" style=\"font-size:38px\">M\u00edsto, kde do\u0161lo k &#8222;synovra\u017ed\u011b&#8220;.<\/h2>\n<p>Tajemn\u00e9 z\u0159\u00edceniny Dolsk\u00e9ho ml\u00fdna nalezneme v hlubok\u00e9 rokli \u0159\u00ed\u010dky Kamenice v m\u00edstech, kde se do n\u00ed vl\u00e9v\u00e1 Jet\u0159ichovick\u00e1 B\u011bl\u00e1.<\/p>\n<figure class=\"wp-block-image size-large\"><img loading=\"lazy\" decoding=\"async\" width=\"1000\" height=\"626\" src=\"https:\/\/www.telenec.cz\/wp-content\/uploads\/2021\/06\/mapa-Dolsky-mlyn.jpg\" alt=\"\" class=\"wp-image-1694\" srcset=\"https:\/\/www.telenec.cz\/wp-content\/uploads\/2021\/06\/mapa-Dolsky-mlyn.jpg 1000w, https:\/\/www.telenec.cz\/wp-content\/uploads\/2021\/06\/mapa-Dolsky-mlyn-300x188.jpg 300w, https:\/\/www.telenec.cz\/wp-content\/uploads\/2021\/06\/mapa-Dolsky-mlyn-768x481.jpg 768w\" sizes=\"(max-width: 706px) 89vw, (max-width: 767px) 82vw, 740px\" \/><\/figure>\n<p> Prvn\u00ed dochovan\u00e9 zpr\u00e1vy poch\u00e1zej\u00ed z roku 1515.   Od roku 1548 a\u017e do 17. stolet\u00ed pat\u0159il ml\u00fdn pod Bene\u0161ovsk\u00e9 panstv\u00ed. Sou\u010d\u00e1st\u00ed ml\u00fdna byla i pek\u00e1rna.  V&nbsp;roce 1696 ml\u00fdn zakoupil&nbsp;Johann Krystoph Pohl a a\u017e do roku 1910 byl ml\u00fdn majetkem tohoto rodu a byln\u011bkolikr\u00e1t p\u0159estav\u011bn. <\/p>\n<p>Ml\u00fdn m\u011bl t\u0159i kola, z nich\u017e dv\u011b poh\u00e1n\u011bla mlec\u00ed za\u0159\u00edzen\u00ed a t\u0159et\u00ed kolo poh\u00e1n\u011blo pilu. Poloha ml\u00fdna na Kamenici nebyla pro majitele \u017e\u00e1dnou v\u00fdhrou. Divok\u00e9 vody \u0159\u00ed\u010dky byly vyu\u017e\u00edv\u00e1ny k plaven\u00ed d\u0159eva a proto v dob\u011b, kdy se plavilo d\u0159evo, nemohlo se ml\u00edt. Voda spou\u0161t\u011bn\u00e1 p\u0159es n\u00e1hon by sn\u00ed\u017eila   hladinu \u0159\u00ed\u010dky.  Za poru\u0161en\u00ed t\u00e9to dohody hrozila mlyn\u00e1\u0159i do roku 1743 dokonce pokuta. Tato nep\u0159\u00edjemnost byla mlyn\u00e1\u0159i vyva\u017eov\u00e1na pr\u00e1vem vyr\u00e1b\u011bt p\u00e1lenku a pivo.<\/p>\n<p>Roku 1726 ml\u00fdn vyho\u0159el, a musel b\u00fdt cel\u00fd opraven. V letech 1726 &#8211; 1727 vyrostlo postupn\u011b rouben\u00e9 obytn\u00e9 staven\u00ed, ml\u00fdn se t\u0159emi vodn\u00edmi koly, chlebov\u00e1 pec a hospod\u00e1\u0159sk\u00e9 m\u00edstnosti pro dom\u00e1c\u00ed zv\u00ed\u0159ata. O rok pozd\u011bji byl vybudov\u00e1n i m\u016fstek p\u0159es n\u00e1hon.<\/p>\n<div class=\"wp-block-image is-style-default\">\n<figure class=\"aligncenter size-large is-resized\"><img loading=\"lazy\" decoding=\"async\" src=\"https:\/\/www.telenec.cz\/wp-content\/uploads\/2021\/06\/Dobovy.jpeg\" alt=\"\" class=\"wp-image-1695\" width=\"480\" height=\"307\" srcset=\"https:\/\/www.telenec.cz\/wp-content\/uploads\/2021\/06\/Dobovy.jpeg 960w, https:\/\/www.telenec.cz\/wp-content\/uploads\/2021\/06\/Dobovy-300x192.jpeg 300w, https:\/\/www.telenec.cz\/wp-content\/uploads\/2021\/06\/Dobovy-768x491.jpeg 768w\" sizes=\"(max-width: 480px) 100vw, 480px\" \/><figcaption>Dobov\u00fd sn\u00edmek Dolsk\u00e9ho ml\u00fdnu<\/figcaption><\/figure>\n<\/div>\n<p> Po roce 1881, kdy byla ve\u0159ejnosti zp\u0159\u00edstupn\u011bna sout\u011bska, ml\u00fdn velice o\u017eil, proto\u017ee zde kon\u010dila trasa pramic proplouvaj\u00edc\u00ed po Ferdinandov\u011b sout\u011bsce. St\u00e1l tu tak\u00e9 obl\u00edben\u00fd v\u00fdletn\u00ed Hostinec u Dolsk\u00e9ho ml\u00fdna.<\/p>\n<p>Po skon\u010den\u00ed druh\u00e9 sv\u011btov\u00e9 v\u00e1lky opustili Dolsk\u00fd ml\u00fdn posledn\u00ed obyvatel\u00e9, nikdo se o staven\u00ed nestaral a ml\u00fdn za\u010dal ch\u00e1trat. Do dne\u0161n\u00ed  doby z\u016fstalo dochov\u00e1no z p\u016fvodn\u00ed stavby pouze torzo obvodov\u00fdch, mechem porostl\u00fdch zd\u00ed a zbytky dl\u00e1\u017ed\u011bn\u00e9 cesty. V roce 2007 byl Dolsk\u00fd ml\u00fdn vyhl\u00e1\u0161en kulturn\u00ed pam\u00e1tkou. <\/p>\n<p>K Dolsk\u00e9mu ml\u00fdnu je mo\u017en\u00e9 se dostat p\u0159es Kosteln\u00ed stezku, kde je ve sk\u00e1le mal\u00e1 skaln\u00ed kapli\u010dka, nebo p\u0159\u00edmo skaln\u00ed \u00fa\u017elabinou z <a href=\"https:\/\/cs.wikipedia.org\/wiki\/Vysok%C3%A1_L%C3%ADpa\" data-type=\"URL\" data-id=\"https:\/\/cs.wikipedia.org\/wiki\/Vysok%C3%A1_L%C3%ADpa\" target=\"_blank\" rel=\"noreferrer noopener\">Vysok\u00e9 L\u00edpy<\/a>.<\/p>\n<div class=\"wp-block-image\">\n<figure class=\"aligncenter size-large is-resized\"><a href=\"https:\/\/www.telenec.cz\/wp-content\/uploads\/2021\/06\/Skalni-kaplicka_1.jpg\"><img loading=\"lazy\" decoding=\"async\" src=\"https:\/\/www.telenec.cz\/wp-content\/uploads\/2021\/06\/Skalni-kaplicka_1.jpg\" alt=\"\" class=\"wp-image-1698\" width=\"500\" height=\"375\" srcset=\"https:\/\/www.telenec.cz\/wp-content\/uploads\/2021\/06\/Skalni-kaplicka_1.jpg 1000w, https:\/\/www.telenec.cz\/wp-content\/uploads\/2021\/06\/Skalni-kaplicka_1-300x225.jpg 300w, https:\/\/www.telenec.cz\/wp-content\/uploads\/2021\/06\/Skalni-kaplicka_1-768x576.jpg 768w\" sizes=\"(max-width: 500px) 100vw, 500px\" \/><\/a><figcaption>Skaln\u00ed kapli\u010dka (autor V. Kraus 2013)<\/figcaption><\/figure>\n<\/div>\n<figure class=\"wp-block-gallery columns-3 is-cropped wp-block-gallery-1 is-layout-flex wp-block-gallery-is-layout-flex\">\n<ul class=\"blocks-gallery-grid\">\n<li class=\"blocks-gallery-item\">\n<figure><a href=\"https:\/\/www.telenec.cz\/wp-content\/uploads\/2021\/06\/Dolsky-mlyn_15.jpg\"><img loading=\"lazy\" decoding=\"async\" width=\"1000\" height=\"750\" src=\"https:\/\/www.telenec.cz\/wp-content\/uploads\/2021\/06\/Dolsky-mlyn_15.jpg\" alt=\"\" data-id=\"1699\" data-link=\"https:\/\/www.telenec.cz\/index.php\/dolsky-mlyn\/dolsky-mlyn_15\/\" class=\"wp-image-1699\" srcset=\"https:\/\/www.telenec.cz\/wp-content\/uploads\/2021\/06\/Dolsky-mlyn_15.jpg 1000w, https:\/\/www.telenec.cz\/wp-content\/uploads\/2021\/06\/Dolsky-mlyn_15-300x225.jpg 300w, https:\/\/www.telenec.cz\/wp-content\/uploads\/2021\/06\/Dolsky-mlyn_15-768x576.jpg 768w\" sizes=\"(max-width: 706px) 89vw, (max-width: 767px) 82vw, 740px\" \/><\/a><\/figure>\n<\/li>\n<li class=\"blocks-gallery-item\">\n<figure><a href=\"https:\/\/www.telenec.cz\/wp-content\/uploads\/2021\/06\/Dolsky-mlyn_20.jpg\"><img loading=\"lazy\" decoding=\"async\" width=\"1000\" height=\"750\" src=\"https:\/\/www.telenec.cz\/wp-content\/uploads\/2021\/06\/Dolsky-mlyn_20.jpg\" alt=\"\" data-id=\"1702\" data-link=\"https:\/\/www.telenec.cz\/index.php\/dolsky-mlyn\/dolsky-mlyn_20\/\" class=\"wp-image-1702\" srcset=\"https:\/\/www.telenec.cz\/wp-content\/uploads\/2021\/06\/Dolsky-mlyn_20.jpg 1000w, https:\/\/www.telenec.cz\/wp-content\/uploads\/2021\/06\/Dolsky-mlyn_20-300x225.jpg 300w, https:\/\/www.telenec.cz\/wp-content\/uploads\/2021\/06\/Dolsky-mlyn_20-768x576.jpg 768w\" sizes=\"(max-width: 706px) 89vw, (max-width: 767px) 82vw, 740px\" \/><\/a><\/figure>\n<\/li>\n<li class=\"blocks-gallery-item\">\n<figure><a href=\"https:\/\/www.telenec.cz\/wp-content\/uploads\/2021\/06\/Dolsky-mlyn_21.jpg\"><img loading=\"lazy\" decoding=\"async\" width=\"1000\" height=\"750\" src=\"https:\/\/www.telenec.cz\/wp-content\/uploads\/2021\/06\/Dolsky-mlyn_21.jpg\" alt=\"\" data-id=\"1703\" data-link=\"https:\/\/www.telenec.cz\/index.php\/dolsky-mlyn\/dolsky-mlyn_21\/\" class=\"wp-image-1703\" srcset=\"https:\/\/www.telenec.cz\/wp-content\/uploads\/2021\/06\/Dolsky-mlyn_21.jpg 1000w, https:\/\/www.telenec.cz\/wp-content\/uploads\/2021\/06\/Dolsky-mlyn_21-300x225.jpg 300w, https:\/\/www.telenec.cz\/wp-content\/uploads\/2021\/06\/Dolsky-mlyn_21-768x576.jpg 768w\" sizes=\"(max-width: 706px) 89vw, (max-width: 767px) 82vw, 740px\" \/><\/a><\/figure>\n<\/li>\n<li class=\"blocks-gallery-item\">\n<figure><a href=\"https:\/\/www.telenec.cz\/wp-content\/uploads\/2021\/06\/Mlyn-J.-Michl-2020.jpg\"><img loading=\"lazy\" decoding=\"async\" width=\"1000\" height=\"650\" src=\"https:\/\/www.telenec.cz\/wp-content\/uploads\/2021\/06\/Mlyn-J.-Michl-2020.jpg\" alt=\"\" data-id=\"1705\" data-full-url=\"https:\/\/www.telenec.cz\/wp-content\/uploads\/2021\/06\/Mlyn-J.-Michl-2020.jpg\" data-link=\"https:\/\/www.telenec.cz\/index.php\/dolsky-mlyn\/mlyn-j-michl-2020\/\" class=\"wp-image-1705\" srcset=\"https:\/\/www.telenec.cz\/wp-content\/uploads\/2021\/06\/Mlyn-J.-Michl-2020.jpg 1000w, https:\/\/www.telenec.cz\/wp-content\/uploads\/2021\/06\/Mlyn-J.-Michl-2020-300x195.jpg 300w, https:\/\/www.telenec.cz\/wp-content\/uploads\/2021\/06\/Mlyn-J.-Michl-2020-768x499.jpg 768w\" sizes=\"(max-width: 706px) 89vw, (max-width: 767px) 82vw, 740px\" \/><\/a><\/figure>\n<\/li>\n<li class=\"blocks-gallery-item\">\n<figure><a href=\"https:\/\/www.telenec.cz\/wp-content\/uploads\/2021\/06\/Dolsky-mlyn_5.jpg\"><img loading=\"lazy\" decoding=\"async\" width=\"1000\" height=\"677\" src=\"https:\/\/www.telenec.cz\/wp-content\/uploads\/2021\/06\/Dolsky-mlyn_5.jpg\" alt=\"\" data-id=\"1701\" data-link=\"https:\/\/www.telenec.cz\/index.php\/dolsky-mlyn\/dolsky-mlyn_5\/\" class=\"wp-image-1701\" srcset=\"https:\/\/www.telenec.cz\/wp-content\/uploads\/2021\/06\/Dolsky-mlyn_5.jpg 1000w, https:\/\/www.telenec.cz\/wp-content\/uploads\/2021\/06\/Dolsky-mlyn_5-300x203.jpg 300w, https:\/\/www.telenec.cz\/wp-content\/uploads\/2021\/06\/Dolsky-mlyn_5-768x520.jpg 768w\" sizes=\"(max-width: 706px) 89vw, (max-width: 767px) 82vw, 740px\" \/><\/a><\/figure>\n<\/li>\n<\/ul><figcaption class=\"blocks-gallery-caption\">Zbytky Dolsk\u00e9ho ml\u00fdnu (autor J. Michl 2020, autor webu)<\/figcaption><\/figure>\n<p>Dolsk\u00fd ml\u00fdn je op\u0159eden celou \u0159adou stra\u0161ideln\u00fdch historek. Nap\u0159\u00edklad podle jedn\u00e9 legendy n\u011bkdy v 16. stolet\u00ed zde do\u0161lo k rodinn\u00e9 <strong>trag\u00e9dii<\/strong>. <\/p>\n<p>Tehdy mlyn\u00e1\u0159\u016fv syn opustil ml\u00fdn a ode\u0161el do sv\u011bta na zku\u0161enou. Kdy\u017e se po letech vracel, byl u\u017e z n\u011bj mu\u017e a jeho tv\u00e1\u0159 zdobil plnovous. Nevracel se s pr\u00e1zdnou, nejen \u017ee na cest\u00e1ch dosp\u011bl v mu\u017ee, stal se z n\u011bj nav\u00edc&nbsp;velk\u00fd boh\u00e1\u010d.&nbsp;Cestou dom\u016f se zastavil v hospod\u011b a vypr\u00e1v\u011bl soused\u016fm o v\u0161em, co ho ve sv\u011bt\u011b potkalo. Nave\u010der vyrazil k ml\u00fdnu, byla u\u017e tma a on cht\u011bl sv\u00e9 rodi\u010de p\u0159ekvapit. P\u0159edpokl\u00e1dal, \u017ee v noci nebude pozn\u00e1n a tak se nechal ubytovat jako pocestn\u00fd. Bohat\u011b mlyn\u00e1\u0159i za nocleh zaplatil a ulo\u017eil se k sp\u00e1nku. <\/p>\n<p>Mno\u017estv\u00ed pen\u011bz ale mlyn\u00e1\u0159e zaslepilo, a tak sp\u00edc\u00edho pocestn\u00e9ho spole\u010dn\u011b se \u017eenou&nbsp;<strong>zavra\u017edili a okradli,<\/strong>&nbsp;t\u011blo je\u0161t\u011b v noci zakopali v lese. Druh\u00fd den r\u00e1no se p\u0159i\u0161el sedl\u00e1k zeptat, zda-li maj\u00ed radost ze shled\u00e1n\u00ed se synem. S v\u011bdom\u00edm, \u017ee zavra\u017edili vlastn\u00edho syna, nemohli \u017e\u00edt. Pr\u00fd je\u0161t\u011b t\u00e9ho\u017e dne se mlyn\u00e1\u0159 ob\u011bsil a jeho \u017eena sko\u010dila do n\u00e1honu. A jak u\u017e to tak b\u00fdv\u00e1, dodnes pr\u00fd po okol\u00ed bloud\u00ed duch zavra\u017ed\u011bn\u00e9ho mlyn\u00e1\u0159ova syna. <\/p>\n<p>Tuto historickou pam\u00e1tku nejv\u00edce proslavili filma\u0159i. To\u010dila se zde legend\u00e1rn\u00ed poh\u00e1dka <a rel=\"noreferrer noopener\" href=\"https:\/\/cs.wikipedia.org\/wiki\/Py%C5%A1n%C3%A1_princezna\" data-type=\"URL\" data-id=\"https:\/\/cs.wikipedia.org\/wiki\/Py%C5%A1n%C3%A1_princezna\" target=\"_blank\">Py\u0161n\u00e1 princezna<\/a>. V roce 2008 se zde nat\u00e1\u010dely hned dv\u011b poh\u00e1dky \u2013 Ztracen\u00fd princ a <a href=\"https:\/\/cs.wikipedia.org\/wiki\/Peklo_s_princeznou\" data-type=\"URL\" data-id=\"https:\/\/cs.wikipedia.org\/wiki\/Peklo_s_princeznou\" target=\"_blank\" rel=\"noreferrer noopener\">Peklo s princeznou<\/a>, kdy ve&nbsp;ml\u00fdn\u011b&nbsp;dov\u00e1d\u011bli \u010derti a vozili se na ml\u00fdnsk\u00e9m kole.<\/p>\n<p>P\u0159ibl\u00ed\u017een\u011b 500 m od Dolsk\u00e9ho ml\u00fdna proti toku Kamenice  je dal\u0161\u00ed zaj\u00edmavost  pam\u00e1tn\u00fd strom <strong>Kr\u00e1lovsk\u00fd smrk<\/strong>. Pne&nbsp;se do v\u00fd\u0161ky 27 metr\u016f a jeho kmen m\u00e1 obvod kolem t\u0159\u00ed metr\u016f a je zde u\u017e v\u00edce ne\u017e 180 let.&nbsp;<\/p>\n<div class=\"wp-block-image\">\n<figure class=\"aligncenter size-large is-resized\"><a href=\"https:\/\/www.telenec.cz\/wp-content\/uploads\/2021\/06\/Kralovsky-smrk-O.-Smid-2020.jpg\"><img loading=\"lazy\" decoding=\"async\" src=\"https:\/\/www.telenec.cz\/wp-content\/uploads\/2021\/06\/Kralovsky-smrk-O.-Smid-2020.jpg\" alt=\"\" class=\"wp-image-1696\" width=\"350\" height=\"467\" srcset=\"https:\/\/www.telenec.cz\/wp-content\/uploads\/2021\/06\/Kralovsky-smrk-O.-Smid-2020.jpg 700w, https:\/\/www.telenec.cz\/wp-content\/uploads\/2021\/06\/Kralovsky-smrk-O.-Smid-2020-225x300.jpg 225w\" sizes=\"(max-width: 350px) 100vw, 350px\" \/><\/a><figcaption>Kr\u00e1lovsk\u00fd smrk (autor O. \u0160m\u00edd 2020)<\/figcaption><\/figure>\n<\/div>\n<pre class=\"wp-block-preformatted\">[1]<em> Sojka V.,Dvo\u0159\u00e1k O., Hole\u010dkov\u00e1 M.: Tajemstv\u00ed \u0159\u00ed\u010dky Kamenice. berounsk\u00e9 nakladatelstv\u00ed MH,2017<\/em>\n[2] <em>Belisova N.: Osud m\u00e1 jm\u00e9no Dolsk\u00fd ml\u00fdn. <a rel=\"noreferrer noopener\" href=\"https:\/\/www.megaknihy.cz\/\" data-type=\"URL\" data-id=\"https:\/\/www.megaknihy.cz\/\" target=\"_blank\">Megaknihy<\/a><\/em> <em>- web<\/em><\/pre>\n","protected":false},"excerpt":{"rendered":"<p>M\u00edsto, kde do\u0161lo k &#8222;synovra\u017ed\u011b&#8220;. Tajemn\u00e9 z\u0159\u00edceniny Dolsk\u00e9ho ml\u00fdna nalezneme v hlubok\u00e9 rokli \u0159\u00ed\u010dky Kamenice v m\u00edstech, kde se do n\u00ed vl\u00e9v\u00e1 Jet\u0159ichovick\u00e1 B\u011bl\u00e1. Prvn\u00ed dochovan\u00e9 zpr\u00e1vy poch\u00e1zej\u00ed z roku 1515. Od roku 1548 a\u017e do 17. stolet\u00ed pat\u0159il ml\u00fdn pod Bene\u0161ovsk\u00e9 panstv\u00ed. Sou\u010d\u00e1st\u00ed ml\u00fdna byla i pek\u00e1rna. V&nbsp;roce 1696 ml\u00fdn zakoupil&nbsp;Johann Krystoph Pohl a &hellip; <\/p>\n<p class=\"link-more\"><a href=\"https:\/\/www.telenec.cz\/index.php\/dolsky-mlyn\/\" class=\"more-link\">Pokra\u010dovat ve \u010dten\u00ed<span class=\"screen-reader-text\"> &#8222;Dolsk\u00fd ml\u00fdn&#8220;<\/span><\/a><\/p>\n","protected":false},"author":1,"featured_media":0,"parent":0,"menu_order":0,"comment_status":"closed","ping_status":"closed","template":"","meta":{"footnotes":"","_wp_rev_ctl_limit":""},"class_list":["post-521","page","type-page","status-publish","hentry"],"_links":{"self":[{"href":"https:\/\/www.telenec.cz\/index.php\/wp-json\/wp\/v2\/pages\/521"}],"collection":[{"href":"https:\/\/www.telenec.cz\/index.php\/wp-json\/wp\/v2\/pages"}],"about":[{"href":"https:\/\/www.telenec.cz\/index.php\/wp-json\/wp\/v2\/types\/page"}],"author":[{"embeddable":true,"href":"https:\/\/www.telenec.cz\/index.php\/wp-json\/wp\/v2\/users\/1"}],"replies":[{"embeddable":true,"href":"https:\/\/www.telenec.cz\/index.php\/wp-json\/wp\/v2\/comments?post=521"}],"version-history":[{"count":13,"href":"https:\/\/www.telenec.cz\/index.php\/wp-json\/wp\/v2\/pages\/521\/revisions"}],"predecessor-version":[{"id":2040,"href":"https:\/\/www.telenec.cz\/index.php\/wp-json\/wp\/v2\/pages\/521\/revisions\/2040"}],"wp:attachment":[{"href":"https:\/\/www.telenec.cz\/index.php\/wp-json\/wp\/v2\/media?parent=521"}],"curies":[{"name":"wp","href":"https:\/\/api.w.org\/{rel}","templated":true}]}}