{"id":513,"date":"2021-04-16T22:10:49","date_gmt":"2021-04-16T20:10:49","guid":{"rendered":"https:\/\/www.telenec.cz\/?page_id=513"},"modified":"2021-07-03T11:28:53","modified_gmt":"2021-07-03T09:28:53","slug":"saunstejn","status":"publish","type":"page","link":"https:\/\/www.telenec.cz\/index.php\/saunstejn\/","title":{"rendered":"\u0160aun\u0161tejn"},"content":{"rendered":"<h2 class=\"has-vivid-red-color has-text-color wp-block-heading\" style=\"font-size:38px\">Byl hlavn\u011b loupe\u017enick\u00fd hrad.<\/h2>\n<p>Nepatrn\u00e9 poz\u016fstatky skaln\u00edho hradu \u0160aun\u0161tejn naz\u00fdvan\u00e9ho t\u00e9\u017e <strong>loupe\u017enick\u00fd Hr\u00e1dek<\/strong> le\u017e\u00ed na mohutn\u00e9 p\u00edskovcov\u00e9 sk\u00e1le nedaleko <strong>Vysok\u00e9 L\u00edpy <\/strong><\/p>\n<div class=\"wp-block-image\">\n<figure class=\"aligncenter size-large\"><a href=\"https:\/\/www.telenec.cz\/wp-content\/uploads\/2021\/06\/mapa-Saunstejn.jpg\"><img loading=\"lazy\" decoding=\"async\" width=\"1023\" height=\"710\" src=\"https:\/\/www.telenec.cz\/wp-content\/uploads\/2021\/06\/mapa-Saunstejn.jpg\" alt=\"\" class=\"wp-image-1945\" srcset=\"https:\/\/www.telenec.cz\/wp-content\/uploads\/2021\/06\/mapa-Saunstejn.jpg 1023w, https:\/\/www.telenec.cz\/wp-content\/uploads\/2021\/06\/mapa-Saunstejn-300x208.jpg 300w, https:\/\/www.telenec.cz\/wp-content\/uploads\/2021\/06\/mapa-Saunstejn-768x533.jpg 768w\" sizes=\"(max-width: 706px) 89vw, (max-width: 767px) 82vw, 740px\" \/><\/a><\/figure>\n<\/div>\n<p>Historick\u00e9 prameny p\u0159\u00edli\u0161 informac\u00ed o hradu nep\u0159in\u00e1\u0161ej\u00ed. Mezi historiky doch\u00e1z\u00ed ke spor\u016fm  o dobu vzniku hradu. Podle  n\u011bkter\u00fdch z nich byl d\u0159ev\u011bn\u00fd hrad na vrcholu skaliska vybudov\u00e1n na po\u010d\u00e1tku 14 stolet\u00ed. Jin\u00ed se domn\u00edvaj\u00ed,  \u017ee byl hrad vybudov\u00e1n a\u017e na konci 14. stolet\u00ed. Prvn\u00ed p\u00edsemn\u00e9 zm\u00ednky jsou z t\u0159ic\u00e1t\u00fdch a \u010dty\u0159ic\u00e1t\u00fdch let 15. let stolet\u00ed. Hrad byl v tomto obdob\u00ed v dr\u017een\u00ed <a rel=\"noreferrer noopener\" href=\"https:\/\/cs.wikipedia.org\/wiki\/Berkov%C3%A9_z_Dub%C3%A9\" data-type=\"URL\" data-id=\"https:\/\/cs.wikipedia.org\/wiki\/Berkov%C3%A9_z_Dub%C3%A9\" target=\"_blank\">Berk\u016f z Dub\u00e9<\/a>  a <a rel=\"noreferrer noopener\" href=\"https:\/\/cs.wikipedia.org\/wiki\/Vartenberkov%C3%A9\" data-type=\"URL\" data-id=\"https:\/\/cs.wikipedia.org\/wiki\/Vartenberkov%C3%A9\" target=\"_blank\">Vartemberk\u016f<\/a>.  Vartemberkov\u00e9 ho v roce 1444  vyu\u017e\u00edvali jako z\u00e1kladnu ve v\u00e1lce s <a rel=\"noreferrer noopener\" href=\"https:\/\/cs.wikipedia.org\/wiki\/Lu%C5%BEi%C4%8Dt%C3%AD_Srbov%C3%A9\" data-type=\"URL\" data-id=\"https:\/\/cs.wikipedia.org\/wiki\/Lu%C5%BEi%C4%8Dt%C3%AD_Srbov%C3%A9\" target=\"_blank\">Lu\u017ei\u010dany<\/a>. Hrad prvn\u00edmu n\u00e1poru odolal, av\u0161ak za n\u011bkolik m\u011bs\u00edc\u016f pozd\u011bji byl dobyt vojskem z litom\u011b\u0159ick\u00e9ho regionu a Prahy.<\/p>\n<p>Posledn\u00ed dochovan\u00e9 zpr\u00e1vy poch\u00e1zej\u00ed z 15. stolet\u00ed, pot\u00e9 byl hrad opu\u0161t\u011bn. Podle pov\u011bst\u00ed se stal pozd\u011bji b\u011bhem t\u0159icetilet\u00e9 v\u00e1lky \u00fato\u010di\u0161t\u011bm loupe\u017en\u00fdch band a vojensk\u00fdch zb\u011bh\u016f.  Odkud poch\u00e1z\u00ed n\u00e1zev loupe\u017enick\u00fd hr\u00e1dek. <\/p>\n<p>Z hradu se dochovaly pouze nev\u00fdznamn\u00e9 poz\u016fstatky vytesan\u00e9 do sk\u00e1ly. Do \u00fapat\u00ed skaln\u00edho bloku je vytesan\u00e1 dutina, kter\u00e1 patrn\u011b slou\u017eila jako vr\u00e1tnice. Na vrcholu jsou vyhlouben\u00e9 z\u00e1klady pro d\u0159ev\u011bnou v\u011b\u017e a asi t\u0159i metry hlubok\u00e1 j\u00e1ma, pravd\u011bpodobn\u011b cisterna.<\/p>\n<figure class=\"wp-block-gallery columns-3 is-cropped wp-block-gallery-1 is-layout-flex wp-block-gallery-is-layout-flex\">\n<ul class=\"blocks-gallery-grid\">\n<li class=\"blocks-gallery-item\">\n<figure><a href=\"https:\/\/www.telenec.cz\/wp-content\/uploads\/2021\/06\/Saunstein_32.jpg\"><img loading=\"lazy\" decoding=\"async\" width=\"1000\" height=\"700\" src=\"https:\/\/www.telenec.cz\/wp-content\/uploads\/2021\/06\/Saunstein_32.jpg\" alt=\"\" data-id=\"1943\" data-full-url=\"https:\/\/www.telenec.cz\/wp-content\/uploads\/2021\/06\/Saunstein_32.jpg\" data-link=\"https:\/\/www.telenec.cz\/index.php\/saunstejn\/saunstein_32\/\" class=\"wp-image-1943\" srcset=\"https:\/\/www.telenec.cz\/wp-content\/uploads\/2021\/06\/Saunstein_32.jpg 1000w, https:\/\/www.telenec.cz\/wp-content\/uploads\/2021\/06\/Saunstein_32-300x210.jpg 300w, https:\/\/www.telenec.cz\/wp-content\/uploads\/2021\/06\/Saunstein_32-768x538.jpg 768w\" sizes=\"(max-width: 706px) 89vw, (max-width: 767px) 82vw, 740px\" \/><\/a><\/figure>\n<\/li>\n<li class=\"blocks-gallery-item\">\n<figure><a href=\"https:\/\/www.telenec.cz\/wp-content\/uploads\/2021\/06\/Ocean_2.jpg\"><img loading=\"lazy\" decoding=\"async\" width=\"1000\" height=\"700\" src=\"https:\/\/www.telenec.cz\/wp-content\/uploads\/2021\/06\/Ocean_2.jpg\" alt=\"\" data-id=\"1941\" data-link=\"https:\/\/www.telenec.cz\/index.php\/saunstejn\/ocean_2\/\" class=\"wp-image-1941\" srcset=\"https:\/\/www.telenec.cz\/wp-content\/uploads\/2021\/06\/Ocean_2.jpg 1000w, https:\/\/www.telenec.cz\/wp-content\/uploads\/2021\/06\/Ocean_2-300x210.jpg 300w, https:\/\/www.telenec.cz\/wp-content\/uploads\/2021\/06\/Ocean_2-768x538.jpg 768w\" sizes=\"(max-width: 706px) 89vw, (max-width: 767px) 82vw, 740px\" \/><\/a><\/figure>\n<\/li>\n<li class=\"blocks-gallery-item\">\n<figure><a href=\"https:\/\/www.telenec.cz\/wp-content\/uploads\/2021\/06\/Ocean_7.jpg\"><img loading=\"lazy\" decoding=\"async\" width=\"1000\" height=\"700\" src=\"https:\/\/www.telenec.cz\/wp-content\/uploads\/2021\/06\/Ocean_7.jpg\" alt=\"\" data-id=\"1936\" data-link=\"https:\/\/www.telenec.cz\/index.php\/saunstejn\/ocean_7\/\" class=\"wp-image-1936\" srcset=\"https:\/\/www.telenec.cz\/wp-content\/uploads\/2021\/06\/Ocean_7.jpg 1000w, https:\/\/www.telenec.cz\/wp-content\/uploads\/2021\/06\/Ocean_7-300x210.jpg 300w, https:\/\/www.telenec.cz\/wp-content\/uploads\/2021\/06\/Ocean_7-768x538.jpg 768w\" sizes=\"(max-width: 706px) 89vw, (max-width: 767px) 82vw, 740px\" \/><\/a><\/figure>\n<\/li>\n<li class=\"blocks-gallery-item\">\n<figure><a href=\"https:\/\/www.telenec.cz\/wp-content\/uploads\/2021\/06\/Ocean_6.jpg\"><img loading=\"lazy\" decoding=\"async\" width=\"1000\" height=\"700\" src=\"https:\/\/www.telenec.cz\/wp-content\/uploads\/2021\/06\/Ocean_6.jpg\" alt=\"\" data-id=\"1937\" data-link=\"https:\/\/www.telenec.cz\/index.php\/saunstejn\/ocean_6\/\" class=\"wp-image-1937\" srcset=\"https:\/\/www.telenec.cz\/wp-content\/uploads\/2021\/06\/Ocean_6.jpg 1000w, https:\/\/www.telenec.cz\/wp-content\/uploads\/2021\/06\/Ocean_6-300x210.jpg 300w, https:\/\/www.telenec.cz\/wp-content\/uploads\/2021\/06\/Ocean_6-768x538.jpg 768w\" sizes=\"(max-width: 706px) 89vw, (max-width: 767px) 82vw, 740px\" \/><\/a><\/figure>\n<\/li>\n<li class=\"blocks-gallery-item\">\n<figure><a href=\"https:\/\/www.telenec.cz\/wp-content\/uploads\/2021\/06\/Ocean_5.jpg\"><img loading=\"lazy\" decoding=\"async\" width=\"1000\" height=\"700\" src=\"https:\/\/www.telenec.cz\/wp-content\/uploads\/2021\/06\/Ocean_5.jpg\" alt=\"\" data-id=\"1938\" data-link=\"https:\/\/www.telenec.cz\/index.php\/saunstejn\/ocean_5\/\" class=\"wp-image-1938\" srcset=\"https:\/\/www.telenec.cz\/wp-content\/uploads\/2021\/06\/Ocean_5.jpg 1000w, https:\/\/www.telenec.cz\/wp-content\/uploads\/2021\/06\/Ocean_5-300x210.jpg 300w, https:\/\/www.telenec.cz\/wp-content\/uploads\/2021\/06\/Ocean_5-768x538.jpg 768w\" sizes=\"(max-width: 706px) 89vw, (max-width: 767px) 82vw, 740px\" \/><\/a><\/figure>\n<\/li>\n<li class=\"blocks-gallery-item\">\n<figure><a href=\"https:\/\/www.telenec.cz\/wp-content\/uploads\/2021\/06\/Ocean_4.jpg\"><img loading=\"lazy\" decoding=\"async\" width=\"1000\" height=\"700\" src=\"https:\/\/www.telenec.cz\/wp-content\/uploads\/2021\/06\/Ocean_4.jpg\" alt=\"\" data-id=\"1939\" data-link=\"https:\/\/www.telenec.cz\/index.php\/saunstejn\/ocean_4\/\" class=\"wp-image-1939\" srcset=\"https:\/\/www.telenec.cz\/wp-content\/uploads\/2021\/06\/Ocean_4.jpg 1000w, https:\/\/www.telenec.cz\/wp-content\/uploads\/2021\/06\/Ocean_4-300x210.jpg 300w, https:\/\/www.telenec.cz\/wp-content\/uploads\/2021\/06\/Ocean_4-768x538.jpg 768w\" sizes=\"(max-width: 706px) 89vw, (max-width: 767px) 82vw, 740px\" \/><\/a><\/figure>\n<\/li>\n<li class=\"blocks-gallery-item\">\n<figure><a href=\"https:\/\/www.telenec.cz\/wp-content\/uploads\/2021\/06\/Ocean_3.jpg\"><img loading=\"lazy\" decoding=\"async\" width=\"1000\" height=\"700\" src=\"https:\/\/www.telenec.cz\/wp-content\/uploads\/2021\/06\/Ocean_3.jpg\" alt=\"\" data-id=\"1940\" data-link=\"https:\/\/www.telenec.cz\/index.php\/saunstejn\/ocean_3\/\" class=\"wp-image-1940\" srcset=\"https:\/\/www.telenec.cz\/wp-content\/uploads\/2021\/06\/Ocean_3.jpg 1000w, https:\/\/www.telenec.cz\/wp-content\/uploads\/2021\/06\/Ocean_3-300x210.jpg 300w, https:\/\/www.telenec.cz\/wp-content\/uploads\/2021\/06\/Ocean_3-768x538.jpg 768w\" sizes=\"(max-width: 706px) 89vw, (max-width: 767px) 82vw, 740px\" \/><\/a><\/figure>\n<\/li>\n<li class=\"blocks-gallery-item\">\n<figure><a href=\"https:\/\/www.telenec.cz\/wp-content\/uploads\/2021\/06\/Ocean_1.jpg\"><img loading=\"lazy\" decoding=\"async\" width=\"1000\" height=\"700\" src=\"https:\/\/www.telenec.cz\/wp-content\/uploads\/2021\/06\/Ocean_1.jpg\" alt=\"\" data-id=\"1942\" data-link=\"https:\/\/www.telenec.cz\/index.php\/saunstejn\/ocean_1\/\" class=\"wp-image-1942\" srcset=\"https:\/\/www.telenec.cz\/wp-content\/uploads\/2021\/06\/Ocean_1.jpg 1000w, https:\/\/www.telenec.cz\/wp-content\/uploads\/2021\/06\/Ocean_1-300x210.jpg 300w, https:\/\/www.telenec.cz\/wp-content\/uploads\/2021\/06\/Ocean_1-768x538.jpg 768w\" sizes=\"(max-width: 706px) 89vw, (max-width: 767px) 82vw, 740px\" \/><\/a><\/figure>\n<\/li>\n<\/ul><figcaption class=\"blocks-gallery-caption\">Loupe\u017enick\u00fd hr\u00e1dek (autor \u03a9\u03ba\u03b5\u03b1\u03bd\u03cc\u03c2 2020)<\/figcaption><\/figure>\n<p>Vystup na vrcholek skaln\u00edho bloku nen\u00ed zrovna snadn\u00fd. Do sk\u00e1ly jsou vytesan\u00e9 schody, kter\u00e9 jsou v neju\u017e\u0161\u00edm m\u00edst\u011b skaln\u00ed \u0161t\u011brbiny  zna\u010dn\u011b vy\u0161lapan\u00e9.   V tomto m\u00edst\u011b nebylo kv\u016fli nedostatku prostoru ani z\u00e1bradl\u00ed. Stoup\u00e1n\u00ed na vrchol usnad\u0148ovaly v z\u00e1v\u011bru v\u00fdstupu \u017eeb\u0159\u00edky. V roce 2021 zah\u00e1jila spr\u00e1va NP \u010cesk\u00e9 \u0160v\u00fdcarsko rekonstrukci p\u0159\u00edstupov\u00e9 trasy, bohu\u017eel podle m\u00e9ho n\u00e1zoru op\u011bt ne zcela vhodn\u00fdm zp\u016fsobem.  <\/p>\n<p>Ze skaln\u00ed plo\u0161iny je p\u0159ekr\u00e1sn\u00fd v\u00fdhled do okol\u00ed. Na severov\u00fdchod\u011b lze spat\u0159it Jet\u0159ichovick\u00e9 st\u011bny s dominuj\u00edc\u00ed <a href=\"https:\/\/www.telenec.cz\/index.php\/vyhlidky\/\" data-type=\"page\" data-id=\"517\">Martininou sk\u00e1lou<\/a> s vyhl\u00eddkov\u00fdm alt\u00e1nem. Ve sm\u011bru na Mezn\u00ed louku  vid\u00edme V\u011btrovec (450 m n.m.) a za Vysokou L\u00edpou se vzty\u010duje \u010desk\u00e1 Fud\u017eijama &#8211; <a rel=\"noreferrer noopener\" href=\"https:\/\/cs.wikipedia.org\/wiki\/R%C5%AF%C5%BEovsk%C3%BD_vrch\" data-type=\"URL\" data-id=\"https:\/\/cs.wikipedia.org\/wiki\/R%C5%AF%C5%BEovsk%C3%BD_vrch\" target=\"_blank\">R\u016f\u017eovsk\u00fd vrch<\/a> (619 m n.m.).  Z\u00e1padn\u00edm sm\u011brem se  v pozad\u00ed  r\u00fdsuje panorama Sask\u00e9ho  \u0160v\u00fdcarska.<\/p>\n<div class=\"wp-block-image\">\n<figure class=\"aligncenter size-large\"><a href=\"https:\/\/www.telenec.cz\/wp-content\/uploads\/2021\/06\/Irenajs-202.jpg\"><img loading=\"lazy\" decoding=\"async\" width=\"1000\" height=\"750\" src=\"https:\/\/www.telenec.cz\/wp-content\/uploads\/2021\/06\/Irenajs-202.jpg\" alt=\"\" class=\"wp-image-1944\" srcset=\"https:\/\/www.telenec.cz\/wp-content\/uploads\/2021\/06\/Irenajs-202.jpg 1000w, https:\/\/www.telenec.cz\/wp-content\/uploads\/2021\/06\/Irenajs-202-300x225.jpg 300w, https:\/\/www.telenec.cz\/wp-content\/uploads\/2021\/06\/Irenajs-202-768x576.jpg 768w\" sizes=\"(max-width: 706px) 89vw, (max-width: 767px) 82vw, 740px\" \/><\/a><figcaption>V\u00fdhled ze \u0160aun\u0161tejna (autor Irena 2020)<\/figcaption><\/figure>\n<\/div>\n<p>Kdy\u017e u\u017e jsme zvl\u00e1dli v\u00fdstup na \u0160aun\u0161tejn, tak ji\u017e s men\u0161\u00ed n\u00e1mahou stoj\u00ed za to nav\u0161t\u00edvit je\u0161t\u011b <strong>Malou Prav\u010dickou br\u00e1nu<\/strong>. Je ukryt\u00e1 v les\u00edch necel\u00fd kilometr od \u0160aun\u0161tejna. Rozm\u011bry se nem\u016f\u017ee srovn\u00e1vat se slavnou jmenovkyn\u00ed, ale i ona m\u00e1 sv\u016fj p\u016fvab. Svou v\u00fd\u0161kou 2,3 m, \u0161\u00ed\u0159kou 3,3 m a hloubkou kolem 1,5 m pat\u0159\u00ed k do skupiny pozoruhodn\u00fdch skaln\u00edch \u00fatvar\u016f v NP \u010cesk\u00e9 \u0160v\u00fdcarsko. Mal\u00e1 Prav\u010dick\u00e1 br\u00e1na m\u00e1 vyhl\u00eddkovou plo\u0161inu, kterou  z d\u016fvodu zabr\u00e1n\u011bn\u00ed devastace sk\u00e1ly tvo\u0159\u00ed \u017eelezn\u00e1 konstrukce . Bohu\u017eel i zde provedla spr\u00e1va NP nezbytn\u00e9 \u00fapravy ne zcela vhodn\u00fdm zp\u016fsobem.<\/p>\n<figure class=\"wp-block-gallery columns-2 is-cropped wp-block-gallery-2 is-layout-flex wp-block-gallery-is-layout-flex\">\n<ul class=\"blocks-gallery-grid\">\n<li class=\"blocks-gallery-item\">\n<figure><img loading=\"lazy\" decoding=\"async\" width=\"1000\" height=\"700\" src=\"https:\/\/www.telenec.cz\/wp-content\/uploads\/2021\/06\/M-Pravcicka_13.jpg\" alt=\"\" data-id=\"1934\" data-link=\"https:\/\/www.telenec.cz\/index.php\/saunstejn\/m-pravcicka_13\/\" class=\"wp-image-1934\" srcset=\"https:\/\/www.telenec.cz\/wp-content\/uploads\/2021\/06\/M-Pravcicka_13.jpg 1000w, https:\/\/www.telenec.cz\/wp-content\/uploads\/2021\/06\/M-Pravcicka_13-300x210.jpg 300w, https:\/\/www.telenec.cz\/wp-content\/uploads\/2021\/06\/M-Pravcicka_13-768x538.jpg 768w\" sizes=\"(max-width: 706px) 89vw, (max-width: 767px) 82vw, 740px\" \/><\/figure>\n<\/li>\n<li class=\"blocks-gallery-item\">\n<figure><img loading=\"lazy\" decoding=\"async\" width=\"1000\" height=\"700\" src=\"https:\/\/www.telenec.cz\/wp-content\/uploads\/2021\/06\/M.-Cuberek.jpg\" alt=\"\" data-id=\"1935\" data-full-url=\"https:\/\/www.telenec.cz\/wp-content\/uploads\/2021\/06\/M.-Cuberek.jpg\" data-link=\"https:\/\/www.telenec.cz\/index.php\/saunstejn\/m-cuberek\/\" class=\"wp-image-1935\" srcset=\"https:\/\/www.telenec.cz\/wp-content\/uploads\/2021\/06\/M.-Cuberek.jpg 1000w, https:\/\/www.telenec.cz\/wp-content\/uploads\/2021\/06\/M.-Cuberek-300x210.jpg 300w, https:\/\/www.telenec.cz\/wp-content\/uploads\/2021\/06\/M.-Cuberek-768x538.jpg 768w\" sizes=\"(max-width: 706px) 89vw, (max-width: 767px) 82vw, 740px\" \/><\/figure>\n<\/li>\n<\/ul><figcaption class=\"blocks-gallery-caption\">Mal\u00e1 Prav\u010dick\u00e1 br\u00e1na (autor webu, M. Cuberek)<\/figcaption><\/figure>\n<pre class=\"wp-block-preformatted\">[1] <a rel=\"noreferrer noopener\" href=\"https:\/\/cs.wikipedia.org\/wiki\/%C5%A0aun%C5%A1tejn\" data-type=\"URL\" data-id=\"https:\/\/cs.wikipedia.org\/wiki\/%C5%A0aun%C5%A1tejn\" target=\"_blank\">\u0160aun\u0161t\u011bjn<\/a> - Wikipedie\n[2] Ru\u017ei\u010dka R., Jord\u00e1kov\u00e1 J. : N\u00e1rodn\u00ed park \u010cesk\u00e9 \u0160v\u00fdcarsko do kapsy. ISBN 80-7309-325-1<\/pre>\n","protected":false},"excerpt":{"rendered":"<p>Byl hlavn\u011b loupe\u017enick\u00fd hrad. Nepatrn\u00e9 poz\u016fstatky skaln\u00edho hradu \u0160aun\u0161tejn naz\u00fdvan\u00e9ho t\u00e9\u017e loupe\u017enick\u00fd Hr\u00e1dek le\u017e\u00ed na mohutn\u00e9 p\u00edskovcov\u00e9 sk\u00e1le nedaleko Vysok\u00e9 L\u00edpy Historick\u00e9 prameny p\u0159\u00edli\u0161 informac\u00ed o hradu nep\u0159in\u00e1\u0161ej\u00ed. Mezi historiky doch\u00e1z\u00ed ke spor\u016fm o dobu vzniku hradu. Podle n\u011bkter\u00fdch z nich byl d\u0159ev\u011bn\u00fd hrad na vrcholu skaliska vybudov\u00e1n na po\u010d\u00e1tku 14 stolet\u00ed. Jin\u00ed se domn\u00edvaj\u00ed, &hellip; <\/p>\n<p class=\"link-more\"><a href=\"https:\/\/www.telenec.cz\/index.php\/saunstejn\/\" class=\"more-link\">Pokra\u010dovat ve \u010dten\u00ed<span class=\"screen-reader-text\"> &#8222;\u0160aun\u0161tejn&#8220;<\/span><\/a><\/p>\n","protected":false},"author":1,"featured_media":0,"parent":0,"menu_order":0,"comment_status":"closed","ping_status":"closed","template":"","meta":{"footnotes":"","_wp_rev_ctl_limit":"3"},"class_list":["post-513","page","type-page","status-publish","hentry"],"_links":{"self":[{"href":"https:\/\/www.telenec.cz\/index.php\/wp-json\/wp\/v2\/pages\/513"}],"collection":[{"href":"https:\/\/www.telenec.cz\/index.php\/wp-json\/wp\/v2\/pages"}],"about":[{"href":"https:\/\/www.telenec.cz\/index.php\/wp-json\/wp\/v2\/types\/page"}],"author":[{"embeddable":true,"href":"https:\/\/www.telenec.cz\/index.php\/wp-json\/wp\/v2\/users\/1"}],"replies":[{"embeddable":true,"href":"https:\/\/www.telenec.cz\/index.php\/wp-json\/wp\/v2\/comments?post=513"}],"version-history":[{"count":2,"href":"https:\/\/www.telenec.cz\/index.php\/wp-json\/wp\/v2\/pages\/513\/revisions"}],"predecessor-version":[{"id":1960,"href":"https:\/\/www.telenec.cz\/index.php\/wp-json\/wp\/v2\/pages\/513\/revisions\/1960"}],"wp:attachment":[{"href":"https:\/\/www.telenec.cz\/index.php\/wp-json\/wp\/v2\/media?parent=513"}],"curies":[{"name":"wp","href":"https:\/\/api.w.org\/{rel}","templated":true}]}}