{"id":382,"date":"2021-04-10T13:12:32","date_gmt":"2021-04-10T11:12:32","guid":{"rendered":"https:\/\/www.telenec.cz\/?page_id=382"},"modified":"2021-05-25T10:23:01","modified_gmt":"2021-05-25T08:23:01","slug":"mistopis-2","status":"publish","type":"page","link":"https:\/\/www.telenec.cz\/index.php\/mistopis-2\/","title":{"rendered":"M\u00edstopis"},"content":{"rendered":"<p>V t\u00e9to \u010d\u00e1sti je podrobn\u011bj\u0161\u00ed popis vybran\u00fdch m\u00edst \u010cesk\u00e9ho \u0160v\u00fdcarska.<\/p>\n","protected":false},"excerpt":{"rendered":"<p>V t\u00e9to \u010d\u00e1sti je podrobn\u011bj\u0161\u00ed popis vybran\u00fdch m\u00edst \u010cesk\u00e9ho \u0160v\u00fdcarska.<\/p>\n","protected":false},"author":1,"featured_media":0,"parent":0,"menu_order":0,"comment_status":"closed","ping_status":"closed","template":"","meta":{"footnotes":"","_wp_rev_ctl_limit":""},"class_list":["post-382","page","type-page","status-publish","hentry"],"_links":{"self":[{"href":"https:\/\/www.telenec.cz\/index.php\/wp-json\/wp\/v2\/pages\/382"}],"collection":[{"href":"https:\/\/www.telenec.cz\/index.php\/wp-json\/wp\/v2\/pages"}],"about":[{"href":"https:\/\/www.telenec.cz\/index.php\/wp-json\/wp\/v2\/types\/page"}],"author":[{"embeddable":true,"href":"https:\/\/www.telenec.cz\/index.php\/wp-json\/wp\/v2\/users\/1"}],"replies":[{"embeddable":true,"href":"https:\/\/www.telenec.cz\/index.php\/wp-json\/wp\/v2\/comments?post=382"}],"version-history":[{"count":2,"href":"https:\/\/www.telenec.cz\/index.php\/wp-json\/wp\/v2\/pages\/382\/revisions"}],"predecessor-version":[{"id":1312,"href":"https:\/\/www.telenec.cz\/index.php\/wp-json\/wp\/v2\/pages\/382\/revisions\/1312"}],"wp:attachment":[{"href":"https:\/\/www.telenec.cz\/index.php\/wp-json\/wp\/v2\/media?parent=382"}],"curies":[{"name":"wp","href":"https:\/\/api.w.org\/{rel}","templated":true}]}}