{"id":370,"date":"2021-04-10T13:04:44","date_gmt":"2021-04-10T11:04:44","guid":{"rendered":"https:\/\/www.telenec.cz\/?page_id=370"},"modified":"2021-06-20T17:01:59","modified_gmt":"2021-06-20T15:01:59","slug":"hrensko","status":"publish","type":"page","link":"https:\/\/www.telenec.cz\/index.php\/hrensko\/","title":{"rendered":"H\u0159ensko"},"content":{"rendered":"<h2 class=\"has-vivid-red-color has-text-color wp-block-heading\" style=\"font-size:38px\">H\u0159ensko&nbsp;&#8211;&nbsp;Herrnskretschen<\/h2>\n<figure class=\"wp-block-image size-large\"><img loading=\"lazy\" decoding=\"async\" width=\"1000\" height=\"700\" src=\"https:\/\/www.telenec.cz\/wp-content\/uploads\/2021\/06\/Hrensko.jpg\" alt=\"\" class=\"wp-image-1601\" srcset=\"https:\/\/www.telenec.cz\/wp-content\/uploads\/2021\/06\/Hrensko.jpg 1000w, https:\/\/www.telenec.cz\/wp-content\/uploads\/2021\/06\/Hrensko-300x210.jpg 300w, https:\/\/www.telenec.cz\/wp-content\/uploads\/2021\/06\/Hrensko-768x538.jpg 768w\" sizes=\"(max-width: 706px) 89vw, (max-width: 767px) 82vw, 740px\" \/><\/figure>\n<p>Historie oblasti, kde se nach\u00e1z\u00ed obec H\u0159ensko, sah\u00e1 do po\u010d\u00e1tku 15. stolet\u00ed. V roce 1408 je v p\u00edsemnostech Berk\u016f z Vysok\u00e9 L\u00edpy zm\u00ednka o odbo\u010dce z \u010cesk\u00e9 cesty ke kr\u010dm\u011b na b\u0159ehu \u0159eky Labe.<\/p>\n<p>Dal\u0161\u00ed p\u00edsemn\u00e1 zm\u00ednka o H\u0159ensku z roku 1475 je v souvislosti s p\u0159epaden\u00edm t\u0159\u00ed norimbersk\u00fdch kupc\u016f. M\u00edsto bylo dob\u0159e zn\u00e1m\u00e9, od v\u00fdchodu sem k Labi vedla ji\u017e zm\u00edn\u011bn\u00e1 odbo\u010dka \u010cesk\u00e9 cesty.<\/p>\n<p>P\u0159i \u00fast\u00ed Kamenice bylo skladi\u0161t\u011b d\u0159\u00edv\u00ed, v provozu byl i ml\u00fdn. Plaven\u00ed d\u0159\u00edv\u00ed vy\u017eadovalo i budov\u00e1n\u00ed nutn\u00e9ho z\u00e1zem\u00ed, d\u0159eva\u0159i a plavci si tady postavili ch\u00fd\u0161e,<\/p>\n<p>V letech 1530 \u2013 1550 se na \u00fazem\u00ed H\u0159enska za\u010dali usazovat nov\u00ed osadn\u00edci. Po Labi se u\u017e neplavilo jen d\u0159\u00edv\u00ed, v h\u0159ensk\u00fdch skladi\u0161t\u00edch bylo ukl\u00e1d\u00e1no obil\u00ed, sklo, ale tak\u00e9 s\u016fl dov\u00e1\u017een\u00e1 do \u010cech. V t\u00e9to dob\u011b byli majiteli <a rel=\"noreferrer noopener\" href=\"https:\/\/cs.wikipedia.org\/wiki\/Salhausenovsk%C3%BD_d%C5%AFm\" data-type=\"URL\" data-id=\"https:\/\/cs.wikipedia.org\/wiki\/Salhausenovsk%C3%BD_d%C5%AFm\" target=\"_blank\">Salhausenov\u00e9<\/a>, po jejich zadlu\u017een\u00ed a \u00fapadku z\u00edskal v roce 1612 H\u0159ensko v\u011b\u0159itel <a rel=\"noreferrer noopener\" href=\"https:\/\/cs.wikipedia.org\/wiki\/Jan_z_Vartenberka\" data-type=\"URL\" data-id=\"https:\/\/cs.wikipedia.org\/wiki\/Jan_z_Vartenberka\" target=\"_blank\">Jan z Vartemberka<\/a>, pot\u00e9 &nbsp;Vchyni\u010dt\u00ed a Aldringenov\u00e9 a od roku 1664 <a rel=\"noreferrer noopener\" href=\"https:\/\/cs.wikipedia.org\/wiki\/Clary-Aldringenov%C3%A9\" data-type=\"URL\" data-id=\"https:\/\/cs.wikipedia.org\/wiki\/Clary-Aldringenov%C3%A9\" target=\"_blank\">Clary-Aldringenov\u00e9.<\/a><\/p>\n<p>Po smrti gener\u00e1la Jana Aldringena v 30let\u00e9 v\u00e1lce byl majetek panstv\u00ed rozd\u011blen d\u011bdic\u016fm. Obyvatel\u00e9 H\u0159enska a Mezn\u00e9 tak &nbsp;podl\u00e9hali \u010dty\u0159em vrchnostem. A\u017e za <a href=\"https:\/\/cs.wikipedia.org\/wiki\/Franti%C5%A1ek_Karel_Habsbursko-Lotrinsk%C3%BD\" data-type=\"URL\" data-id=\"https:\/\/cs.wikipedia.org\/wiki\/Franti%C5%A1ek_Karel_Habsbursko-Lotrinsk%C3%BD\" target=\"_blank\" rel=\"noreferrer noopener\">Franti\u0161ka Karla<\/a> byly v roce 1709 v\u0161echny d\u00edly slou\u010deny do bynoveck\u00e9ho panstv\u00ed.<\/p>\n<p>V 17. stolet\u00ed vzrostl v\u00fdznam H\u0159enska jako obchodn\u00edho st\u0159ediska. Rozhoduj\u00edc\u00edm v\u00fdrobn\u00edm odv\u011btv\u00edm z\u016fstalo zpracov\u00e1n\u00ed d\u0159eva. V 18. stolet\u00ed tu st\u00e1ly \u010dty\u0159i pily, jedna z nich byla v roce 1892 p\u0159em\u011bn\u011bna na \u0161pit\u00e1l p\u0159i epidemii cholery.<\/p>\n<p>Fungovalo tady n\u011bkolik vazi\u0161\u0165, d\u0159evo se plavilo i na vzd\u00e1len\u011bj\u0161\u00ed m\u00edsta. Specialitou byly mohutn\u00e9 stalet\u00e9 kmeny, dod\u00e1van\u00e9 do n\u00e1mo\u0159n\u00edch lod\u011bnic pro sto\u017e\u00e1ry velk\u00fdch plachetnic. D\u0159evo bylo tak\u00e9 zpracov\u00e1v\u00e1no podom\u00e1cku na \u0161indele, n\u00e1dob\u00ed, n\u00e1\u0159ad\u00ed, chmelov\u00e9 ty\u010de a dal\u0161\u00ed zbo\u017e\u00ed. V mil\u00ed\u0159\u00edch uprost\u0159ed les\u016f se vyr\u00e1b\u011blo d\u0159ev\u011bn\u00e9 uhl\u00ed a kolomaz. Kv\u016fli obchodov\u00e1n\u00ed s obil\u00edm zde do\u0161lo k rozvoji ml\u00fdn\u016f.<\/p>\n<p>Dal\u0161\u00edm d\u016fle\u017eit\u00fdm odv\u011btv\u00edm byla t\u011b\u017eba a zpracov\u00e1n\u00ed p\u00edskovce, kter\u00fd se dov\u00e1\u017eel a\u017e do Dr\u00e1\u017e\u010fan. Lid\u00e9 se \u017eivili i podloudnictv\u00edm (stezka Podloudnice byla zn\u00e1m\u00e1 ji\u017e roce 1492). Pa\u0161ovala se zde s\u016fl, tab\u00e1k, sukno a dal\u0161\u00ed zbo\u017e\u00ed. Po t\u0159icetilet\u00e9 v\u00e1lce se objevila p\u0159\u00edsn\u011bj\u0161\u00ed opat\u0159en\u00ed k zaji\u0161t\u011bn\u00ed hranice. Roku 1656 je ve H\u0159ensku dolo\u017eena stanice soln\u00e9ho dohl\u00ed\u017eitelstv\u00ed a ve t\u0159ic\u00e1t\u00fdch letech 18. stolet\u00ed stanice celn\u00edch v\u00fdb\u011br\u010d\u00edch.<\/p>\n<p>V\u00fdznamn\u00e9 pro rozvoj H\u0159enska bylo zaveden\u00ed paroplavby. Prvn\u00ed parn\u00edk proplul H\u0159enskem    14. 6. 1838. Rozvoj pr\u016fmyslu v 19. stolet\u00ed nem\u011bl na H\u0159ensko v\u00fdrazn\u011bj\u0161\u00ed vliv.<\/p>\n<p>V 19. stolet\u00ed se ve H\u0159ensku za\u010d\u00edn\u00e1 st\u00e1le v\u00edce rozv\u00edjet cestovn\u00ed ruch, podporovan\u00fd majitelem panstv\u00ed kn\u00ed\u017eetem Edmundem Clary-Aldringenem. Ve t\u0159ic\u00e1t\u00fdch letech 19. stolet\u00ed byla upravena stezka z H\u0159enska na Prav\u010dickou br\u00e1nu, vznikaly hotely, penziony a hostince. V roce 1898 byly dokon\u010deny a zp\u0159\u00edstupn\u011bny sout\u011bsky.<\/p>\n<p>\u0158ada opat\u0159en\u00ed v N\u011bmecku se  po roce 1933  projevila \u00fapadkem H\u0159enska. Claryov\u00e9 pat\u0159ili ke stoupenc\u016fm K. Henleina. V roce 1939 bylo H\u0159ensko p\u0159ipojeno k&nbsp;\u0159\u00ed\u0161i. &nbsp;B\u011bhem v\u00e1lky byl u hotelu Herrnhaus vybudov\u00e1n most p\u0159es Kamenici a silnice spojuj\u00edc\u00ed H\u0159ensko z D\u011b\u010d\u00ednem. Koncem v\u00e1lky tudy pro\u0161lo n\u011bkolik transport\u016f v\u011bz\u0148\u016f z evakuovan\u00fdch koncentra\u010dn\u00edch t\u00e1bor\u016f. Po v\u00e1lce turistick\u00fd ruch sl\u00e1bl. O\u017eiven\u00ed nastalo a\u017e po rekonstrukci sout\u011bsek v roce 1964. Postupn\u011b vzr\u016fstala n\u00e1v\u0161t\u011bvnost turist\u016f a dnes H\u0159ensko \u017eije hlavn\u011b turistick\u00fdm ruchem. Je odtud mo\u017enost nav\u0161t\u00edvit a obdivovat jak kr\u00e1sy <strong>\u010cesk\u00e9ho \u0160v\u00fdcarska<\/strong> tak <strong>Sask\u00e9ho \u0160v\u00fdcarska<\/strong>.<\/p>\n<figure class=\"wp-block-gallery columns-3 is-cropped wp-block-gallery-1 is-layout-flex wp-block-gallery-is-layout-flex\">\n<ul class=\"blocks-gallery-grid\">\n<li class=\"blocks-gallery-item\">\n<figure><a href=\"https:\/\/www.telenec.cz\/wp-content\/uploads\/2021\/06\/Bastei_03.jpg\"><img loading=\"lazy\" decoding=\"async\" width=\"1000\" height=\"750\" src=\"https:\/\/www.telenec.cz\/wp-content\/uploads\/2021\/06\/Bastei_03.jpg\" alt=\"\" data-id=\"1602\" data-link=\"https:\/\/www.telenec.cz\/index.php\/hrensko\/bastei_03\/\" class=\"wp-image-1602\" srcset=\"https:\/\/www.telenec.cz\/wp-content\/uploads\/2021\/06\/Bastei_03.jpg 1000w, https:\/\/www.telenec.cz\/wp-content\/uploads\/2021\/06\/Bastei_03-300x225.jpg 300w, https:\/\/www.telenec.cz\/wp-content\/uploads\/2021\/06\/Bastei_03-768x576.jpg 768w\" sizes=\"(max-width: 706px) 89vw, (max-width: 767px) 82vw, 740px\" \/><\/a><\/figure>\n<\/li>\n<li class=\"blocks-gallery-item\">\n<figure><a href=\"https:\/\/www.telenec.cz\/wp-content\/uploads\/2021\/06\/Bastei_05.jpg\"><img loading=\"lazy\" decoding=\"async\" width=\"1000\" height=\"750\" src=\"https:\/\/www.telenec.cz\/wp-content\/uploads\/2021\/06\/Bastei_05.jpg\" alt=\"\" data-id=\"1603\" data-link=\"https:\/\/www.telenec.cz\/index.php\/hrensko\/bastei_05\/\" class=\"wp-image-1603\" srcset=\"https:\/\/www.telenec.cz\/wp-content\/uploads\/2021\/06\/Bastei_05.jpg 1000w, https:\/\/www.telenec.cz\/wp-content\/uploads\/2021\/06\/Bastei_05-300x225.jpg 300w, https:\/\/www.telenec.cz\/wp-content\/uploads\/2021\/06\/Bastei_05-768x576.jpg 768w\" sizes=\"(max-width: 706px) 89vw, (max-width: 767px) 82vw, 740px\" \/><\/a><\/figure>\n<\/li>\n<li class=\"blocks-gallery-item\">\n<figure><a href=\"https:\/\/www.telenec.cz\/wp-content\/uploads\/2021\/06\/Bastei_06.jpg\"><img loading=\"lazy\" decoding=\"async\" width=\"1000\" height=\"750\" src=\"https:\/\/www.telenec.cz\/wp-content\/uploads\/2021\/06\/Bastei_06.jpg\" alt=\"\" data-id=\"1604\" data-link=\"https:\/\/www.telenec.cz\/index.php\/hrensko\/bastei_06\/\" class=\"wp-image-1604\" srcset=\"https:\/\/www.telenec.cz\/wp-content\/uploads\/2021\/06\/Bastei_06.jpg 1000w, https:\/\/www.telenec.cz\/wp-content\/uploads\/2021\/06\/Bastei_06-300x225.jpg 300w, https:\/\/www.telenec.cz\/wp-content\/uploads\/2021\/06\/Bastei_06-768x576.jpg 768w\" sizes=\"(max-width: 706px) 89vw, (max-width: 767px) 82vw, 740px\" \/><\/a><\/figure>\n<\/li>\n<li class=\"blocks-gallery-item\">\n<figure><a href=\"https:\/\/www.telenec.cz\/wp-content\/uploads\/2021\/06\/Bastei_08.jpg\"><img loading=\"lazy\" decoding=\"async\" width=\"1000\" height=\"750\" src=\"https:\/\/www.telenec.cz\/wp-content\/uploads\/2021\/06\/Bastei_08.jpg\" alt=\"\" data-id=\"1605\" data-full-url=\"https:\/\/www.telenec.cz\/wp-content\/uploads\/2021\/06\/Bastei_08.jpg\" data-link=\"https:\/\/www.telenec.cz\/index.php\/hrensko\/bastei_08\/\" class=\"wp-image-1605\" srcset=\"https:\/\/www.telenec.cz\/wp-content\/uploads\/2021\/06\/Bastei_08.jpg 1000w, https:\/\/www.telenec.cz\/wp-content\/uploads\/2021\/06\/Bastei_08-300x225.jpg 300w, https:\/\/www.telenec.cz\/wp-content\/uploads\/2021\/06\/Bastei_08-768x576.jpg 768w\" sizes=\"(max-width: 706px) 89vw, (max-width: 767px) 82vw, 740px\" \/><\/a><\/figure>\n<\/li>\n<\/ul><figcaption class=\"blocks-gallery-caption\">Sask\u00e9 \u0160v\u00fdcarsko (foto autor webu)<\/figcaption><\/figure>\n<pre class=\"wp-block-preformatted\">[1] <em><a rel=\"noreferrer noopener\" href=\"https:\/\/www.hrensko.cz\/ftp\/box-menu-01\/index.html\" data-type=\"URL\" data-id=\"https:\/\/www.hrensko.cz\/ftp\/box-menu-01\/index.html\" target=\"_blank\">H\u0159ensko<\/a> - web<\/em><\/pre><\/p>\n","protected":false},"excerpt":{"rendered":"<p>H\u0159ensko&nbsp;&#8211;&nbsp;Herrnskretschen Historie oblasti, kde se nach\u00e1z\u00ed obec H\u0159ensko, sah\u00e1 do po\u010d\u00e1tku 15. stolet\u00ed. V roce 1408 je v p\u00edsemnostech Berk\u016f z Vysok\u00e9 L\u00edpy zm\u00ednka o odbo\u010dce z \u010cesk\u00e9 cesty ke kr\u010dm\u011b na b\u0159ehu \u0159eky Labe. Dal\u0161\u00ed p\u00edsemn\u00e1 zm\u00ednka o H\u0159ensku z roku 1475 je v souvislosti s p\u0159epaden\u00edm t\u0159\u00ed norimbersk\u00fdch kupc\u016f. M\u00edsto bylo dob\u0159e zn\u00e1m\u00e9, &hellip; <\/p>\n<p class=\"link-more\"><a href=\"https:\/\/www.telenec.cz\/index.php\/hrensko\/\" class=\"more-link\">Pokra\u010dovat ve \u010dten\u00ed<span class=\"screen-reader-text\"> &#8222;H\u0159ensko&#8220;<\/span><\/a><\/p>\n","protected":false},"author":1,"featured_media":0,"parent":0,"menu_order":0,"comment_status":"closed","ping_status":"closed","template":"","meta":{"footnotes":"","_wp_rev_ctl_limit":""},"class_list":["post-370","page","type-page","status-publish","hentry"],"_links":{"self":[{"href":"https:\/\/www.telenec.cz\/index.php\/wp-json\/wp\/v2\/pages\/370"}],"collection":[{"href":"https:\/\/www.telenec.cz\/index.php\/wp-json\/wp\/v2\/pages"}],"about":[{"href":"https:\/\/www.telenec.cz\/index.php\/wp-json\/wp\/v2\/types\/page"}],"author":[{"embeddable":true,"href":"https:\/\/www.telenec.cz\/index.php\/wp-json\/wp\/v2\/users\/1"}],"replies":[{"embeddable":true,"href":"https:\/\/www.telenec.cz\/index.php\/wp-json\/wp\/v2\/comments?post=370"}],"version-history":[{"count":6,"href":"https:\/\/www.telenec.cz\/index.php\/wp-json\/wp\/v2\/pages\/370\/revisions"}],"predecessor-version":[{"id":1831,"href":"https:\/\/www.telenec.cz\/index.php\/wp-json\/wp\/v2\/pages\/370\/revisions\/1831"}],"wp:attachment":[{"href":"https:\/\/www.telenec.cz\/index.php\/wp-json\/wp\/v2\/media?parent=370"}],"curies":[{"name":"wp","href":"https:\/\/api.w.org\/{rel}","templated":true}]}}