{"id":342,"date":"2021-04-09T21:32:45","date_gmt":"2021-04-09T19:32:45","guid":{"rendered":"https:\/\/www.telenec.cz\/?page_id=342"},"modified":"2021-07-04T21:21:48","modified_gmt":"2021-07-04T19:21:48","slug":"jeskyne-vil","status":"publish","type":"page","link":"https:\/\/www.telenec.cz\/index.php\/jeskyne-vil\/","title":{"rendered":"Jeskyn\u011b v\u00edl"},"content":{"rendered":"<div class=\"wp-block-group\">\n<div class=\"wp-block-group__inner-container is-layout-flow wp-block-group-is-layout-flow\">\n<h2 class=\"has-vivid-red-color has-text-color wp-block-heading\" style=\"font-size:38px\">Ledov\u00e1 n\u00e1dhera<\/h2>\n<\/p>\n<\/div>\n<\/div>\n<p>Skaln\u00ed p\u0159evis Jeskyn\u011b v\u00edl se nach\u00e1z\u00ed v <a href=\"https:\/\/www.telenec.cz\/index.php\/kyjovske-udoli\/\" data-type=\"URL\" data-id=\"https:\/\/www.telenec.cz\/index.php\/kyjovske-udoli\/\" target=\"_blank\" rel=\"noreferrer noopener\">Kyjovsk\u00e9m \u00fadol\u00ed<\/a> ,na prav\u00e9m b\u0159ehu \u0159\u00ed\u010dky K\u0159inice, asi 1,5 km od Kyjova. Po p\u0159ejit\u00ed m\u016fstku p\u0159es K\u0159inici, vystoup\u00e1me strmou p\u011b\u0161inou asi do t\u0159etiny svahu mezi p\u00edskovcov\u00e9 sk\u00e1ly. Z vn\u011bj\u0161ku se n\u00e1m bude zd\u00e1t skaln\u00ed p\u0159evis nen\u00e1padn\u00fd, a\u017e teprve, kdy\u017e sestoup\u00edme n\u011bkolik sch\u016fdk\u016f po n\u00edzk\u00e9m \u017eeb\u0159\u00edku dol\u016f, upout\u00e1 n\u00e1s p\u0159evis svoj\u00ed velikost\u00ed. Na d\u00e9lku m\u016f\u017ee m\u00edt p\u0159es 20 m a od vstupu je hlubok\u00fd asi 10 m. V nejvy\u0161\u0161\u00edm m\u00edst\u011b se dosp\u011bl\u00fd \u010dlov\u011bk postav\u00ed a do t\u011bch nejni\u017e\u0161\u00edch m\u00edst se u\u017e mus\u00ed doplazit.\u00a0\u00a0\u00a0\u00a0\u00a0<\/p>\n<div class=\"wp-block-image\">\n<figure class=\"aligncenter size-large\"><a href=\"https:\/\/www.telenec.cz\/wp-content\/uploads\/2021\/07\/Jeskyne-vil-768x538-1.jpg\"><img loading=\"lazy\" decoding=\"async\" width=\"768\" height=\"538\" src=\"https:\/\/www.telenec.cz\/wp-content\/uploads\/2021\/07\/Jeskyne-vil-768x538-1.jpg\" alt=\"\" class=\"wp-image-2018\" srcset=\"https:\/\/www.telenec.cz\/wp-content\/uploads\/2021\/07\/Jeskyne-vil-768x538-1.jpg 768w, https:\/\/www.telenec.cz\/wp-content\/uploads\/2021\/07\/Jeskyne-vil-768x538-1-300x210.jpg 300w\" sizes=\"(max-width: 706px) 89vw, (max-width: 767px) 82vw, 740px\" \/><\/a><figcaption>Jeskyn\u011b v\u00edl<\/figcaption><\/figure>\n<\/div>\n<p>V l\u00e9t\u011b nen\u00ed p\u0159evis ni\u010d\u00edm zvl\u00e1\u0161\u0165 zaj\u00edmav\u00fd, ale v mraziv\u00e9 zim\u011b se prom\u011bn\u00ed na kouzeln\u00e9 m\u00edsto s velk\u00fdm mno\u017estv\u00edm rampouch\u016f rostouc\u00edch, jak od stropu, tak t\u011bch zaj\u00edmav\u011bj\u0161\u00edch nar\u016fstaj\u00edc\u00edch od zem\u011b. Nejvhodn\u011bj\u0161\u00ed pro r\u016fst rampouch\u016f je st\u0159\u00edd\u00e1n\u00ed kr\u00e1tk\u00fdch n\u011bkolikadenn\u00edch oblev s obdob\u00edm mraz\u016f, aby ze stropu sk\u00e1ly skap\u00e1valo dostate\u010dn\u00e9 mno\u017estv\u00ed vody, kter\u00e1 n\u00e1sledn\u011b v ledov\u00e9m vzduchu zmrzne.&nbsp;&nbsp;&nbsp;&nbsp;<\/p>\n<figure class=\"wp-block-gallery columns-3 is-cropped wp-block-gallery-1 is-layout-flex wp-block-gallery-is-layout-flex\">\n<ul class=\"blocks-gallery-grid\">\n<li class=\"blocks-gallery-item\">\n<figure><a href=\"https:\/\/www.telenec.cz\/wp-content\/uploads\/2021\/05\/Alena-Havlova-1.jpg\"><img loading=\"lazy\" decoding=\"async\" width=\"300\" height=\"225\" src=\"https:\/\/www.telenec.cz\/wp-content\/uploads\/2021\/05\/Alena-Havlova-1-300x225.jpg\" alt=\"\" data-id=\"755\" data-full-url=\"https:\/\/www.telenec.cz\/wp-content\/uploads\/2021\/05\/Alena-Havlova-1.jpg\" data-link=\"https:\/\/www.telenec.cz\/index.php\/jeskyne-vil\/alena-havlova-1\/\" class=\"wp-image-755\" srcset=\"https:\/\/www.telenec.cz\/wp-content\/uploads\/2021\/05\/Alena-Havlova-1-300x225.jpg 300w, https:\/\/www.telenec.cz\/wp-content\/uploads\/2021\/05\/Alena-Havlova-1-768x576.jpg 768w, https:\/\/www.telenec.cz\/wp-content\/uploads\/2021\/05\/Alena-Havlova-1.jpg 900w\" sizes=\"(max-width: 300px) 100vw, 300px\" \/><\/a><\/figure>\n<\/li>\n<li class=\"blocks-gallery-item\">\n<figure><a href=\"https:\/\/www.telenec.cz\/wp-content\/uploads\/2021\/05\/Ales-Jecmen-1.jpg\"><img loading=\"lazy\" decoding=\"async\" width=\"300\" height=\"205\" src=\"https:\/\/www.telenec.cz\/wp-content\/uploads\/2021\/05\/Ales-Jecmen-1-300x205.jpg\" alt=\"\" data-id=\"756\" data-full-url=\"https:\/\/www.telenec.cz\/wp-content\/uploads\/2021\/05\/Ales-Jecmen-1.jpg\" data-link=\"https:\/\/www.telenec.cz\/index.php\/jeskyne-vil\/ales-jecmen-1\/\" class=\"wp-image-756\" srcset=\"https:\/\/www.telenec.cz\/wp-content\/uploads\/2021\/05\/Ales-Jecmen-1-300x205.jpg 300w, https:\/\/www.telenec.cz\/wp-content\/uploads\/2021\/05\/Ales-Jecmen-1-768x526.jpg 768w, https:\/\/www.telenec.cz\/wp-content\/uploads\/2021\/05\/Ales-Jecmen-1.jpg 900w\" sizes=\"(max-width: 300px) 100vw, 300px\" \/><\/a><\/figure>\n<\/li>\n<li class=\"blocks-gallery-item\">\n<figure><a href=\"https:\/\/www.telenec.cz\/wp-content\/uploads\/2021\/05\/Erik-Mahnert-1.jpg\"><img loading=\"lazy\" decoding=\"async\" width=\"300\" height=\"200\" src=\"https:\/\/www.telenec.cz\/wp-content\/uploads\/2021\/05\/Erik-Mahnert-1-300x200.jpg\" alt=\"\" data-id=\"757\" data-full-url=\"https:\/\/www.telenec.cz\/wp-content\/uploads\/2021\/05\/Erik-Mahnert-1.jpg\" data-link=\"https:\/\/www.telenec.cz\/index.php\/jeskyne-vil\/erik-mahnert-1\/\" class=\"wp-image-757\" srcset=\"https:\/\/www.telenec.cz\/wp-content\/uploads\/2021\/05\/Erik-Mahnert-1-300x200.jpg 300w, https:\/\/www.telenec.cz\/wp-content\/uploads\/2021\/05\/Erik-Mahnert-1-768x512.jpg 768w, https:\/\/www.telenec.cz\/wp-content\/uploads\/2021\/05\/Erik-Mahnert-1.jpg 900w\" sizes=\"(max-width: 300px) 100vw, 300px\" \/><\/a><\/figure>\n<\/li>\n<li class=\"blocks-gallery-item\">\n<figure><a href=\"https:\/\/www.telenec.cz\/wp-content\/uploads\/2021\/05\/Jiri-Kilner-1.jpg\"><img loading=\"lazy\" decoding=\"async\" width=\"300\" height=\"225\" src=\"https:\/\/www.telenec.cz\/wp-content\/uploads\/2021\/05\/Jiri-Kilner-1-300x225.jpg\" alt=\"\" data-id=\"758\" data-full-url=\"https:\/\/www.telenec.cz\/wp-content\/uploads\/2021\/05\/Jiri-Kilner-1.jpg\" data-link=\"https:\/\/www.telenec.cz\/index.php\/jeskyne-vil\/jiri-kilner-1\/\" class=\"wp-image-758\" srcset=\"https:\/\/www.telenec.cz\/wp-content\/uploads\/2021\/05\/Jiri-Kilner-1-300x225.jpg 300w, https:\/\/www.telenec.cz\/wp-content\/uploads\/2021\/05\/Jiri-Kilner-1-768x576.jpg 768w, https:\/\/www.telenec.cz\/wp-content\/uploads\/2021\/05\/Jiri-Kilner-1.jpg 900w\" sizes=\"(max-width: 300px) 100vw, 300px\" \/><\/a><\/figure>\n<\/li>\n<li class=\"blocks-gallery-item\">\n<figure><a href=\"https:\/\/www.telenec.cz\/wp-content\/uploads\/2021\/05\/Jiri-Kilner_2-1.jpg\"><img loading=\"lazy\" decoding=\"async\" width=\"300\" height=\"225\" src=\"https:\/\/www.telenec.cz\/wp-content\/uploads\/2021\/05\/Jiri-Kilner_2-1-300x225.jpg\" alt=\"\" data-id=\"759\" data-full-url=\"https:\/\/www.telenec.cz\/wp-content\/uploads\/2021\/05\/Jiri-Kilner_2-1.jpg\" data-link=\"https:\/\/www.telenec.cz\/index.php\/jeskyne-vil\/jiri-kilner_2-1\/\" class=\"wp-image-759\" srcset=\"https:\/\/www.telenec.cz\/wp-content\/uploads\/2021\/05\/Jiri-Kilner_2-1-300x225.jpg 300w, https:\/\/www.telenec.cz\/wp-content\/uploads\/2021\/05\/Jiri-Kilner_2-1-768x576.jpg 768w, https:\/\/www.telenec.cz\/wp-content\/uploads\/2021\/05\/Jiri-Kilner_2-1.jpg 900w\" sizes=\"(max-width: 300px) 100vw, 300px\" \/><\/a><\/figure>\n<\/li>\n<li class=\"blocks-gallery-item\">\n<figure><a href=\"https:\/\/www.telenec.cz\/wp-content\/uploads\/2021\/05\/Jiri-Kilner_3-1.jpg\"><img loading=\"lazy\" decoding=\"async\" width=\"300\" height=\"225\" src=\"https:\/\/www.telenec.cz\/wp-content\/uploads\/2021\/05\/Jiri-Kilner_3-1-300x225.jpg\" alt=\"\" data-id=\"760\" data-full-url=\"https:\/\/www.telenec.cz\/wp-content\/uploads\/2021\/05\/Jiri-Kilner_3-1.jpg\" data-link=\"https:\/\/www.telenec.cz\/index.php\/jeskyne-vil\/jiri-kilner_3-1\/\" class=\"wp-image-760\" srcset=\"https:\/\/www.telenec.cz\/wp-content\/uploads\/2021\/05\/Jiri-Kilner_3-1-300x225.jpg 300w, https:\/\/www.telenec.cz\/wp-content\/uploads\/2021\/05\/Jiri-Kilner_3-1-768x576.jpg 768w, https:\/\/www.telenec.cz\/wp-content\/uploads\/2021\/05\/Jiri-Kilner_3-1.jpg 900w\" sizes=\"(max-width: 300px) 100vw, 300px\" \/><\/a><\/figure>\n<\/li>\n<li class=\"blocks-gallery-item\">\n<figure><a href=\"https:\/\/www.telenec.cz\/wp-content\/uploads\/2021\/05\/Jiri-Michl-1.jpg\"><img loading=\"lazy\" decoding=\"async\" width=\"300\" height=\"200\" src=\"https:\/\/www.telenec.cz\/wp-content\/uploads\/2021\/05\/Jiri-Michl-1-300x200.jpg\" alt=\"\" data-id=\"761\" data-full-url=\"https:\/\/www.telenec.cz\/wp-content\/uploads\/2021\/05\/Jiri-Michl-1.jpg\" data-link=\"https:\/\/www.telenec.cz\/index.php\/jeskyne-vil\/jiri-michl-1\/\" class=\"wp-image-761\" srcset=\"https:\/\/www.telenec.cz\/wp-content\/uploads\/2021\/05\/Jiri-Michl-1-300x200.jpg 300w, https:\/\/www.telenec.cz\/wp-content\/uploads\/2021\/05\/Jiri-Michl-1-768x512.jpg 768w, https:\/\/www.telenec.cz\/wp-content\/uploads\/2021\/05\/Jiri-Michl-1.jpg 900w\" sizes=\"(max-width: 300px) 100vw, 300px\" \/><\/a><\/figure>\n<\/li>\n<li class=\"blocks-gallery-item\">\n<figure><a href=\"https:\/\/www.telenec.cz\/wp-content\/uploads\/2021\/05\/Jiri-Prochazka-1.jpg\"><img loading=\"lazy\" decoding=\"async\" width=\"300\" height=\"225\" src=\"https:\/\/www.telenec.cz\/wp-content\/uploads\/2021\/05\/Jiri-Prochazka-1-300x225.jpg\" alt=\"\" data-id=\"762\" data-full-url=\"https:\/\/www.telenec.cz\/wp-content\/uploads\/2021\/05\/Jiri-Prochazka-1.jpg\" data-link=\"https:\/\/www.telenec.cz\/index.php\/jeskyne-vil\/jiri-prochazka-1\/\" class=\"wp-image-762\" srcset=\"https:\/\/www.telenec.cz\/wp-content\/uploads\/2021\/05\/Jiri-Prochazka-1-300x225.jpg 300w, https:\/\/www.telenec.cz\/wp-content\/uploads\/2021\/05\/Jiri-Prochazka-1-768x576.jpg 768w, https:\/\/www.telenec.cz\/wp-content\/uploads\/2021\/05\/Jiri-Prochazka-1.jpg 900w\" sizes=\"(max-width: 300px) 100vw, 300px\" \/><\/a><\/figure>\n<\/li>\n<li class=\"blocks-gallery-item\">\n<figure><a href=\"https:\/\/www.telenec.cz\/wp-content\/uploads\/2021\/05\/Karel-Valenta-1.jpg\"><img loading=\"lazy\" decoding=\"async\" width=\"300\" height=\"225\" src=\"https:\/\/www.telenec.cz\/wp-content\/uploads\/2021\/05\/Karel-Valenta-1-300x225.jpg\" alt=\"\" data-id=\"763\" data-full-url=\"https:\/\/www.telenec.cz\/wp-content\/uploads\/2021\/05\/Karel-Valenta-1.jpg\" data-link=\"https:\/\/www.telenec.cz\/index.php\/jeskyne-vil\/karel-valenta-1\/\" class=\"wp-image-763\"\/><\/a><\/figure>\n<\/li>\n<li class=\"blocks-gallery-item\">\n<figure><a href=\"https:\/\/www.telenec.cz\/wp-content\/uploads\/2021\/05\/Michal-Votapka-1.jpg\"><img loading=\"lazy\" decoding=\"async\" width=\"300\" height=\"201\" src=\"https:\/\/www.telenec.cz\/wp-content\/uploads\/2021\/05\/Michal-Votapka-1-300x201.jpg\" alt=\"\" data-id=\"764\" data-full-url=\"https:\/\/www.telenec.cz\/wp-content\/uploads\/2021\/05\/Michal-Votapka-1.jpg\" data-link=\"https:\/\/www.telenec.cz\/index.php\/jeskyne-vil\/michal-votapka-1\/\" class=\"wp-image-764\"\/><\/a><\/figure>\n<\/li>\n<li class=\"blocks-gallery-item\">\n<figure><a href=\"https:\/\/www.telenec.cz\/wp-content\/uploads\/2021\/05\/Roman-Zazvorka-1.jpg\"><img loading=\"lazy\" decoding=\"async\" width=\"300\" height=\"200\" src=\"https:\/\/www.telenec.cz\/wp-content\/uploads\/2021\/05\/Roman-Zazvorka-1-300x200.jpg\" alt=\"\" data-id=\"765\" data-full-url=\"https:\/\/www.telenec.cz\/wp-content\/uploads\/2021\/05\/Roman-Zazvorka-1.jpg\" data-link=\"https:\/\/www.telenec.cz\/index.php\/jeskyne-vil\/roman-zazvorka-1\/\" class=\"wp-image-765\"\/><\/a><\/figure>\n<\/li>\n<li class=\"blocks-gallery-item\">\n<figure><a href=\"https:\/\/www.telenec.cz\/wp-content\/uploads\/2021\/05\/Sarka-Slukova-1.jpg\"><img loading=\"lazy\" decoding=\"async\" width=\"300\" height=\"199\" src=\"https:\/\/www.telenec.cz\/wp-content\/uploads\/2021\/05\/Sarka-Slukova-1-300x199.jpg\" alt=\"\" data-id=\"766\" data-full-url=\"https:\/\/www.telenec.cz\/wp-content\/uploads\/2021\/05\/Sarka-Slukova-1.jpg\" data-link=\"https:\/\/www.telenec.cz\/index.php\/jeskyne-vil\/sarka-slukova-1\/\" class=\"wp-image-766\"\/><\/a><\/figure>\n<\/li>\n<\/ul><figcaption class=\"blocks-gallery-caption\">Foto z Jeskyn\u011b v\u00edl. Auto\u0159i jsou uveden\u00ed v n\u00e1zvu jednotliv\u00fdch fotografii (n\u00e1hled foto, ulo\u017eit obr\u00e1zek).<\/figcaption><\/figure>\n<p>Pr\u00e1v\u011b ledov\u00e9 \u00fatvary rostouc\u00ed od zem\u011b vytv\u00e1\u0159ej\u00ed zvl\u00e1\u0161tn\u00ed, tak trochu pr\u016fhledn\u00fdm v\u00edl\u00e1m podobn\u00e9 postavi\u010dky, tan\u010d\u00edc\u00ed v z\u00e1\u0159i pl\u00e1polaj\u00edc\u00edch sv\u00ed\u010dek, kter\u00e9 za n\u011b kladou p\u0159\u00edchoz\u00ed n\u00e1v\u0161t\u011bvn\u00edci. Vcelku b\u011b\u017en\u011b dor\u016fstaj\u00ed tyto ledov\u00e9 v\u00edly do v\u00fd\u0161ky 30 cm.<\/p><\/p>\n","protected":false},"excerpt":{"rendered":"<p>Ledov\u00e1 n\u00e1dhera Skaln\u00ed p\u0159evis Jeskyn\u011b v\u00edl se nach\u00e1z\u00ed v Kyjovsk\u00e9m \u00fadol\u00ed ,na prav\u00e9m b\u0159ehu \u0159\u00ed\u010dky K\u0159inice, asi 1,5 km od Kyjova. Po p\u0159ejit\u00ed m\u016fstku p\u0159es K\u0159inici, vystoup\u00e1me strmou p\u011b\u0161inou asi do t\u0159etiny svahu mezi p\u00edskovcov\u00e9 sk\u00e1ly. Z vn\u011bj\u0161ku se n\u00e1m bude zd\u00e1t skaln\u00ed p\u0159evis nen\u00e1padn\u00fd, a\u017e teprve, kdy\u017e sestoup\u00edme n\u011bkolik sch\u016fdk\u016f po n\u00edzk\u00e9m \u017eeb\u0159\u00edku dol\u016f, &hellip; <\/p>\n<p class=\"link-more\"><a href=\"https:\/\/www.telenec.cz\/index.php\/jeskyne-vil\/\" class=\"more-link\">Pokra\u010dovat ve \u010dten\u00ed<span class=\"screen-reader-text\"> &#8222;Jeskyn\u011b v\u00edl&#8220;<\/span><\/a><\/p>\n","protected":false},"author":1,"featured_media":0,"parent":0,"menu_order":0,"comment_status":"closed","ping_status":"closed","template":"","meta":{"footnotes":"","_wp_rev_ctl_limit":"2"},"class_list":["post-342","page","type-page","status-publish","hentry"],"_links":{"self":[{"href":"https:\/\/www.telenec.cz\/index.php\/wp-json\/wp\/v2\/pages\/342"}],"collection":[{"href":"https:\/\/www.telenec.cz\/index.php\/wp-json\/wp\/v2\/pages"}],"about":[{"href":"https:\/\/www.telenec.cz\/index.php\/wp-json\/wp\/v2\/types\/page"}],"author":[{"embeddable":true,"href":"https:\/\/www.telenec.cz\/index.php\/wp-json\/wp\/v2\/users\/1"}],"replies":[{"embeddable":true,"href":"https:\/\/www.telenec.cz\/index.php\/wp-json\/wp\/v2\/comments?post=342"}],"version-history":[{"count":2,"href":"https:\/\/www.telenec.cz\/index.php\/wp-json\/wp\/v2\/pages\/342\/revisions"}],"predecessor-version":[{"id":2043,"href":"https:\/\/www.telenec.cz\/index.php\/wp-json\/wp\/v2\/pages\/342\/revisions\/2043"}],"wp:attachment":[{"href":"https:\/\/www.telenec.cz\/index.php\/wp-json\/wp\/v2\/media?parent=342"}],"curies":[{"name":"wp","href":"https:\/\/api.w.org\/{rel}","templated":true}]}}