{"id":249,"date":"2021-04-08T11:13:18","date_gmt":"2021-04-08T09:13:18","guid":{"rendered":"https:\/\/www.telenec.cz\/?page_id=249"},"modified":"2021-06-20T16:47:38","modified_gmt":"2021-06-20T14:47:38","slug":"brtniky","status":"publish","type":"page","link":"https:\/\/www.telenec.cz\/index.php\/brtniky\/","title":{"rendered":"Brtn\u00edky"},"content":{"rendered":"<div class=\"wp-block-group\">\n<div class=\"wp-block-group__inner-container is-layout-flow wp-block-group-is-layout-flow\">\n<h2 class=\"has-vivid-red-color has-text-color wp-block-heading\" style=\"font-size:38px\">Tam, kde se v minulosti p\u011bstovaly v\u010dely.<\/h2>\n<div class=\"wp-block-image\">\n<figure class=\"aligncenter size-large is-resized\"><img loading=\"lazy\" decoding=\"async\" src=\"https:\/\/www.telenec.cz\/wp-content\/uploads\/2021\/05\/Brtniky-old.jpg\" alt=\"\" class=\"wp-image-798\" width=\"678\" height=\"449\" srcset=\"https:\/\/www.telenec.cz\/wp-content\/uploads\/2021\/05\/Brtniky-old.jpg 512w, https:\/\/www.telenec.cz\/wp-content\/uploads\/2021\/05\/Brtniky-old-300x199.jpg 300w\" sizes=\"(max-width: 678px) 100vw, 678px\" \/><\/figure>\n<\/div>\n<\/div>\n<\/div>\n<p>Obec Brtn\u00edky (n\u011bmecky&nbsp;<em>Zeidler<\/em>) pat\u0159\u00ed k&nbsp;nejstar\u0161\u00edm os\u00eddlen\u00edm ve \u0160luknovsk\u00e9m v\u00fdb\u011b\u017eku. Jeden ze z\u00e1pis\u016f dochovan\u00fdch v&nbsp;Oberlausitzer Kirchengalerie uv\u00e1d\u00ed, \u017ee ji\u017e roku 1084 p\u0159ivedl markrab\u011b dolnolu\u017eick\u00fd Wipprecht von Greitsch z&nbsp;oblasti Thurynska a Frank do t\u00e9to oblasti prvn\u00ed N\u011bmce.  Zalo\u017eili zde na pozd\u011bj\u0161\u00edm panstv\u00ed Lipov\u00e1 mno\u017estv\u00ed s\u00eddel (Lipov\u00e1, Mikul\u00e1\u0161ovice, Lobendava) a mezi nimi nejsp\u00ed\u0161e i Brtn\u00edky.<\/p>\n<p>&nbsp;Uv\u00e1d\u00ed se, \u017ee Petr Berka zalo\u017eil mezi Ple\u0161n\u00fdm a Vl\u010d\u00ed horou velk\u00e9 v\u010dela\u0159stv\u00ed, kter\u00e9mu se \u0159\u00edk\u00e1valo <em>Zeidelweide<\/em>. V\u010dela\u0159\u016fm, kte\u0159\u00ed se o \u00faly a v\u010delstva starali, se \u0159\u00edk\u00e1valo Zeidler, otec v\u010del. Po odsunu n\u011bmeck\u00e9ho obyvatelstva po druh\u00e9 sv\u011btov\u00e9 v\u00e1lce, dostala vesnice \u010desk\u00fd n\u00e1zev podobn\u00e9ho v\u00fdznamu, Brtn\u00edky.&nbsp;<em>Brt\u011b<\/em>&nbsp;je v\u00fdraz ozna\u010duj\u00edc\u00ed dutiny strom\u016f a ti, kte\u0159\u00ed v nich chovali v\u010delstva, byli naz\u00fdv\u00e1ni Brtn\u00edky.<\/p>\n<p>Z&nbsp;dob slovansk\u00fdch chyb\u00ed informace o os\u00eddlen\u00ed. Ve st\u0159edov\u011bku z\u00edskali celou oblast \u0160luknovskou, Lipovskou a hrad Tol\u0161tejn Berkov\u00e9. Po nich n\u00e1sledovali Schleinitzov\u00e9, Slavatov\u00e9, Salm-Reifferscheidtov\u00e9. Za Petra Berky v&nbsp;roce 1116 je ji\u017e obec p\u00edsemn\u011b zmi\u0148ov\u00e1na.<\/p>\n<div class=\"wp-block-image\">\n<figure class=\"alignright size-large\"><img loading=\"lazy\" decoding=\"async\" width=\"360\" height=\"270\" src=\"https:\/\/www.telenec.cz\/wp-content\/uploads\/2021\/05\/Smirci-kriz-Eva-Kodesova-edited.jpg\" alt=\"\" class=\"wp-image-800\" srcset=\"https:\/\/www.telenec.cz\/wp-content\/uploads\/2021\/05\/Smirci-kriz-Eva-Kodesova-edited.jpg 360w, https:\/\/www.telenec.cz\/wp-content\/uploads\/2021\/05\/Smirci-kriz-Eva-Kodesova-edited-300x225.jpg 300w\" sizes=\"(max-width: 360px) 100vw, 360px\" \/><figcaption>Sm\u00edr\u010d\u00ed k\u0159\u00ed\u017e<\/figcaption><\/figure>\n<\/div>\n<p>Roku 1642 t\u00e1hla p\u0159es Brtn\u00edky \u0161v\u00e9dsk\u00e1 vojska. Cestou na osadu Pansk\u00fd byl chycen nevinn\u00fd zahradn\u00edk Engel a jako \u0161pi\u00f3n na v\u00fdstrahu byl roz\u010dtvrcen. Na m\u00edst\u011b, kde byl pozd\u011bji obyvateli poh\u0159ben, se dodnes nach\u00e1z\u00ed sm\u00edr\u010d\u00ed k\u0159\u00ed\u017e ve tvaru trojl\u00edstku.<\/p>\n<p>Z&nbsp;roku 1682 se dochoval morov\u00fd sloup. V&nbsp;t\u00e9to dob\u011b zahynula v\u011bt\u0161ina obyvatel obce. Dnes se sloup nach\u00e1z\u00ed zabudovan\u00fd do rohu gar\u00e1\u017ee u zelen\u00e9 turistick\u00e9 zna\u010dky z&nbsp;Brtn\u00edk\u016f na \u0160ternberk. Tam byl p\u0159em\u00edst\u011bn tov\u00e1rn\u00edkem Klingerem po jeho nalezen\u00ed b\u011bhem stavebn\u00edch prac\u00ed po\u010d\u00e1tkem 20. stolet\u00ed. Jin\u00e9 prameny uv\u00e1d\u011bj\u00ed, \u017ee jde o sloup Nejsv\u011bt\u011bj\u0161\u00ed Trojice, kter\u00fd nechalo v&nbsp;r. 1682 vybudovat tzv. Bratrstvo Nejsv\u011bt\u011bj\u0161\u00ed Trojice. \u00dalohou tohoto bratrstva bylo udr\u017eov\u00e1n\u00ed katolick\u00fdch zvyk\u016f v&nbsp;obdob\u00ed reformace.<\/p>\n<p>V&nbsp;centru obce se nach\u00e1zel kr\u00e1sn\u00fd barokn\u00ed kostel sv. Martina, postaven\u00fd v&nbsp;letech 1714 a\u017e 1717. Unik\u00e1tn\u00ed byla zejm\u00e9na jeho osmibok\u00e1 v\u011b\u017e. Po roce 1945 kostel ch\u00e1tral a v&nbsp;roce 1975 byl kostel zbour\u00e1n.<\/p>\n<div class=\"wp-block-group\">\n<div class=\"wp-block-group__inner-container is-layout-flow wp-block-group-is-layout-flow\">\n<div class=\"wp-block-group\">\n<div class=\"wp-block-group__inner-container is-layout-flow wp-block-group-is-layout-flow\">\n<div class=\"wp-block-group\">\n<div class=\"wp-block-group__inner-container is-layout-flow wp-block-group-is-layout-flow\">\n<div class=\"wp-block-group alignwide\">\n<div class=\"wp-block-group__inner-container is-layout-flow wp-block-group-is-layout-flow\">\n<div class=\"wp-block-image\">\n<figure class=\"aligncenter size-large is-resized\"><a href=\"https:\/\/www.telenec.cz\/wp-content\/uploads\/2021\/05\/Kostel-Brtniky.jpg\"><img loading=\"lazy\" decoding=\"async\" src=\"https:\/\/www.telenec.cz\/wp-content\/uploads\/2021\/05\/Kostel-Brtniky.jpg\" alt=\"\" class=\"wp-image-990\" width=\"410\" height=\"524\" srcset=\"https:\/\/www.telenec.cz\/wp-content\/uploads\/2021\/05\/Kostel-Brtniky.jpg 781w, https:\/\/www.telenec.cz\/wp-content\/uploads\/2021\/05\/Kostel-Brtniky-234x300.jpg 234w, https:\/\/www.telenec.cz\/wp-content\/uploads\/2021\/05\/Kostel-Brtniky-768x983.jpg 768w\" sizes=\"(max-width: 410px) 100vw, 410px\" \/><\/a><figcaption>Brtn\u00edky kostel<\/figcaption><\/figure>\n<\/div>\n<\/div>\n<\/div>\n<\/div>\n<\/div>\n<\/div>\n<\/div>\n<\/div>\n<\/div>\n<p>Pobl\u00ed\u017e kostela na k\u0159i\u017eovatce cest st\u00e1val historick\u00fd Prusk\u00fd d\u016fm. Tato unik\u00e1tn\u00ed d\u0159ev\u011bn\u00e1 stavba poch\u00e1zela z&nbsp;roku 1600 a byla ji\u017e od po\u010d\u00e1tku 20. stolet\u00ed pam\u00e1tkov\u011b chr\u00e1n\u011bna. Bohu\u017eel ji stihl stejn\u00fd osud jako v\u011bt\u0161inu pam\u00e1tek v&nbsp;pov\u00e1le\u010dn\u00e9 dob\u011b, d\u016fm byl rozebr\u00e1n na palivo. Jeho maketa se dochovala v&nbsp;dr\u00e1\u017e\u010fansk\u00e9m Muzeu lidov\u00e9ho um\u011bn\u00ed a n\u00e1rodn\u00ed park usiluje o vybudov\u00e1n\u00ed repliky domu na p\u016fvodn\u00edm m\u00edst\u011b, kter\u00fd by slou\u017eil jako n\u00e1v\u0161t\u011bvnick\u00e9 st\u0159edisko.<\/p>\n<div class=\"wp-block-image\">\n<figure class=\"aligncenter size-large is-resized\"><a href=\"https:\/\/www.telenec.cz\/wp-content\/uploads\/2021\/05\/Prusky-dum.jpg\"><img decoding=\"async\" src=\"https:\/\/www.telenec.cz\/wp-content\/uploads\/2021\/05\/Prusky-dum.jpg\" alt=\"\" class=\"wp-image-805\" width=\"520\" srcset=\"https:\/\/www.telenec.cz\/wp-content\/uploads\/2021\/05\/Prusky-dum.jpg 900w, https:\/\/www.telenec.cz\/wp-content\/uploads\/2021\/05\/Prusky-dum-300x225.jpg 300w, https:\/\/www.telenec.cz\/wp-content\/uploads\/2021\/05\/Prusky-dum-768x576.jpg 768w\" sizes=\"(max-width: 706px) 89vw, (max-width: 767px) 82vw, 740px\" \/><\/a><figcaption>Prusk\u00fd d\u016fm<\/figcaption><\/figure>\n<\/div>\n<p>Sou\u010d\u00e1st\u00ed Brtn\u00edk\u016f je osada Kopec (d\u0159\u00edve ).  P\u016fvodn\u00ed n\u00e1zev obce Hemmeh\u00fcbel  je slo\u017een ze dvou n\u011bmeck\u00fdch slov. V prvn\u00ed \u010d\u00e1sti n\u00e1zvu je tvar slovesa hemmen, (tj. brzdit, zdr\u017eovat, p\u0159ek\u00e1\u017eet), ve druh\u00e9 \u010d\u00e1sti je pou\u017eita n\u00e1\u0159e\u010dn\u00ed podoba H\u00fcbel od podstatn\u00e9ho jm\u00e9na H\u00fcgel (tj. pahorek, n\u00e1vr\u0161\u00ed). N\u00e1zev obce by se dal p\u0159elo\u017eit jako &#8222;Brzd\u00edc\u00ed Kopec&#8220; . Tradici zde m\u011blo lit\u00ed zvon\u016f . Poch\u00e1zel odtud nap\u0159. v\u011bhlasn\u00fd zvona\u0159 <a href=\"http:\/\/biography.hiu.cas.cz\/Personal\/index.php\/DIETRICHOV%C3%89\" target=\"_blank\" rel=\"noreferrer noopener\">Zachari\u00e1\u0161 Dittrich<\/a>, kter\u00fd roku 1740 ode\u0161el do Prahy, kde se proslavil.<\/p>\n<\/p>\n<pre class=\"wp-block-preformatted\">[1] <em>Ze z\u00e1pisk\u016f Alfr\u00e9da Kocha, kronik\u00e1\u0159e v\u00a0Brtn\u00edk\u00e1ch.<\/em>\n[2] <em><a rel=\"noreferrer noopener\" href=\"http:\/\/www.hemm.cz\/index.html\" target=\"_blank\">Osada Kopec<\/a> - web<\/em>\n[3] <em><a rel=\"noreferrer noopener\" href=\"http:\/\/www.naskopec.cz\/kopec.html\" target=\"_blank\">N\u00e1\u0161 Kopec<\/a> - web<\/em><\/pre><\/p>\n","protected":false},"excerpt":{"rendered":"<p>Tam, kde se v minulosti p\u011bstovaly v\u010dely. Obec Brtn\u00edky (n\u011bmecky&nbsp;Zeidler) pat\u0159\u00ed k&nbsp;nejstar\u0161\u00edm os\u00eddlen\u00edm ve \u0160luknovsk\u00e9m v\u00fdb\u011b\u017eku. Jeden ze z\u00e1pis\u016f dochovan\u00fdch v&nbsp;Oberlausitzer Kirchengalerie uv\u00e1d\u00ed, \u017ee ji\u017e roku 1084 p\u0159ivedl markrab\u011b dolnolu\u017eick\u00fd Wipprecht von Greitsch z&nbsp;oblasti Thurynska a Frank do t\u00e9to oblasti prvn\u00ed N\u011bmce. Zalo\u017eili zde na pozd\u011bj\u0161\u00edm panstv\u00ed Lipov\u00e1 mno\u017estv\u00ed s\u00eddel (Lipov\u00e1, Mikul\u00e1\u0161ovice, Lobendava) a mezi &hellip; <\/p>\n<p class=\"link-more\"><a href=\"https:\/\/www.telenec.cz\/index.php\/brtniky\/\" class=\"more-link\">Pokra\u010dovat ve \u010dten\u00ed<span class=\"screen-reader-text\"> &#8222;Brtn\u00edky&#8220;<\/span><\/a><\/p>\n","protected":false},"author":1,"featured_media":0,"parent":0,"menu_order":0,"comment_status":"closed","ping_status":"closed","template":"","meta":{"footnotes":"","_wp_rev_ctl_limit":"3"},"class_list":["post-249","page","type-page","status-publish","hentry"],"_links":{"self":[{"href":"https:\/\/www.telenec.cz\/index.php\/wp-json\/wp\/v2\/pages\/249"}],"collection":[{"href":"https:\/\/www.telenec.cz\/index.php\/wp-json\/wp\/v2\/pages"}],"about":[{"href":"https:\/\/www.telenec.cz\/index.php\/wp-json\/wp\/v2\/types\/page"}],"author":[{"embeddable":true,"href":"https:\/\/www.telenec.cz\/index.php\/wp-json\/wp\/v2\/users\/1"}],"replies":[{"embeddable":true,"href":"https:\/\/www.telenec.cz\/index.php\/wp-json\/wp\/v2\/comments?post=249"}],"version-history":[{"count":3,"href":"https:\/\/www.telenec.cz\/index.php\/wp-json\/wp\/v2\/pages\/249\/revisions"}],"predecessor-version":[{"id":1825,"href":"https:\/\/www.telenec.cz\/index.php\/wp-json\/wp\/v2\/pages\/249\/revisions\/1825"}],"wp:attachment":[{"href":"https:\/\/www.telenec.cz\/index.php\/wp-json\/wp\/v2\/media?parent=249"}],"curies":[{"name":"wp","href":"https:\/\/api.w.org\/{rel}","templated":true}]}}