{"id":2249,"date":"2023-04-04T16:09:30","date_gmt":"2023-04-04T14:09:30","guid":{"rendered":"https:\/\/www.telenec.cz\/?page_id=2249"},"modified":"2023-04-05T09:33:58","modified_gmt":"2023-04-05T07:33:58","slug":"pozar-rozhledny-na-vlci-hore","status":"publish","type":"page","link":"https:\/\/www.telenec.cz\/index.php\/pozar-rozhledny-na-vlci-hore\/","title":{"rendered":"Po\u017e\u00e1r rozhledny na Vl\u010d\u00ed ho\u0159e"},"content":{"rendered":"<p class=\"has-vivid-red-color has-text-color\" style=\"font-size:38px\">Fotografie z po\u017e\u00e1ru<\/p>\n<p>Po\u017e\u00e1r na <a href=\"https:\/\/www.telenec.cz\/index.php\/rozhledna\/\" data-type=\"URL\" data-id=\"https:\/\/www.telenec.cz\/index.php\/rozhledna\/\">rozhledn\u011b<\/a> vypuknul 4.4.2023 kolem 2:31. Zchv\u00e1til p\u0159ilehl\u00fd domek u rozhlednya a zas\u00e1hl i vyhl\u00eddkovou v\u011b\u017e. Rozhlednu hasi\u010di zachr\u00e1nili a po\u017e\u00e1r lokalizovali v 5:34. Po\u017e\u00e1r likvidovalo  sedm po\u017e\u00e1rn\u00edch sbor\u016f. Vodu k ha\u0161en\u00ed pou\u017e\u00edvali hasi\u010di z n\u00e1dr\u017ee na Vl\u010d\u00ed Ho\u0159e, kter\u00e1 se ob\u010das v l\u00e9t\u011b pou\u017e\u00edva jako koupali\u0161t\u011b. Ofici\u00e1ln\u011b bylo po\u017e\u00e1\u0159i\u0161t\u011b uha\u0161eno ve 12:35.<\/p>\n<p>V sou\u010dasn\u00e9 dob\u011b je to ji\u017e \u010dtvrt\u00fd velk\u00fd po\u017e\u00e1r v okol\u00ed Kr\u00e1sn\u00e9 L\u00edpy &#8211; chalupa v Kr\u00e1sn\u00e9m Buku, Park \u010cesk\u00e9 \u0160v\u00fdcarsko, Chalupa u Jezevce &#8211; cesta na Brtn\u00edky a te\u010f rozhledna na Vl\u010d\u00ed Ho\u0159e. Podle p\u0159edb\u011b\u017en\u00e9ho odhadu je vznikl\u00e1 \u0161kod na rozhledn\u011b p\u0159es dva miliony korun. Starosta Kr\u00e1sn\u00e9 L\u00edpy p\u0159edpokl\u00e1d\u00e1, \u017ee provoz rozhledny se v leto\u0161n\u00ed sezon\u011b poda\u0159\u00ed obnovit.<\/p>\n<figure class=\"wp-block-gallery has-nested-images columns-default is-cropped wp-block-gallery-1 is-layout-flex wp-block-gallery-is-layout-flex\">\n<figure class=\"wp-block-image size-full\"><a href=\"https:\/\/www.telenec.cz\/wp-content\/uploads\/2023\/04\/M.-Slaus-1.jpg\"><img loading=\"lazy\" decoding=\"async\" width=\"1100\" height=\"730\" data-id=\"2248\" src=\"https:\/\/www.telenec.cz\/wp-content\/uploads\/2023\/04\/M.-Slaus-1.jpg\" alt=\"\" class=\"wp-image-2248\" srcset=\"https:\/\/www.telenec.cz\/wp-content\/uploads\/2023\/04\/M.-Slaus-1.jpg 1100w, https:\/\/www.telenec.cz\/wp-content\/uploads\/2023\/04\/M.-Slaus-1-300x199.jpg 300w, https:\/\/www.telenec.cz\/wp-content\/uploads\/2023\/04\/M.-Slaus-1-1024x680.jpg 1024w, https:\/\/www.telenec.cz\/wp-content\/uploads\/2023\/04\/M.-Slaus-1-768x510.jpg 768w\" sizes=\"(max-width: 706px) 89vw, (max-width: 767px) 82vw, 740px\" \/><\/a><\/figure>\n<figure class=\"wp-block-image size-full\"><a href=\"https:\/\/www.telenec.cz\/wp-content\/uploads\/2023\/04\/M.-Slaus_5.jpg\"><img loading=\"lazy\" decoding=\"async\" width=\"1100\" height=\"730\" data-id=\"2246\" src=\"https:\/\/www.telenec.cz\/wp-content\/uploads\/2023\/04\/M.-Slaus_5.jpg\" alt=\"\" class=\"wp-image-2246\" srcset=\"https:\/\/www.telenec.cz\/wp-content\/uploads\/2023\/04\/M.-Slaus_5.jpg 1100w, https:\/\/www.telenec.cz\/wp-content\/uploads\/2023\/04\/M.-Slaus_5-300x199.jpg 300w, https:\/\/www.telenec.cz\/wp-content\/uploads\/2023\/04\/M.-Slaus_5-1024x680.jpg 1024w, https:\/\/www.telenec.cz\/wp-content\/uploads\/2023\/04\/M.-Slaus_5-768x510.jpg 768w\" sizes=\"(max-width: 706px) 89vw, (max-width: 767px) 82vw, 740px\" \/><\/a><\/figure>\n<figure class=\"wp-block-image size-full\"><a href=\"https:\/\/www.telenec.cz\/wp-content\/uploads\/2023\/04\/M.-Slaus_6.jpg\"><img loading=\"lazy\" decoding=\"async\" width=\"1100\" height=\"730\" data-id=\"2247\" src=\"https:\/\/www.telenec.cz\/wp-content\/uploads\/2023\/04\/M.-Slaus_6.jpg\" alt=\"\" class=\"wp-image-2247\" srcset=\"https:\/\/www.telenec.cz\/wp-content\/uploads\/2023\/04\/M.-Slaus_6.jpg 1100w, https:\/\/www.telenec.cz\/wp-content\/uploads\/2023\/04\/M.-Slaus_6-300x199.jpg 300w, https:\/\/www.telenec.cz\/wp-content\/uploads\/2023\/04\/M.-Slaus_6-1024x680.jpg 1024w, https:\/\/www.telenec.cz\/wp-content\/uploads\/2023\/04\/M.-Slaus_6-768x510.jpg 768w\" sizes=\"(max-width: 706px) 89vw, (max-width: 767px) 82vw, 740px\" \/><\/a><\/figure>\n<figure class=\"wp-block-image size-full\"><a href=\"https:\/\/www.telenec.cz\/wp-content\/uploads\/2023\/04\/M.-Slaus_4.jpg\"><img loading=\"lazy\" decoding=\"async\" width=\"1100\" height=\"730\" data-id=\"2245\" src=\"https:\/\/www.telenec.cz\/wp-content\/uploads\/2023\/04\/M.-Slaus_4.jpg\" alt=\"\" class=\"wp-image-2245\" srcset=\"https:\/\/www.telenec.cz\/wp-content\/uploads\/2023\/04\/M.-Slaus_4.jpg 1100w, https:\/\/www.telenec.cz\/wp-content\/uploads\/2023\/04\/M.-Slaus_4-300x199.jpg 300w, https:\/\/www.telenec.cz\/wp-content\/uploads\/2023\/04\/M.-Slaus_4-1024x680.jpg 1024w, https:\/\/www.telenec.cz\/wp-content\/uploads\/2023\/04\/M.-Slaus_4-768x510.jpg 768w\" sizes=\"(max-width: 706px) 89vw, (max-width: 767px) 82vw, 740px\" \/><\/a><\/figure>\n<figure class=\"wp-block-image size-full\"><a href=\"https:\/\/www.telenec.cz\/wp-content\/uploads\/2023\/04\/M.-Slaus_2.jpg\"><img loading=\"lazy\" decoding=\"async\" width=\"1100\" height=\"730\" data-id=\"2244\" src=\"https:\/\/www.telenec.cz\/wp-content\/uploads\/2023\/04\/M.-Slaus_2.jpg\" alt=\"\" class=\"wp-image-2244\" srcset=\"https:\/\/www.telenec.cz\/wp-content\/uploads\/2023\/04\/M.-Slaus_2.jpg 1100w, https:\/\/www.telenec.cz\/wp-content\/uploads\/2023\/04\/M.-Slaus_2-300x199.jpg 300w, https:\/\/www.telenec.cz\/wp-content\/uploads\/2023\/04\/M.-Slaus_2-1024x680.jpg 1024w, https:\/\/www.telenec.cz\/wp-content\/uploads\/2023\/04\/M.-Slaus_2-768x510.jpg 768w\" sizes=\"(max-width: 706px) 89vw, (max-width: 767px) 82vw, 740px\" \/><\/a><\/figure>\n<figure class=\"wp-block-image size-full\"><a href=\"https:\/\/www.telenec.cz\/wp-content\/uploads\/2023\/04\/HZS.jpg\"><img loading=\"lazy\" decoding=\"async\" width=\"1100\" height=\"730\" data-id=\"2240\" src=\"https:\/\/www.telenec.cz\/wp-content\/uploads\/2023\/04\/HZS.jpg\" alt=\"\" class=\"wp-image-2240\" srcset=\"https:\/\/www.telenec.cz\/wp-content\/uploads\/2023\/04\/HZS.jpg 1100w, https:\/\/www.telenec.cz\/wp-content\/uploads\/2023\/04\/HZS-300x199.jpg 300w, https:\/\/www.telenec.cz\/wp-content\/uploads\/2023\/04\/HZS-1024x680.jpg 1024w, https:\/\/www.telenec.cz\/wp-content\/uploads\/2023\/04\/HZS-768x510.jpg 768w\" sizes=\"(max-width: 706px) 89vw, (max-width: 767px) 82vw, 740px\" \/><\/a><\/figure>\n<\/figure>\n<figure class=\"wp-block-gallery aligncenter has-nested-images columns-default is-cropped wp-block-gallery-2 is-layout-flex wp-block-gallery-is-layout-flex\">\n<figure class=\"wp-block-image size-full\"><a href=\"https:\/\/www.telenec.cz\/wp-content\/uploads\/2023\/04\/J.Kolar-4.jpg\"><img loading=\"lazy\" decoding=\"async\" width=\"485\" height=\"730\" data-id=\"2242\" src=\"https:\/\/www.telenec.cz\/wp-content\/uploads\/2023\/04\/J.Kolar-4.jpg\" alt=\"\" class=\"wp-image-2242\" srcset=\"https:\/\/www.telenec.cz\/wp-content\/uploads\/2023\/04\/J.Kolar-4.jpg 485w, https:\/\/www.telenec.cz\/wp-content\/uploads\/2023\/04\/J.Kolar-4-199x300.jpg 199w\" sizes=\"(max-width: 485px) 100vw, 485px\" \/><\/a><\/figure>\n<figure class=\"wp-block-image size-full\"><a href=\"https:\/\/www.telenec.cz\/wp-content\/uploads\/2023\/04\/J.Kolar-5.jpg\"><img loading=\"lazy\" decoding=\"async\" width=\"485\" height=\"730\" data-id=\"2243\" src=\"https:\/\/www.telenec.cz\/wp-content\/uploads\/2023\/04\/J.Kolar-5.jpg\" alt=\"\" class=\"wp-image-2243\" srcset=\"https:\/\/www.telenec.cz\/wp-content\/uploads\/2023\/04\/J.Kolar-5.jpg 485w, https:\/\/www.telenec.cz\/wp-content\/uploads\/2023\/04\/J.Kolar-5-199x300.jpg 199w\" sizes=\"(max-width: 485px) 100vw, 485px\" \/><\/a><\/figure>\n<figure class=\"wp-block-image size-full\"><a href=\"https:\/\/www.telenec.cz\/wp-content\/uploads\/2023\/04\/J.Kolar-3.jpg\"><img loading=\"lazy\" decoding=\"async\" width=\"484\" height=\"730\" data-id=\"2241\" src=\"https:\/\/www.telenec.cz\/wp-content\/uploads\/2023\/04\/J.Kolar-3.jpg\" alt=\"\" class=\"wp-image-2241\" srcset=\"https:\/\/www.telenec.cz\/wp-content\/uploads\/2023\/04\/J.Kolar-3.jpg 484w, https:\/\/www.telenec.cz\/wp-content\/uploads\/2023\/04\/J.Kolar-3-199x300.jpg 199w\" sizes=\"(max-width: 484px) 100vw, 484px\" \/><\/a><\/figure>\n<\/figure>\n<p><em>Auto\u0159i fotoz\u00e1b\u011br\u016f M. \u0160laus, J. Kol\u00e1\u0159 a HZS \u00dast\u00ed nad Labem <\/em><\/p>\n","protected":false},"excerpt":{"rendered":"<p>Fotografie z po\u017e\u00e1ru Po\u017e\u00e1r na rozhledn\u011b vypuknul 4.4.2023 kolem 2:31. Zchv\u00e1til p\u0159ilehl\u00fd domek u rozhlednya a zas\u00e1hl i vyhl\u00eddkovou v\u011b\u017e. Rozhlednu hasi\u010di zachr\u00e1nili a po\u017e\u00e1r lokalizovali v 5:34. Po\u017e\u00e1r likvidovalo sedm po\u017e\u00e1rn\u00edch sbor\u016f. Vodu k ha\u0161en\u00ed pou\u017e\u00edvali hasi\u010di z n\u00e1dr\u017ee na Vl\u010d\u00ed Ho\u0159e, kter\u00e1 se ob\u010das v l\u00e9t\u011b pou\u017e\u00edva jako koupali\u0161t\u011b. Ofici\u00e1ln\u011b bylo po\u017e\u00e1\u0159i\u0161t\u011b uha\u0161eno &hellip; <\/p>\n<p class=\"link-more\"><a href=\"https:\/\/www.telenec.cz\/index.php\/pozar-rozhledny-na-vlci-hore\/\" class=\"more-link\">Pokra\u010dovat ve \u010dten\u00ed<span class=\"screen-reader-text\"> &#8222;Po\u017e\u00e1r rozhledny na Vl\u010d\u00ed ho\u0159e&#8220;<\/span><\/a><\/p>\n","protected":false},"author":1,"featured_media":0,"parent":0,"menu_order":0,"comment_status":"closed","ping_status":"closed","template":"","meta":{"footnotes":"","_wp_rev_ctl_limit":""},"class_list":["post-2249","page","type-page","status-publish","hentry"],"_links":{"self":[{"href":"https:\/\/www.telenec.cz\/index.php\/wp-json\/wp\/v2\/pages\/2249"}],"collection":[{"href":"https:\/\/www.telenec.cz\/index.php\/wp-json\/wp\/v2\/pages"}],"about":[{"href":"https:\/\/www.telenec.cz\/index.php\/wp-json\/wp\/v2\/types\/page"}],"author":[{"embeddable":true,"href":"https:\/\/www.telenec.cz\/index.php\/wp-json\/wp\/v2\/users\/1"}],"replies":[{"embeddable":true,"href":"https:\/\/www.telenec.cz\/index.php\/wp-json\/wp\/v2\/comments?post=2249"}],"version-history":[{"count":13,"href":"https:\/\/www.telenec.cz\/index.php\/wp-json\/wp\/v2\/pages\/2249\/revisions"}],"predecessor-version":[{"id":2270,"href":"https:\/\/www.telenec.cz\/index.php\/wp-json\/wp\/v2\/pages\/2249\/revisions\/2270"}],"wp:attachment":[{"href":"https:\/\/www.telenec.cz\/index.php\/wp-json\/wp\/v2\/media?parent=2249"}],"curies":[{"name":"wp","href":"https:\/\/api.w.org\/{rel}","templated":true}]}}