{"id":2139,"date":"2021-11-22T22:32:09","date_gmt":"2021-11-22T21:32:09","guid":{"rendered":"https:\/\/www.telenec.cz\/?page_id=2139"},"modified":"2021-11-22T22:32:09","modified_gmt":"2021-11-22T21:32:09","slug":"stezky","status":"publish","type":"page","link":"https:\/\/www.telenec.cz\/index.php\/stezky\/","title":{"rendered":"Stezky"},"content":{"rendered":"<p class=\"has-vivid-red-color has-text-color\" style=\"line-height:3.5;font-size:32px\">Uzav\u0159en\u00e9 stezky v NP<\/p>\n<p>V N\u00e1rodn\u00edm parku prob\u00edh\u00e1 rozs\u00e1hl\u00e9 k\u00e1cen\u00ed smrk\u016f napaden\u00fdch k\u016frovcem. Je proto nutn\u00e9 vstupovat do les\u016f na vlastn\u00ed nebezpe\u010d\u00ed. Spr\u00e1va N\u00e1rodn\u00edho parku vstup na n\u011bkter\u00e9 stezky zak\u00e1zalo:<\/p>\n<ol class=\"wp-block-list\">\n<li>Zelen\u011b zna\u010den\u00e1 TZ od Sov\u00ed vyhl\u00eddky do \u00fadol\u00ed Vl\u010d\u00edho potoka (do\u010dasn\u011b odstran\u011bno turistick\u00e9 zna\u010den\u00ed)<\/li>\n<li>Zelen\u011b zna\u010den\u00e9 propojen\u00ed od Vl\u010d\u00ed desky k Niederm\u00fchle (cesta p\u0159echodn\u011b uzav\u0159ena, nepr\u016fchodn\u00e1)<\/li>\n<li>Mod\u0159e zna\u010den\u00e1 TZ v \u00faseku Had\u00ed pramen &#8211; Panensk\u00e1 jedle, v\u010d. odbo\u010dky k \u010cern\u00e9 br\u00e1n\u011b(cesta p\u0159echodn\u011b uzav\u0159ena, nepr\u016fchodn\u00e1)<strong>,\u00a0<\/strong>\u017elut\u011b zna\u010den\u00e1 TZ v \u00faseku od za\u010d\u00e1tku klidov\u00e9ho \u00fazem\u00ed k odbo\u010dce k \u010cern\u00e9 br\u00e1n\u011b\u00a0 (cesta p\u0159echodn\u011b uzav\u0159ena, nepr\u016fchodn\u00e1)<\/li>\n<li>\u010cerven\u011b zna\u010den\u00e1 TZ v \u00faseku Pohovka &#8211; skaln\u00ed kaple Kny uzav\u0159ena z d\u016fvodu skaln\u00edho \u0159\u00edcen\u00ed<\/li>\n<li>\u017dlut\u011b zna\u010den\u00e1 TZ v \u00faseku od odbo\u010dky pod \u0160aun\u0161tejnem k cyklotrase \u010d. 3030 (do\u010dasn\u011b odstran\u011bno turistick\u00e9 zna\u010den\u00ed, mo\u017enost obej\u00edt po \u010derven\u011b zna\u010den\u00e9 TZT p\u0159es Malou Prav\u010dickou br\u00e1nu)<\/li>\n<li>\u010c\u00e1st \u010derven\u011b zna\u010den\u00e9 TZ od Mezn\u00ed Louky sm\u011brem na V\u011btrovec (trasa p\u0159elo\u017eena soub\u011b\u017en\u011b se zelen\u011b zna\u010denou TZ a napojena pozd\u011bji zp\u011bt na \u010dervenou, prodlou\u017een\u00ed cca 0,5 km)<\/li>\n<li>Mod\u0159e zna\u010den\u00e1 TZ v \u00faseku Mezn\u00ed Louka &#8211; Vysok\u00fd most (n\u00e1hradn\u00ed veden\u00ed trasy)<\/li>\n<li>\u00a0\u017dlut\u011b zna\u010den\u00e1 TZ v \u00faseku Divok\u00e1 sout\u011bska \u2013 Soorgrund (cesta p\u0159echodn\u011b uzav\u0159ena)<\/li>\n<\/ol>\n<figure class=\"wp-block-image size-large\"><img loading=\"lazy\" decoding=\"async\" width=\"677\" height=\"478\" src=\"https:\/\/www.telenec.cz\/wp-content\/uploads\/2021\/11\/mapa-stezky.jpg\" alt=\"\" class=\"wp-image-2140\" srcset=\"https:\/\/www.telenec.cz\/wp-content\/uploads\/2021\/11\/mapa-stezky.jpg 677w, https:\/\/www.telenec.cz\/wp-content\/uploads\/2021\/11\/mapa-stezky-300x212.jpg 300w\" sizes=\"(max-width: 677px) 100vw, 677px\" \/><\/figure>\n<p>Z <a href=\"https:\/\/www.npcs.cz\/bezpecnost\" data-type=\"URL\" data-id=\"https:\/\/www.npcs.cz\/bezpecnost\">https:\/\/www.npcs.cz\/bezpecnost<\/a><\/p>\n","protected":false},"excerpt":{"rendered":"<p>Uzav\u0159en\u00e9 stezky v NP V N\u00e1rodn\u00edm parku prob\u00edh\u00e1 rozs\u00e1hl\u00e9 k\u00e1cen\u00ed smrk\u016f napaden\u00fdch k\u016frovcem. Je proto nutn\u00e9 vstupovat do les\u016f na vlastn\u00ed nebezpe\u010d\u00ed. Spr\u00e1va N\u00e1rodn\u00edho parku vstup na n\u011bkter\u00e9 stezky zak\u00e1zalo: Zelen\u011b zna\u010den\u00e1 TZ od Sov\u00ed vyhl\u00eddky do \u00fadol\u00ed Vl\u010d\u00edho potoka (do\u010dasn\u011b odstran\u011bno turistick\u00e9 zna\u010den\u00ed) Zelen\u011b zna\u010den\u00e9 propojen\u00ed od Vl\u010d\u00ed desky k Niederm\u00fchle (cesta p\u0159echodn\u011b uzav\u0159ena, &hellip; <\/p>\n<p class=\"link-more\"><a href=\"https:\/\/www.telenec.cz\/index.php\/stezky\/\" class=\"more-link\">Pokra\u010dovat ve \u010dten\u00ed<span class=\"screen-reader-text\"> &#8222;Stezky&#8220;<\/span><\/a><\/p>\n","protected":false},"author":1,"featured_media":0,"parent":0,"menu_order":0,"comment_status":"closed","ping_status":"closed","template":"","meta":{"footnotes":"","_wp_rev_ctl_limit":""},"class_list":["post-2139","page","type-page","status-publish","hentry"],"_links":{"self":[{"href":"https:\/\/www.telenec.cz\/index.php\/wp-json\/wp\/v2\/pages\/2139"}],"collection":[{"href":"https:\/\/www.telenec.cz\/index.php\/wp-json\/wp\/v2\/pages"}],"about":[{"href":"https:\/\/www.telenec.cz\/index.php\/wp-json\/wp\/v2\/types\/page"}],"author":[{"embeddable":true,"href":"https:\/\/www.telenec.cz\/index.php\/wp-json\/wp\/v2\/users\/1"}],"replies":[{"embeddable":true,"href":"https:\/\/www.telenec.cz\/index.php\/wp-json\/wp\/v2\/comments?post=2139"}],"version-history":[{"count":1,"href":"https:\/\/www.telenec.cz\/index.php\/wp-json\/wp\/v2\/pages\/2139\/revisions"}],"predecessor-version":[{"id":2141,"href":"https:\/\/www.telenec.cz\/index.php\/wp-json\/wp\/v2\/pages\/2139\/revisions\/2141"}],"wp:attachment":[{"href":"https:\/\/www.telenec.cz\/index.php\/wp-json\/wp\/v2\/media?parent=2139"}],"curies":[{"name":"wp","href":"https:\/\/api.w.org\/{rel}","templated":true}]}}