{"id":2133,"date":"2021-11-13T21:42:16","date_gmt":"2021-11-13T20:42:16","guid":{"rendered":"https:\/\/www.telenec.cz\/?page_id=2133"},"modified":"2021-11-13T21:42:43","modified_gmt":"2021-11-13T20:42:43","slug":"vlci","status":"publish","type":"page","link":"https:\/\/www.telenec.cz\/index.php\/vlci\/","title":{"rendered":"Vlci"},"content":{"rendered":"<p class=\"has-vivid-red-color has-text-color has-large-font-size\">jsou op\u011bt v N\u00e1rodn\u00edm parku<\/p>\n<p>V roce 1640 lesn\u00ed <em>Johann Grohmann<\/em>  zast\u0159eli v K\u0159inick\u00e9m \u00fadol\u00ed dva posledn\u00ed vlky. Na pam\u00e1tku t\u00e9to ud\u00e1losti zde je pam\u011btn\u00ed <a rel=\"noreferrer noopener\" href=\"https:\/\/www.telenec.cz\/index.php\/kyjovske-udoli\/\" target=\"_blank\">deska.<\/a> Od t\u00e9 doby se ve\u0159ejn\u00e9 informace o v\u00fdskytu vlk\u016f v N\u00e1rodn\u00edm parku \u010cesk\u00e9 \u0160v\u00fdcarsko neobjevovaly. V sou\u010dasn\u00e9 dob\u011b se ale za\u010dali znovu vyskytovat v mnoha oblastech Evropy a postupn\u011b se \u0161\u00ed\u0159\u00ed i na \u00fazem\u00ed \u010cesk\u00e9 republiky.<\/p>\n<p>V\u00fdskytem vlk\u016f c \u010cesko-Sask\u00e9m pomez\u00ed se zab\u00fdv\u00e1 v r\u00e1mci projektu <a rel=\"noreferrer noopener\" href=\"https:\/\/owad.fzp.czu.cz\/cs\/r-13250-o-projektu\" target=\"_blank\">OWADIS<\/a> \u010cesk\u00e1 zem\u011bd\u011blsk\u00e1 univerzita. Kolektivu pracovn\u00edku tohoto  projektu se poda\u0159ilo pomoci fotopasti zachytit 14.6.2021 vl\u010data v klidov\u00e9 z\u00f3n\u011b parku.<\/p>\n<figure class=\"wp-block-video aligncenter\"><video controls src=\"https:\/\/www.telenec.cz\/wp-content\/uploads\/2021\/11\/vlcata-v-np-ceske-svycarsko.mp4\"><\/video><\/figure><\/p>\n","protected":false},"excerpt":{"rendered":"<p>jsou op\u011bt v N\u00e1rodn\u00edm parku V roce 1640 lesn\u00ed Johann Grohmann zast\u0159eli v K\u0159inick\u00e9m \u00fadol\u00ed dva posledn\u00ed vlky. Na pam\u00e1tku t\u00e9to ud\u00e1losti zde je pam\u011btn\u00ed deska. Od t\u00e9 doby se ve\u0159ejn\u00e9 informace o v\u00fdskytu vlk\u016f v N\u00e1rodn\u00edm parku \u010cesk\u00e9 \u0160v\u00fdcarsko neobjevovaly. V sou\u010dasn\u00e9 dob\u011b se ale za\u010dali znovu vyskytovat v mnoha oblastech Evropy a postupn\u011b &hellip; <\/p>\n<p class=\"link-more\"><a href=\"https:\/\/www.telenec.cz\/index.php\/vlci\/\" class=\"more-link\">Pokra\u010dovat ve \u010dten\u00ed<span class=\"screen-reader-text\"> &#8222;Vlci&#8220;<\/span><\/a><\/p>\n","protected":false},"author":1,"featured_media":0,"parent":0,"menu_order":0,"comment_status":"closed","ping_status":"closed","template":"","meta":{"footnotes":"","_wp_rev_ctl_limit":""},"class_list":["post-2133","page","type-page","status-publish","hentry"],"_links":{"self":[{"href":"https:\/\/www.telenec.cz\/index.php\/wp-json\/wp\/v2\/pages\/2133"}],"collection":[{"href":"https:\/\/www.telenec.cz\/index.php\/wp-json\/wp\/v2\/pages"}],"about":[{"href":"https:\/\/www.telenec.cz\/index.php\/wp-json\/wp\/v2\/types\/page"}],"author":[{"embeddable":true,"href":"https:\/\/www.telenec.cz\/index.php\/wp-json\/wp\/v2\/users\/1"}],"replies":[{"embeddable":true,"href":"https:\/\/www.telenec.cz\/index.php\/wp-json\/wp\/v2\/comments?post=2133"}],"version-history":[{"count":2,"href":"https:\/\/www.telenec.cz\/index.php\/wp-json\/wp\/v2\/pages\/2133\/revisions"}],"predecessor-version":[{"id":2136,"href":"https:\/\/www.telenec.cz\/index.php\/wp-json\/wp\/v2\/pages\/2133\/revisions\/2136"}],"wp:attachment":[{"href":"https:\/\/www.telenec.cz\/index.php\/wp-json\/wp\/v2\/media?parent=2133"}],"curies":[{"name":"wp","href":"https:\/\/api.w.org\/{rel}","templated":true}]}}