{"id":2063,"date":"2021-08-13T11:17:10","date_gmt":"2021-08-13T09:17:10","guid":{"rendered":"https:\/\/www.telenec.cz\/?page_id=2063"},"modified":"2021-08-13T11:17:10","modified_gmt":"2021-08-13T09:17:10","slug":"nove-trasy-v-narodnim-parku","status":"publish","type":"page","link":"https:\/\/www.telenec.cz\/index.php\/nove-trasy-v-narodnim-parku\/","title":{"rendered":"Nov\u00e9 trasy v N\u00e1rodn\u00edm parku"},"content":{"rendered":"<h1 class=\"has-vivid-red-color has-text-color wp-block-heading\" style=\"font-size:38px\">V \u010cesk\u00e9m \u0160v\u00fdcarsku se zm\u011bnilo kv\u016fli odum\u0159el\u00fdm smrk\u016fm veden\u00ed n\u011bkter\u00fdch tras<\/h1>\n<p>iDnes 8. \u010dervence 2021\u00a0\u00a06:43 Autor:\u00a0<a href=\"https:\/\/www.idnes.cz\/novinari\/vladena-marsalkova.N909\">Vlad\u011bna Mar\u0161\u00e1lkov\u00e1<\/a><\/p>\n<p>Spr\u00e1va n\u00e1rodn\u00edho parku \u010cesk\u00e9 \u0160v\u00fdcarsko se s Klubem \u010desk\u00fdch turist\u016f dohodla na zm\u011bn\u011b ve zna\u010den\u00ed n\u011bkter\u00fdch tras. P\u016fvodn\u00ed cesty toti\u017e vedly odum\u0159el\u00fdm smrkov\u00fdm porostem a byly kv\u016fli hrozb\u011b p\u00e1du sou\u0161\u00ed uzav\u0159en\u00e9.<img loading=\"lazy\" decoding=\"async\" alt=\"Schody vytvo\u0159en\u00e9 na n\u00e1hradn\u00ed trase z Mezn\u00ed Louky do Vysok\u00e9 L\u00edpy.\" src=\"https:\/\/1gr.cz\/fotky\/idnes\/21\/071\/r7\/GRR8c919b_1.jpg\" width=\"1030\" height=\"579\"><a href=\"https:\/\/www.idnes.cz\/usti\/zpravy\/ceske-svycarsko-trasy-cesty-znaceni-zmena-smrky-nebezpeci.A210707_104332_usti-zpravy_grr\/foto\"><u>Fotogalerie<\/u><strong>3<\/strong><\/a><\/p>\n<p>Schody vytvo\u0159en\u00e9 na n\u00e1hradn\u00ed trase z Mezn\u00ed Louky do Vysok\u00e9 L\u00edpy.&nbsp;| foto:&nbsp;Tom\u00e1\u0161 Salov<\/p>\n<p>Novou cestou vede nap\u0159\u00edklad \u010derven\u011b zna\u010den\u00e1 turistick\u00e1 trasa od Mal\u00e9 Prav\u010dick\u00e9 br\u00e1ny p\u0159es V\u011btrovec do Mezn\u00ed Louky.<\/p>\n<p>\u201eSou\u010dasn\u00e9 \u0159e\u0161en\u00ed jej\u00ed bezpe\u010dn\u00e9 pr\u016fchodnosti spo\u010d\u00edv\u00e1 v odbo\u010den\u00ed trasy k bl\u00edzk\u00e9, zelen\u011b zna\u010den\u00e9 turistick\u00e9 cest\u011b, se kterou pak \u010derven\u00e1 zna\u010dka vede soub\u011b\u017en\u011b a\u017e do Mezn\u00ed Louky, kde se napoj\u00ed na trasu p\u016fvodn\u00ed,\u201c uvedl mluv\u010d\u00ed parku Tom\u00e1\u0161 Salov.<\/p>\n<p>\u201eN\u00e1v\u0161t\u011bvn\u00edci tak nebezpe\u010dn\u00fd \u00fasek vedouc\u00ed sou\u0161emi obejdou. Vytvo\u0159en\u00ed bezpe\u010dn\u00e9ho p\u0159\u00edstupu a\u017e do m\u00edsta odbo\u010dky k zelen\u00e9 turistick\u00e9 trase si vy\u017e\u00e1dalo pok\u00e1cen\u00ed zhruba 100 uschl\u00fdch strom\u016f, d\u0159evo bylo ponech\u00e1no na m\u00edst\u011b k zetlen\u00ed,\u201c doplnil Salov.<\/p>\n<p>V okol\u00ed Mezn\u00ed Louky vznik\u00e1 do\u010dasn\u00e1 n\u00e1hrada tak\u00e9 za mod\u0159e zna\u010denou turistickou trasu sm\u011brem do Vysok\u00e9 L\u00edpy, je\u017e d\u0159\u00edve vedla p\u0159es \u00fadol\u00ed Soorgrund.<\/p>\n<p>\u201eI zde kv\u016fli velk\u00e9mu mno\u017estv\u00ed smrkov\u00fdch sou\u0161\u00ed doch\u00e1z\u00ed k p\u0159elo\u017een\u00ed trasy tak, aby lid\u00e9 nebyli p\u0159iv\u00e1d\u011bni do nebezpe\u010dn\u00fdch m\u00edst. Nyn\u00ed povede nejprve soub\u011b\u017en\u011b se \u017elut\u011b zna\u010denou trasou, pot\u00e9 nov\u011b vytvo\u0159enou p\u011b\u0161inou, kterou nechala spr\u00e1va parku v \u00faseku od cyklotrasy \u010d. 3030 sm\u011brem k Vysok\u00e9mu mostu zhotovit, a to v\u010detn\u011b schod\u016f ve sva\u017eit\u00e9m ter\u00e9nu a povalov\u00e9ho chodn\u00ed\u010dku \u010di d\u0159ev\u011bn\u00e9ho mostku v m\u00edst\u011b, kde trasa vede vlhk\u00fdm \u00fadol\u00edm,\u201c p\u0159ibl\u00ed\u017eil mluv\u010d\u00ed Salov.<\/p>\n<p>N\u00e1klady na ter\u00e9nn\u00ed \u00fapravy dos\u00e1hly zhruba 80 tis\u00edc korun, p\u0159i\u010dem\u017e bylo vyu\u017eito d\u0159evo ze smrkov\u00fdch sou\u0161\u00ed.<\/p>\n<p>Dal\u0161\u00ed p\u0159elo\u017eky cest se chystaj\u00ed.<\/p>\n<p>\u201eNyn\u00ed p\u0159ipravujeme ve spolupr\u00e1ci s Klubem \u010desk\u00fdch turist\u016f p\u0159elo\u017eky dal\u0161\u00edch cest tak, aby se \u00fasek\u016fm se smrkov\u00fdmi sou\u0161emi vyhnuly. Jedn\u00e1 se o do\u010dasn\u00e1 opat\u0159en\u00ed, ne\u017e dojde k rozpadu odum\u0159el\u00fdch smr\u010din, kter\u00fdmi trasy proch\u00e1zely. Po prob\u011bhnut\u00ed tohoto p\u0159\u00edrodn\u00edho procesu je bude mo\u017en\u00e9 op\u011bt vr\u00e1tit do p\u016fvodn\u00edho veden\u00ed,\u201c nast\u00ednil \u0159editel Spr\u00e1vy n\u00e1rodn\u00edho parku \u010cesk\u00e9 \u0160v\u00fdcarsko Pavel Benda.<\/p>\n","protected":false},"excerpt":{"rendered":"<p>V \u010cesk\u00e9m \u0160v\u00fdcarsku se zm\u011bnilo kv\u016fli odum\u0159el\u00fdm smrk\u016fm veden\u00ed n\u011bkter\u00fdch tras iDnes 8. \u010dervence 2021\u00a0\u00a06:43 Autor:\u00a0Vlad\u011bna Mar\u0161\u00e1lkov\u00e1 Spr\u00e1va n\u00e1rodn\u00edho parku \u010cesk\u00e9 \u0160v\u00fdcarsko se s Klubem \u010desk\u00fdch turist\u016f dohodla na zm\u011bn\u011b ve zna\u010den\u00ed n\u011bkter\u00fdch tras. P\u016fvodn\u00ed cesty toti\u017e vedly odum\u0159el\u00fdm smrkov\u00fdm porostem a byly kv\u016fli hrozb\u011b p\u00e1du sou\u0161\u00ed uzav\u0159en\u00e9.Fotogalerie3 Schody vytvo\u0159en\u00e9 na n\u00e1hradn\u00ed trase z Mezn\u00ed &hellip; <\/p>\n<p class=\"link-more\"><a href=\"https:\/\/www.telenec.cz\/index.php\/nove-trasy-v-narodnim-parku\/\" class=\"more-link\">Pokra\u010dovat ve \u010dten\u00ed<span class=\"screen-reader-text\"> &#8222;Nov\u00e9 trasy v N\u00e1rodn\u00edm parku&#8220;<\/span><\/a><\/p>\n","protected":false},"author":1,"featured_media":0,"parent":0,"menu_order":0,"comment_status":"closed","ping_status":"closed","template":"","meta":{"footnotes":"","_wp_rev_ctl_limit":""},"class_list":["post-2063","page","type-page","status-publish","hentry"],"_links":{"self":[{"href":"https:\/\/www.telenec.cz\/index.php\/wp-json\/wp\/v2\/pages\/2063"}],"collection":[{"href":"https:\/\/www.telenec.cz\/index.php\/wp-json\/wp\/v2\/pages"}],"about":[{"href":"https:\/\/www.telenec.cz\/index.php\/wp-json\/wp\/v2\/types\/page"}],"author":[{"embeddable":true,"href":"https:\/\/www.telenec.cz\/index.php\/wp-json\/wp\/v2\/users\/1"}],"replies":[{"embeddable":true,"href":"https:\/\/www.telenec.cz\/index.php\/wp-json\/wp\/v2\/comments?post=2063"}],"version-history":[{"count":1,"href":"https:\/\/www.telenec.cz\/index.php\/wp-json\/wp\/v2\/pages\/2063\/revisions"}],"predecessor-version":[{"id":2064,"href":"https:\/\/www.telenec.cz\/index.php\/wp-json\/wp\/v2\/pages\/2063\/revisions\/2064"}],"wp:attachment":[{"href":"https:\/\/www.telenec.cz\/index.php\/wp-json\/wp\/v2\/media?parent=2063"}],"curies":[{"name":"wp","href":"https:\/\/api.w.org\/{rel}","templated":true}]}}