{"id":2054,"date":"2021-08-13T10:43:32","date_gmt":"2021-08-13T08:43:32","guid":{"rendered":"https:\/\/www.telenec.cz\/?page_id=2054"},"modified":"2021-08-13T10:48:03","modified_gmt":"2021-08-13T08:48:03","slug":"aktuality-z-novin","status":"publish","type":"page","link":"https:\/\/www.telenec.cz\/index.php\/aktuality-z-novin\/","title":{"rendered":"Aktuality z novin"},"content":{"rendered":"<p>Co se p\u00ed\u0161e v novin\u00e1ch o N\u00e1rodn\u00edm parku \u010cesk\u00e9 \u0160v\u00fdcarsko.<\/p>\n","protected":false},"excerpt":{"rendered":"<p>Co se p\u00ed\u0161e v novin\u00e1ch o N\u00e1rodn\u00edm parku \u010cesk\u00e9 \u0160v\u00fdcarsko.<\/p>\n","protected":false},"author":1,"featured_media":0,"parent":0,"menu_order":0,"comment_status":"closed","ping_status":"closed","template":"","meta":{"footnotes":"","_wp_rev_ctl_limit":""},"class_list":["post-2054","page","type-page","status-publish","hentry"],"_links":{"self":[{"href":"https:\/\/www.telenec.cz\/index.php\/wp-json\/wp\/v2\/pages\/2054"}],"collection":[{"href":"https:\/\/www.telenec.cz\/index.php\/wp-json\/wp\/v2\/pages"}],"about":[{"href":"https:\/\/www.telenec.cz\/index.php\/wp-json\/wp\/v2\/types\/page"}],"author":[{"embeddable":true,"href":"https:\/\/www.telenec.cz\/index.php\/wp-json\/wp\/v2\/users\/1"}],"replies":[{"embeddable":true,"href":"https:\/\/www.telenec.cz\/index.php\/wp-json\/wp\/v2\/comments?post=2054"}],"version-history":[{"count":3,"href":"https:\/\/www.telenec.cz\/index.php\/wp-json\/wp\/v2\/pages\/2054\/revisions"}],"predecessor-version":[{"id":2058,"href":"https:\/\/www.telenec.cz\/index.php\/wp-json\/wp\/v2\/pages\/2054\/revisions\/2058"}],"wp:attachment":[{"href":"https:\/\/www.telenec.cz\/index.php\/wp-json\/wp\/v2\/media?parent=2054"}],"curies":[{"name":"wp","href":"https:\/\/api.w.org\/{rel}","templated":true}]}}