{"id":1771,"date":"2021-06-19T12:28:36","date_gmt":"2021-06-19T10:28:36","guid":{"rendered":"https:\/\/www.telenec.cz\/?page_id=1771"},"modified":"2021-07-03T23:03:38","modified_gmt":"2021-07-03T21:03:38","slug":"tokan","status":"publish","type":"page","link":"https:\/\/www.telenec.cz\/index.php\/tokan\/","title":{"rendered":"Tok\u00e1\u0148"},"content":{"rendered":"<h2 class=\"has-vivid-red-color has-text-color wp-block-heading\" style=\"font-size:38px\">Zaj\u00edmav\u00e9 m\u00edsto se smutnou histori\u00ed<\/h2>\n<figure class=\"wp-block-image size-large\"><img loading=\"lazy\" decoding=\"async\" width=\"750\" height=\"550\" src=\"https:\/\/www.telenec.cz\/wp-content\/uploads\/2021\/07\/mapa-Tokan.jpg\" alt=\"\" class=\"wp-image-2025\" srcset=\"https:\/\/www.telenec.cz\/wp-content\/uploads\/2021\/07\/mapa-Tokan.jpg 750w, https:\/\/www.telenec.cz\/wp-content\/uploads\/2021\/07\/mapa-Tokan-300x220.jpg 300w\" sizes=\"(max-width: 706px) 89vw, (max-width: 767px) 82vw, 740px\" \/><\/figure>\n<p>Tok\u00e1\u0148, turisty velmi  obl\u00edben\u00e9 m\u00edsto v \u010cesk\u00e9m \u0160v\u00fdcarsku, se nach\u00e1z\u00ed asi 3 kilometry severov\u00fdchodn\u011b od Jet\u0159ichovic.<\/p>\n<div class=\"wp-block-image\">\n<figure class=\"aligncenter size-large is-resized\"><a href=\"https:\/\/www.telenec.cz\/wp-content\/uploads\/2021\/06\/Tokan.jpg\"><img loading=\"lazy\" decoding=\"async\" src=\"https:\/\/www.telenec.cz\/wp-content\/uploads\/2021\/06\/Tokan.jpg\" alt=\"\" class=\"wp-image-1777\" width=\"500\" height=\"350\" srcset=\"https:\/\/www.telenec.cz\/wp-content\/uploads\/2021\/06\/Tokan.jpg 1000w, https:\/\/www.telenec.cz\/wp-content\/uploads\/2021\/06\/Tokan-300x210.jpg 300w, https:\/\/www.telenec.cz\/wp-content\/uploads\/2021\/06\/Tokan-768x538.jpg 768w\" sizes=\"(max-width: 500px) 100vw, 500px\" \/><\/a><figcaption>Tolk\u00e1\u0148 loveck\u00fd srub<\/figcaption><\/figure>\n<\/div>\n<p>P\u016fvodn\u00ed loveck\u00e9 sruby pro lovce tet\u0159ev\u016f zde nachali  postavit majitel\u00e9 panstv\u00ed rod  Kinsk\u00fdch.  Odtud poch\u00e1z\u00ed n\u00e1zev cel\u00e9ho are\u00e1lu. Budovy jsou postaven\u00e9 ve \u0160v\u00fdcarsk\u00e9m (alpsk\u00e9m) stylu. Bylo zde obydl\u00ed vrchnostensk\u00e9ho \u00fa\u0159edn\u00edka, kuchyn\u011b, kon\u00edrna, a ko\u010d\u00e1rovna.  Na skaln\u00edm bloku nad stavbami je vytesan\u00e1 n\u00e1dr\u017e, co\u017e byl baz\u00e9nek kn\u011b\u017eny Vilem\u00edny Kinsk\u00e9.<\/p>\n<p>Os\u00eddlen\u00ed  t\u00e9to oblasti je v\u0161ak dolo\u017eeno ji\u017e ve st\u0159edov\u011bku, o \u010dem\u017e sv\u011bd\u010d\u00ed skaln\u00ed jeskyn\u011b s vytesan\u00fdm letopo\u010dtem 1563. V okoln\u00edch rokl\u00edch byly nalezeny smoln\u00e9 pece na v\u00fdrobu kolomaze z borovicov\u00fdch pa\u0159ez\u016f.<\/p>\n<p>V 19. stolet\u00ed se osada prom\u011bnila na turistick\u00e9 za\u0159\u00edzen\u00ed. Budovy  Na Tok\u00e1ni zmi\u0148uje   prvn\u00ed pr\u016fvodce  t\u00e9to oblasti z roku 1864. V roce 1905 postihl osadu po\u017e\u00e1r, p\u0159i n\u00ed\u017e zanikla sb\u00edrka loveck\u00fdch trofej\u00ed. Sruby v\u0161ak byly obnoveny. K <a rel=\"noreferrer noopener\" href=\"https:\/\/ct24.ceskatelevize.cz\/regiony\/3102620-v-ceskem-svycarsku-se-siri-pozar-znicil-historicke-chaty-na-tokani\" data-type=\"URL\" data-id=\"https:\/\/ct24.ceskatelevize.cz\/regiony\/3102620-v-ceskem-svycarsku-se-siri-pozar-znicil-historicke-chaty-na-tokani\" target=\"_blank\">velk\u00e9mu po\u017e\u00e1ru<\/a> Na Tok\u00e1\u0148i do\u0161lo i v roce 2020<\/p>\n<figure class=\"wp-block-gallery columns-2 is-cropped wp-block-gallery-1 is-layout-flex wp-block-gallery-is-layout-flex\">\n<ul class=\"blocks-gallery-grid\">\n<li class=\"blocks-gallery-item\">\n<figure><img loading=\"lazy\" decoding=\"async\" width=\"1000\" height=\"700\" src=\"https:\/\/www.telenec.cz\/wp-content\/uploads\/2021\/06\/Dekan_2.jpg\" alt=\"\" data-id=\"1778\" data-link=\"https:\/\/www.telenec.cz\/index.php\/tokan\/dekan_2\/\" class=\"wp-image-1778\" srcset=\"https:\/\/www.telenec.cz\/wp-content\/uploads\/2021\/06\/Dekan_2.jpg 1000w, https:\/\/www.telenec.cz\/wp-content\/uploads\/2021\/06\/Dekan_2-300x210.jpg 300w, https:\/\/www.telenec.cz\/wp-content\/uploads\/2021\/06\/Dekan_2-768x538.jpg 768w\" sizes=\"(max-width: 706px) 89vw, (max-width: 767px) 82vw, 740px\" \/><\/figure>\n<\/li>\n<li class=\"blocks-gallery-item\">\n<figure><img loading=\"lazy\" decoding=\"async\" width=\"1000\" height=\"700\" src=\"https:\/\/www.telenec.cz\/wp-content\/uploads\/2021\/06\/Dekan.jpg\" alt=\"\" data-id=\"1780\" data-full-url=\"https:\/\/www.telenec.cz\/wp-content\/uploads\/2021\/06\/Dekan.jpg\" data-link=\"https:\/\/www.telenec.cz\/index.php\/tokan\/dekan\/\" class=\"wp-image-1780\" srcset=\"https:\/\/www.telenec.cz\/wp-content\/uploads\/2021\/06\/Dekan.jpg 1000w, https:\/\/www.telenec.cz\/wp-content\/uploads\/2021\/06\/Dekan-300x210.jpg 300w, https:\/\/www.telenec.cz\/wp-content\/uploads\/2021\/06\/Dekan-768x538.jpg 768w\" sizes=\"(max-width: 706px) 89vw, (max-width: 767px) 82vw, 740px\" \/><\/figure>\n<\/li>\n<\/ul><figcaption class=\"blocks-gallery-caption\">Po\u017e\u00e1r Na Tok\u00e1\u0148i v roce 2020 (autor Dekan)<\/figcaption><\/figure>\n<p>O zveleben\u00ed t\u00e9to oblasti se hodn\u011b  p\u0159i\u010dinil kn\u00ed\u017ee Ferdinand Kinsk\u00fd. Nav\u00e1zal tak na pr\u00e1ci sv\u00fdch rodi\u010d\u016f Rudolfa a Vilem\u00edny Kinsk\u00fdch, kte\u0159\u00ed otev\u0159eli sv\u00e1 \u00fazem\u00ed turist\u016fm, budovali zde stezky a vyhl\u00eddky. P\u0159ibli\u017en\u011b 800 m od osady se nach\u00e1z\u00ed deska kn\u011b\u017eny Vilem\u00edny a sout\u011bska \u00dazk\u00e9 schody. P\u016fvodn\u011b se toto m\u00edsto naz\u00fdvalo Trpasli\u010d\u00ed rokl\u00ed.<\/p>\n<figure class=\"wp-block-gallery columns-3 is-cropped wp-block-gallery-2 is-layout-flex wp-block-gallery-is-layout-flex\">\n<ul class=\"blocks-gallery-grid\">\n<li class=\"blocks-gallery-item\">\n<figure><a href=\"https:\/\/www.telenec.cz\/wp-content\/uploads\/2021\/06\/J.-Novakova-1.jpg\"><img loading=\"lazy\" decoding=\"async\" width=\"1000\" height=\"666\" src=\"https:\/\/www.telenec.cz\/wp-content\/uploads\/2021\/06\/J.-Novakova-1.jpg\" alt=\"\" data-id=\"1782\" data-link=\"https:\/\/www.telenec.cz\/index.php\/tokan\/j-novakova-1\/\" class=\"wp-image-1782\" srcset=\"https:\/\/www.telenec.cz\/wp-content\/uploads\/2021\/06\/J.-Novakova-1.jpg 1000w, https:\/\/www.telenec.cz\/wp-content\/uploads\/2021\/06\/J.-Novakova-1-300x200.jpg 300w, https:\/\/www.telenec.cz\/wp-content\/uploads\/2021\/06\/J.-Novakova-1-768x511.jpg 768w\" sizes=\"(max-width: 706px) 89vw, (max-width: 767px) 82vw, 740px\" \/><\/a><\/figure>\n<\/li>\n<li class=\"blocks-gallery-item\">\n<figure><a href=\"https:\/\/www.telenec.cz\/wp-content\/uploads\/2021\/06\/J.-Novakova_.jpg\"><img loading=\"lazy\" decoding=\"async\" width=\"1000\" height=\"666\" src=\"https:\/\/www.telenec.cz\/wp-content\/uploads\/2021\/06\/J.-Novakova_.jpg\" alt=\"\" data-id=\"1783\" data-link=\"https:\/\/www.telenec.cz\/index.php\/tokan\/j-novakova_\/\" class=\"wp-image-1783\" srcset=\"https:\/\/www.telenec.cz\/wp-content\/uploads\/2021\/06\/J.-Novakova_.jpg 1000w, https:\/\/www.telenec.cz\/wp-content\/uploads\/2021\/06\/J.-Novakova_-300x200.jpg 300w, https:\/\/www.telenec.cz\/wp-content\/uploads\/2021\/06\/J.-Novakova_-768x511.jpg 768w\" sizes=\"(max-width: 706px) 89vw, (max-width: 767px) 82vw, 740px\" \/><\/a><\/figure>\n<\/li>\n<li class=\"blocks-gallery-item\">\n<figure><a href=\"https:\/\/www.telenec.cz\/wp-content\/uploads\/2021\/06\/S.-Dvorak.jpg\"><img loading=\"lazy\" decoding=\"async\" width=\"666\" height=\"1000\" src=\"https:\/\/www.telenec.cz\/wp-content\/uploads\/2021\/06\/S.-Dvorak.jpg\" alt=\"\" data-id=\"1785\" data-link=\"https:\/\/www.telenec.cz\/index.php\/tokan\/s-dvorak\/\" class=\"wp-image-1785\" srcset=\"https:\/\/www.telenec.cz\/wp-content\/uploads\/2021\/06\/S.-Dvorak.jpg 666w, https:\/\/www.telenec.cz\/wp-content\/uploads\/2021\/06\/S.-Dvorak-200x300.jpg 200w\" sizes=\"(max-width: 666px) 100vw, 666px\" \/><\/a><\/figure>\n<\/li>\n<li class=\"blocks-gallery-item\">\n<figure><a href=\"https:\/\/www.telenec.cz\/wp-content\/uploads\/2021\/06\/Telenec_188.jpg\"><img loading=\"lazy\" decoding=\"async\" width=\"1000\" height=\"700\" src=\"https:\/\/www.telenec.cz\/wp-content\/uploads\/2021\/06\/Telenec_188.jpg\" alt=\"\" data-id=\"1786\" data-full-url=\"https:\/\/www.telenec.cz\/wp-content\/uploads\/2021\/06\/Telenec_188.jpg\" data-link=\"https:\/\/www.telenec.cz\/index.php\/tokan\/telenec_188\/\" class=\"wp-image-1786\" srcset=\"https:\/\/www.telenec.cz\/wp-content\/uploads\/2021\/06\/Telenec_188.jpg 1000w, https:\/\/www.telenec.cz\/wp-content\/uploads\/2021\/06\/Telenec_188-300x210.jpg 300w, https:\/\/www.telenec.cz\/wp-content\/uploads\/2021\/06\/Telenec_188-768x538.jpg 768w\" sizes=\"(max-width: 706px) 89vw, (max-width: 767px) 82vw, 740px\" \/><\/a><\/figure>\n<\/li>\n<\/ul><figcaption class=\"blocks-gallery-caption\">\u00dazk\u00e9 schody, Vilem\u00ednina deska (autor J. Nov\u00e1kov\u00e1, \u0160. Dvo\u0159\u00e1k)<\/figcaption><\/figure>\n<p>Tok\u00e1\u0148 se smutn\u011b zapsala do historie \u010cech\u016f .  Majitel panstv\u00ed Ulrich Ferdinand Kinsky se dlouhodob\u011b siln\u011b anga\u017eoval v z\u00e1jmu&nbsp;Hitlerovy&nbsp;\u0158\u00ed\u0161e.&nbsp;V l\u00e9t\u011b v roce 1938 uspo\u0159\u00e1dal Na Tok\u00e1ni sch\u016fzku anglick\u00e9ho lorda Runcimana s  p\u0159edstaviteli \u010desk\u00e9 a moravsk\u00e9 <strong>prohenleinovsk\u00e9<\/strong> \u0161lechty.  C\u00edlem sch\u016fzky bylo probrat sou\u017eit\u00ed \u010cech\u016f s N\u011bmci. Zorganizoval dokonce v m\u00edst\u011b setk\u00e1n\u00ed malou demonstraci m\u00edstn\u00edch N\u011bmc\u016f. P\u0159\u00edtomen setk\u00e1n\u00ed byl tak\u00e9 kn\u00ed\u017ee Hohenlohe, na jeho\u017e \u010cerven\u00e9m hr\u00e1dku se Runciman pozd\u011bji se\u0161el s Henleinem. T\u00edm  byly zah\u00e1jeny kroky   k Mnichovsk\u00e9 dohod\u011b.  <\/p>\n","protected":false},"excerpt":{"rendered":"<p>Zaj\u00edmav\u00e9 m\u00edsto se smutnou histori\u00ed Tok\u00e1\u0148, turisty velmi obl\u00edben\u00e9 m\u00edsto v \u010cesk\u00e9m \u0160v\u00fdcarsku, se nach\u00e1z\u00ed asi 3 kilometry severov\u00fdchodn\u011b od Jet\u0159ichovic. P\u016fvodn\u00ed loveck\u00e9 sruby pro lovce tet\u0159ev\u016f zde nachali postavit majitel\u00e9 panstv\u00ed rod Kinsk\u00fdch. Odtud poch\u00e1z\u00ed n\u00e1zev cel\u00e9ho are\u00e1lu. Budovy jsou postaven\u00e9 ve \u0160v\u00fdcarsk\u00e9m (alpsk\u00e9m) stylu. Bylo zde obydl\u00ed vrchnostensk\u00e9ho \u00fa\u0159edn\u00edka, kuchyn\u011b, kon\u00edrna, a ko\u010d\u00e1rovna. &hellip; <\/p>\n<p class=\"link-more\"><a href=\"https:\/\/www.telenec.cz\/index.php\/tokan\/\" class=\"more-link\">Pokra\u010dovat ve \u010dten\u00ed<span class=\"screen-reader-text\"> &#8222;Tok\u00e1\u0148&#8220;<\/span><\/a><\/p>\n","protected":false},"author":1,"featured_media":0,"parent":0,"menu_order":0,"comment_status":"closed","ping_status":"closed","template":"","meta":{"footnotes":"","_wp_rev_ctl_limit":"3"},"class_list":["post-1771","page","type-page","status-publish","hentry"],"_links":{"self":[{"href":"https:\/\/www.telenec.cz\/index.php\/wp-json\/wp\/v2\/pages\/1771"}],"collection":[{"href":"https:\/\/www.telenec.cz\/index.php\/wp-json\/wp\/v2\/pages"}],"about":[{"href":"https:\/\/www.telenec.cz\/index.php\/wp-json\/wp\/v2\/types\/page"}],"author":[{"embeddable":true,"href":"https:\/\/www.telenec.cz\/index.php\/wp-json\/wp\/v2\/users\/1"}],"replies":[{"embeddable":true,"href":"https:\/\/www.telenec.cz\/index.php\/wp-json\/wp\/v2\/comments?post=1771"}],"version-history":[{"count":2,"href":"https:\/\/www.telenec.cz\/index.php\/wp-json\/wp\/v2\/pages\/1771\/revisions"}],"predecessor-version":[{"id":2026,"href":"https:\/\/www.telenec.cz\/index.php\/wp-json\/wp\/v2\/pages\/1771\/revisions\/2026"}],"wp:attachment":[{"href":"https:\/\/www.telenec.cz\/index.php\/wp-json\/wp\/v2\/media?parent=1771"}],"curies":[{"name":"wp","href":"https:\/\/api.w.org\/{rel}","templated":true}]}}