{"id":1295,"date":"2021-05-24T11:22:53","date_gmt":"2021-05-24T09:22:53","guid":{"rendered":"https:\/\/www.telenec.cz\/?page_id=1295"},"modified":"2021-07-03T14:21:36","modified_gmt":"2021-07-03T12:21:36","slug":"snezna","status":"publish","type":"page","link":"https:\/\/www.telenec.cz\/index.php\/snezna\/","title":{"rendered":"Sn\u011b\u017en\u00e1"},"content":{"rendered":"<h1 class=\"has-vivid-red-color has-text-color wp-block-heading\" style=\"font-size:38px\">Soukrom\u00e9 Fritscheho arboretum ve Sn\u011b\u017en\u00e9<\/h1>\n<p>Asi 2.5 km od Kr\u00e1sn\u00e9 L\u00edpy se rozkl\u00e1d\u00e1 v ji\u017en\u00ed \u010d\u00e1sti  Kr\u00e1sn\u00e9ho Buku   arboretum. <\/p>\n<div class=\"wp-block-image\">\n<figure class=\"aligncenter size-large\"><a href=\"https:\/\/www.telenec.cz\/wp-content\/uploads\/2021\/05\/mapa-Snezna.jpg\"><img loading=\"lazy\" decoding=\"async\" width=\"1000\" height=\"684\" src=\"https:\/\/www.telenec.cz\/wp-content\/uploads\/2021\/05\/mapa-Snezna.jpg\" alt=\"\" class=\"wp-image-1455\" srcset=\"https:\/\/www.telenec.cz\/wp-content\/uploads\/2021\/05\/mapa-Snezna.jpg 1000w, https:\/\/www.telenec.cz\/wp-content\/uploads\/2021\/05\/mapa-Snezna-300x205.jpg 300w, https:\/\/www.telenec.cz\/wp-content\/uploads\/2021\/05\/mapa-Snezna-768x525.jpg 768w\" sizes=\"(max-width: 706px) 89vw, (max-width: 767px) 82vw, 740px\" \/><\/a><\/figure>\n<\/div>\n<p>Cesta k t\u00e9tu unik\u00e1tn\u00ed soukrom\u00e9 zahrad\u011b, kter\u00e1 je ve\u0159ejnosti voln\u011b&nbsp;<strong>p\u0159\u00edstupn\u00e1 po cel\u00fd rok<\/strong>, nen\u00ed jednoduch\u00e1. P\u0159esto stoj\u00ed za to tam zav\u00edtat.  Arboretum zalo\u017eil  kolem roku 1960 V\u00edt Fritsch. O stovky zde voln\u011b rostouc\u00edch d\u0159evin a rostlin te\u010f pe\u010duj\u00ed jeho rodinn\u00ed n\u00e1sledovn\u00edci. <\/p>\n<p>Najdete zde botanick\u00e9 unik\u00e1ty z r\u016fzn\u00fdch kon\u010din sv\u011bta, t\u0159eba <a href=\"https:\/\/cs.wikipedia.org\/wiki\/Plam%C3%A9nek\" data-type=\"URL\" data-id=\"https:\/\/cs.wikipedia.org\/wiki\/Plam%C3%A9nek\" target=\"_blank\" rel=\"noreferrer noopener\">clematis<\/a>, bohy\u0161ku nebo <a rel=\"noreferrer noopener\" href=\"https:\/\/cs.wikipedia.org\/wiki\/Smrk_Brewer%C5%AFv\" data-type=\"URL\" data-id=\"https:\/\/cs.wikipedia.org\/wiki\/Smrk_Brewer%C5%AFv\" target=\"_blank\">smrk Brewel\u016fv<\/a>. Zahrada je pln\u00e1 pozoruhodn\u00fdch ke\u0159\u016f a strom\u016f, z nich\u017e na ja\u0159e nejv\u00edce vynikaj\u00ed rozkvetl\u00e9 rododendrony a v l\u00e9t\u011b naopak zaujmou z\u00e1hony kvetouc\u00edch lili\u00ed.<\/p>\n<figure class=\"wp-block-gallery columns-2 is-cropped wp-block-gallery-1 is-layout-flex wp-block-gallery-is-layout-flex\">\n<ul class=\"blocks-gallery-grid\">\n<li class=\"blocks-gallery-item\">\n<figure><a href=\"https:\/\/www.telenec.cz\/wp-content\/uploads\/2021\/05\/M.-Zika-arboretum_1-1.jpg\"><img loading=\"lazy\" decoding=\"async\" width=\"1000\" height=\"683\" src=\"https:\/\/www.telenec.cz\/wp-content\/uploads\/2021\/05\/M.-Zika-arboretum_1-1.jpg\" alt=\"\" data-id=\"1445\" data-link=\"https:\/\/www.telenec.cz\/index.php\/snezna\/m-zika-arboretum_1-1\/\" class=\"wp-image-1445\" srcset=\"https:\/\/www.telenec.cz\/wp-content\/uploads\/2021\/05\/M.-Zika-arboretum_1-1.jpg 1000w, https:\/\/www.telenec.cz\/wp-content\/uploads\/2021\/05\/M.-Zika-arboretum_1-1-300x205.jpg 300w, https:\/\/www.telenec.cz\/wp-content\/uploads\/2021\/05\/M.-Zika-arboretum_1-1-768x525.jpg 768w\" sizes=\"(max-width: 706px) 89vw, (max-width: 767px) 82vw, 740px\" \/><\/a><\/figure>\n<\/li>\n<li class=\"blocks-gallery-item\">\n<figure><a href=\"https:\/\/www.telenec.cz\/wp-content\/uploads\/2021\/05\/M.-Zika-arboretum_2-3.jpg\"><img loading=\"lazy\" decoding=\"async\" width=\"1000\" height=\"625\" src=\"https:\/\/www.telenec.cz\/wp-content\/uploads\/2021\/05\/M.-Zika-arboretum_2-3.jpg\" alt=\"\" data-id=\"1446\" data-full-url=\"https:\/\/www.telenec.cz\/wp-content\/uploads\/2021\/05\/M.-Zika-arboretum_2-3.jpg\" data-link=\"https:\/\/www.telenec.cz\/index.php\/snezna\/m-zika-arboretum_2-3\/\" class=\"wp-image-1446\" srcset=\"https:\/\/www.telenec.cz\/wp-content\/uploads\/2021\/05\/M.-Zika-arboretum_2-3.jpg 1000w, https:\/\/www.telenec.cz\/wp-content\/uploads\/2021\/05\/M.-Zika-arboretum_2-3-300x188.jpg 300w, https:\/\/www.telenec.cz\/wp-content\/uploads\/2021\/05\/M.-Zika-arboretum_2-3-768x480.jpg 768w\" sizes=\"(max-width: 706px) 89vw, (max-width: 767px) 82vw, 740px\" \/><\/a><\/figure>\n<\/li>\n<\/ul><figcaption class=\"blocks-gallery-caption\">autor M. Zika<\/figcaption><\/figure>\n<figure class=\"wp-block-gallery columns-2 is-cropped wp-block-gallery-2 is-layout-flex wp-block-gallery-is-layout-flex\">\n<ul class=\"blocks-gallery-grid\">\n<li class=\"blocks-gallery-item\">\n<figure><a href=\"https:\/\/www.telenec.cz\/wp-content\/uploads\/2021\/05\/P.-Maryska-arboretum_2.jpg\"><img loading=\"lazy\" decoding=\"async\" width=\"1000\" height=\"666\" src=\"https:\/\/www.telenec.cz\/wp-content\/uploads\/2021\/05\/P.-Maryska-arboretum_2.jpg\" alt=\"\" data-id=\"1447\" data-link=\"https:\/\/www.telenec.cz\/index.php\/snezna\/p-maryska-arboretum_2\/\" class=\"wp-image-1447\" srcset=\"https:\/\/www.telenec.cz\/wp-content\/uploads\/2021\/05\/P.-Maryska-arboretum_2.jpg 1000w, https:\/\/www.telenec.cz\/wp-content\/uploads\/2021\/05\/P.-Maryska-arboretum_2-300x200.jpg 300w, https:\/\/www.telenec.cz\/wp-content\/uploads\/2021\/05\/P.-Maryska-arboretum_2-768x511.jpg 768w\" sizes=\"(max-width: 706px) 89vw, (max-width: 767px) 82vw, 740px\" \/><\/a><\/figure>\n<\/li>\n<li class=\"blocks-gallery-item\">\n<figure><a href=\"https:\/\/www.telenec.cz\/wp-content\/uploads\/2021\/05\/P.-Maryska-arboretum_1.jpg\"><img loading=\"lazy\" decoding=\"async\" width=\"1000\" height=\"666\" src=\"https:\/\/www.telenec.cz\/wp-content\/uploads\/2021\/05\/P.-Maryska-arboretum_1.jpg\" alt=\"\" data-id=\"1448\" data-full-url=\"https:\/\/www.telenec.cz\/wp-content\/uploads\/2021\/05\/P.-Maryska-arboretum_1.jpg\" data-link=\"https:\/\/www.telenec.cz\/index.php\/snezna\/p-maryska-arboretum_1\/\" class=\"wp-image-1448\" srcset=\"https:\/\/www.telenec.cz\/wp-content\/uploads\/2021\/05\/P.-Maryska-arboretum_1.jpg 1000w, https:\/\/www.telenec.cz\/wp-content\/uploads\/2021\/05\/P.-Maryska-arboretum_1-300x200.jpg 300w, https:\/\/www.telenec.cz\/wp-content\/uploads\/2021\/05\/P.-Maryska-arboretum_1-768x511.jpg 768w\" sizes=\"(max-width: 706px) 89vw, (max-width: 767px) 82vw, 740px\" \/><\/a><\/figure>\n<\/li>\n<\/ul><figcaption class=\"blocks-gallery-caption\">autor M. Mary\u0161ka<\/figcaption><\/figure>\n<p>Vedle arboreta si m\u016f\u017eete ve Sn\u011b\u017en\u00e9 prohl\u00e9dnout sloup sv. Jozefa, kter\u00fd se sem dostal po zbour\u00e1n\u00ed m\u016fstku p\u0159es K\u0159inici na n\u00e1m\u011bst\u00ed v Kr\u00e1sn\u00e9 L\u00edp\u011b.<\/p>\n<div class=\"wp-block-image\">\n<figure class=\"aligncenter size-large is-resized\"><img loading=\"lazy\" decoding=\"async\" src=\"https:\/\/www.telenec.cz\/wp-content\/uploads\/2021\/05\/Svaty-Josef.jpg\" alt=\"\" class=\"wp-image-1449\" width=\"500\" height=\"340\" srcset=\"https:\/\/www.telenec.cz\/wp-content\/uploads\/2021\/05\/Svaty-Josef.jpg 1000w, https:\/\/www.telenec.cz\/wp-content\/uploads\/2021\/05\/Svaty-Josef-300x204.jpg 300w, https:\/\/www.telenec.cz\/wp-content\/uploads\/2021\/05\/Svaty-Josef-768x522.jpg 768w\" sizes=\"(max-width: 500px) 100vw, 500px\" \/><figcaption>sv. Jozef ze souso\u0161\u00ed na m\u016fstku z Kr\u00e1sn\u00e9 L\u00edpy<\/figcaption><\/figure>\n<\/div>\n<pre class=\"wp-block-preformatted\">[1] <a rel=\"noreferrer noopener\" href=\"https:\/\/cs.wikipedia.org\/wiki\/Fritscheho_arboretum\" data-type=\"URL\" data-id=\"https:\/\/cs.wikipedia.org\/wiki\/Fritscheho_arboretum\" target=\"_blank\">Fritscheho arboretum<\/a> - Wikipedie<\/pre>\n","protected":false},"excerpt":{"rendered":"<p>Soukrom\u00e9 Fritscheho arboretum ve Sn\u011b\u017en\u00e9 Asi 2.5 km od Kr\u00e1sn\u00e9 L\u00edpy se rozkl\u00e1d\u00e1 v ji\u017en\u00ed \u010d\u00e1sti Kr\u00e1sn\u00e9ho Buku arboretum. Cesta k t\u00e9tu unik\u00e1tn\u00ed soukrom\u00e9 zahrad\u011b, kter\u00e1 je ve\u0159ejnosti voln\u011b&nbsp;p\u0159\u00edstupn\u00e1 po cel\u00fd rok, nen\u00ed jednoduch\u00e1. P\u0159esto stoj\u00ed za to tam zav\u00edtat. Arboretum zalo\u017eil kolem roku 1960 V\u00edt Fritsch. O stovky zde voln\u011b rostouc\u00edch d\u0159evin a rostlin &hellip; <\/p>\n<p class=\"link-more\"><a href=\"https:\/\/www.telenec.cz\/index.php\/snezna\/\" class=\"more-link\">Pokra\u010dovat ve \u010dten\u00ed<span class=\"screen-reader-text\"> &#8222;Sn\u011b\u017en\u00e1&#8220;<\/span><\/a><\/p>\n","protected":false},"author":1,"featured_media":0,"parent":0,"menu_order":0,"comment_status":"closed","ping_status":"closed","template":"","meta":{"footnotes":"","_wp_rev_ctl_limit":""},"class_list":["post-1295","page","type-page","status-publish","hentry"],"_links":{"self":[{"href":"https:\/\/www.telenec.cz\/index.php\/wp-json\/wp\/v2\/pages\/1295"}],"collection":[{"href":"https:\/\/www.telenec.cz\/index.php\/wp-json\/wp\/v2\/pages"}],"about":[{"href":"https:\/\/www.telenec.cz\/index.php\/wp-json\/wp\/v2\/types\/page"}],"author":[{"embeddable":true,"href":"https:\/\/www.telenec.cz\/index.php\/wp-json\/wp\/v2\/users\/1"}],"replies":[{"embeddable":true,"href":"https:\/\/www.telenec.cz\/index.php\/wp-json\/wp\/v2\/comments?post=1295"}],"version-history":[{"count":11,"href":"https:\/\/www.telenec.cz\/index.php\/wp-json\/wp\/v2\/pages\/1295\/revisions"}],"predecessor-version":[{"id":1973,"href":"https:\/\/www.telenec.cz\/index.php\/wp-json\/wp\/v2\/pages\/1295\/revisions\/1973"}],"wp:attachment":[{"href":"https:\/\/www.telenec.cz\/index.php\/wp-json\/wp\/v2\/media?parent=1295"}],"curies":[{"name":"wp","href":"https:\/\/api.w.org\/{rel}","templated":true}]}}