{"id":1273,"date":"2021-05-23T22:52:47","date_gmt":"2021-05-23T20:52:47","guid":{"rendered":"https:\/\/www.telenec.cz\/?page_id=1273"},"modified":"2021-07-03T15:13:11","modified_gmt":"2021-07-03T13:13:11","slug":"vyjimecne-foto","status":"publish","type":"page","link":"https:\/\/www.telenec.cz\/index.php\/vyjimecne-foto\/","title":{"rendered":"Vyjime\u010dn\u00e1 fota"},"content":{"rendered":"<p class=\"has-vivid-red-color has-text-color\" style=\"font-size:38px\">Fotografie  \u010cesk\u00e9ho \u0160v\u00fdcarska r\u016fzn\u00fdch autor\u016f z webu<\/p>\n<figure class=\"wp-block-gallery columns-3 is-cropped wp-block-gallery-1 is-layout-flex wp-block-gallery-is-layout-flex\">\n<ul class=\"blocks-gallery-grid\">\n<li class=\"blocks-gallery-item\">\n<figure><a href=\"https:\/\/www.telenec.cz\/wp-content\/uploads\/2021\/05\/Luky_1.jpg\"><img loading=\"lazy\" decoding=\"async\" width=\"1000\" height=\"667\" src=\"https:\/\/www.telenec.cz\/wp-content\/uploads\/2021\/05\/Luky_1.jpg\" alt=\"\" data-id=\"1277\" data-full-url=\"https:\/\/www.telenec.cz\/wp-content\/uploads\/2021\/05\/Luky_1.jpg\" data-link=\"https:\/\/www.telenec.cz\/index.php\/vyjimecne-foto\/luky_1\/\" class=\"wp-image-1277\" srcset=\"https:\/\/www.telenec.cz\/wp-content\/uploads\/2021\/05\/Luky_1.jpg 1000w, https:\/\/www.telenec.cz\/wp-content\/uploads\/2021\/05\/Luky_1-300x200.jpg 300w, https:\/\/www.telenec.cz\/wp-content\/uploads\/2021\/05\/Luky_1-768x512.jpg 768w\" sizes=\"(max-width: 706px) 89vw, (max-width: 767px) 82vw, 740px\" \/><\/a><\/figure>\n<\/li>\n<li class=\"blocks-gallery-item\">\n<figure><a href=\"https:\/\/www.telenec.cz\/wp-content\/uploads\/2021\/05\/Luky_2.jpg\"><img loading=\"lazy\" decoding=\"async\" width=\"1000\" height=\"667\" src=\"https:\/\/www.telenec.cz\/wp-content\/uploads\/2021\/05\/Luky_2.jpg\" alt=\"\" data-id=\"1278\" data-full-url=\"https:\/\/www.telenec.cz\/wp-content\/uploads\/2021\/05\/Luky_2.jpg\" data-link=\"https:\/\/www.telenec.cz\/index.php\/vyjimecne-foto\/luky_2\/\" class=\"wp-image-1278\" srcset=\"https:\/\/www.telenec.cz\/wp-content\/uploads\/2021\/05\/Luky_2.jpg 1000w, https:\/\/www.telenec.cz\/wp-content\/uploads\/2021\/05\/Luky_2-300x200.jpg 300w, https:\/\/www.telenec.cz\/wp-content\/uploads\/2021\/05\/Luky_2-768x512.jpg 768w\" sizes=\"(max-width: 706px) 89vw, (max-width: 767px) 82vw, 740px\" \/><\/a><\/figure>\n<\/li>\n<li class=\"blocks-gallery-item\">\n<figure><a href=\"https:\/\/www.telenec.cz\/wp-content\/uploads\/2021\/05\/Luky_3.jpg\"><img loading=\"lazy\" decoding=\"async\" width=\"1000\" height=\"667\" src=\"https:\/\/www.telenec.cz\/wp-content\/uploads\/2021\/05\/Luky_3.jpg\" alt=\"\" data-id=\"1279\" data-full-url=\"https:\/\/www.telenec.cz\/wp-content\/uploads\/2021\/05\/Luky_3.jpg\" data-link=\"https:\/\/www.telenec.cz\/index.php\/vyjimecne-foto\/luky_3\/\" class=\"wp-image-1279\" srcset=\"https:\/\/www.telenec.cz\/wp-content\/uploads\/2021\/05\/Luky_3.jpg 1000w, https:\/\/www.telenec.cz\/wp-content\/uploads\/2021\/05\/Luky_3-300x200.jpg 300w, https:\/\/www.telenec.cz\/wp-content\/uploads\/2021\/05\/Luky_3-768x512.jpg 768w\" sizes=\"(max-width: 706px) 89vw, (max-width: 767px) 82vw, 740px\" \/><\/a><\/figure>\n<\/li>\n<li class=\"blocks-gallery-item\">\n<figure><a href=\"https:\/\/www.telenec.cz\/wp-content\/uploads\/2021\/05\/Luky_4.jpg\"><img loading=\"lazy\" decoding=\"async\" width=\"1000\" height=\"667\" src=\"https:\/\/www.telenec.cz\/wp-content\/uploads\/2021\/05\/Luky_4.jpg\" alt=\"\" data-id=\"1280\" data-full-url=\"https:\/\/www.telenec.cz\/wp-content\/uploads\/2021\/05\/Luky_4.jpg\" data-link=\"https:\/\/www.telenec.cz\/index.php\/vyjimecne-foto\/luky_4\/\" class=\"wp-image-1280\" srcset=\"https:\/\/www.telenec.cz\/wp-content\/uploads\/2021\/05\/Luky_4.jpg 1000w, https:\/\/www.telenec.cz\/wp-content\/uploads\/2021\/05\/Luky_4-300x200.jpg 300w, https:\/\/www.telenec.cz\/wp-content\/uploads\/2021\/05\/Luky_4-768x512.jpg 768w\" sizes=\"(max-width: 706px) 89vw, (max-width: 767px) 82vw, 740px\" \/><\/a><\/figure>\n<\/li>\n<li class=\"blocks-gallery-item\">\n<figure><a href=\"https:\/\/www.telenec.cz\/wp-content\/uploads\/2021\/05\/Luky_5.jpg\"><img loading=\"lazy\" decoding=\"async\" width=\"1000\" height=\"667\" src=\"https:\/\/www.telenec.cz\/wp-content\/uploads\/2021\/05\/Luky_5.jpg\" alt=\"\" data-id=\"1281\" data-full-url=\"https:\/\/www.telenec.cz\/wp-content\/uploads\/2021\/05\/Luky_5.jpg\" data-link=\"https:\/\/www.telenec.cz\/index.php\/vyjimecne-foto\/luky_5\/\" class=\"wp-image-1281\" srcset=\"https:\/\/www.telenec.cz\/wp-content\/uploads\/2021\/05\/Luky_5.jpg 1000w, https:\/\/www.telenec.cz\/wp-content\/uploads\/2021\/05\/Luky_5-300x200.jpg 300w, https:\/\/www.telenec.cz\/wp-content\/uploads\/2021\/05\/Luky_5-768x512.jpg 768w\" sizes=\"(max-width: 706px) 89vw, (max-width: 767px) 82vw, 740px\" \/><\/a><\/figure>\n<\/li>\n<li class=\"blocks-gallery-item\">\n<figure><a href=\"https:\/\/www.telenec.cz\/wp-content\/uploads\/2021\/05\/Luky_6.jpg\"><img loading=\"lazy\" decoding=\"async\" width=\"1000\" height=\"667\" src=\"https:\/\/www.telenec.cz\/wp-content\/uploads\/2021\/05\/Luky_6.jpg\" alt=\"\" data-id=\"1282\" data-full-url=\"https:\/\/www.telenec.cz\/wp-content\/uploads\/2021\/05\/Luky_6.jpg\" data-link=\"https:\/\/www.telenec.cz\/index.php\/vyjimecne-foto\/luky_6\/\" class=\"wp-image-1282\" srcset=\"https:\/\/www.telenec.cz\/wp-content\/uploads\/2021\/05\/Luky_6.jpg 1000w, https:\/\/www.telenec.cz\/wp-content\/uploads\/2021\/05\/Luky_6-300x200.jpg 300w, https:\/\/www.telenec.cz\/wp-content\/uploads\/2021\/05\/Luky_6-768x512.jpg 768w\" sizes=\"(max-width: 706px) 89vw, (max-width: 767px) 82vw, 740px\" \/><\/a><\/figure>\n<\/li>\n<li class=\"blocks-gallery-item\">\n<figure><a href=\"https:\/\/www.telenec.cz\/wp-content\/uploads\/2021\/05\/Luky_7.jpg\"><img loading=\"lazy\" decoding=\"async\" width=\"1000\" height=\"667\" src=\"https:\/\/www.telenec.cz\/wp-content\/uploads\/2021\/05\/Luky_7.jpg\" alt=\"\" data-id=\"1283\" data-full-url=\"https:\/\/www.telenec.cz\/wp-content\/uploads\/2021\/05\/Luky_7.jpg\" data-link=\"https:\/\/www.telenec.cz\/index.php\/vyjimecne-foto\/luky_7\/\" class=\"wp-image-1283\" srcset=\"https:\/\/www.telenec.cz\/wp-content\/uploads\/2021\/05\/Luky_7.jpg 1000w, https:\/\/www.telenec.cz\/wp-content\/uploads\/2021\/05\/Luky_7-300x200.jpg 300w, https:\/\/www.telenec.cz\/wp-content\/uploads\/2021\/05\/Luky_7-768x512.jpg 768w\" sizes=\"(max-width: 706px) 89vw, (max-width: 767px) 82vw, 740px\" \/><\/a><\/figure>\n<\/li>\n<\/ul><figcaption class=\"blocks-gallery-caption\">Autor Luky<\/figcaption><\/figure>\n<figure class=\"wp-block-gallery columns-2 is-cropped wp-block-gallery-2 is-layout-flex wp-block-gallery-is-layout-flex\">\n<ul class=\"blocks-gallery-grid\">\n<li class=\"blocks-gallery-item\">\n<figure><a href=\"https:\/\/www.telenec.cz\/wp-content\/uploads\/2021\/05\/J.-Kopalova_1.jpg\"><img loading=\"lazy\" decoding=\"async\" width=\"1000\" height=\"667\" src=\"https:\/\/www.telenec.cz\/wp-content\/uploads\/2021\/05\/J.-Kopalova_1.jpg\" alt=\"\" data-id=\"1284\" data-full-url=\"https:\/\/www.telenec.cz\/wp-content\/uploads\/2021\/05\/J.-Kopalova_1.jpg\" data-link=\"https:\/\/www.telenec.cz\/index.php\/vyjimecne-foto\/j-kopalova_1\/\" class=\"wp-image-1284\" srcset=\"https:\/\/www.telenec.cz\/wp-content\/uploads\/2021\/05\/J.-Kopalova_1.jpg 1000w, https:\/\/www.telenec.cz\/wp-content\/uploads\/2021\/05\/J.-Kopalova_1-300x200.jpg 300w, https:\/\/www.telenec.cz\/wp-content\/uploads\/2021\/05\/J.-Kopalova_1-768x512.jpg 768w\" sizes=\"(max-width: 706px) 89vw, (max-width: 767px) 82vw, 740px\" \/><\/a><\/figure>\n<\/li>\n<li class=\"blocks-gallery-item\">\n<figure><a href=\"https:\/\/www.telenec.cz\/wp-content\/uploads\/2021\/05\/J.-Kopalova_2.jpg\"><img loading=\"lazy\" decoding=\"async\" width=\"1000\" height=\"667\" src=\"https:\/\/www.telenec.cz\/wp-content\/uploads\/2021\/05\/J.-Kopalova_2.jpg\" alt=\"\" data-id=\"1285\" data-full-url=\"https:\/\/www.telenec.cz\/wp-content\/uploads\/2021\/05\/J.-Kopalova_2.jpg\" data-link=\"https:\/\/www.telenec.cz\/index.php\/vyjimecne-foto\/j-kopalova_2\/\" class=\"wp-image-1285\" srcset=\"https:\/\/www.telenec.cz\/wp-content\/uploads\/2021\/05\/J.-Kopalova_2.jpg 1000w, https:\/\/www.telenec.cz\/wp-content\/uploads\/2021\/05\/J.-Kopalova_2-300x200.jpg 300w, https:\/\/www.telenec.cz\/wp-content\/uploads\/2021\/05\/J.-Kopalova_2-768x512.jpg 768w\" sizes=\"(max-width: 706px) 89vw, (max-width: 767px) 82vw, 740px\" \/><\/a><\/figure>\n<\/li>\n<\/ul><figcaption class=\"blocks-gallery-caption\">Auot J. Kopalov\u00e1<\/figcaption><\/figure>\n<figure class=\"wp-block-gallery columns-2 is-cropped wp-block-gallery-3 is-layout-flex wp-block-gallery-is-layout-flex\">\n<ul class=\"blocks-gallery-grid\">\n<li class=\"blocks-gallery-item\">\n<figure><a href=\"https:\/\/www.telenec.cz\/wp-content\/uploads\/2021\/05\/L.-Machat_1.jpg\"><img loading=\"lazy\" decoding=\"async\" width=\"1000\" height=\"562\" src=\"https:\/\/www.telenec.cz\/wp-content\/uploads\/2021\/05\/L.-Machat_1.jpg\" alt=\"\" data-id=\"1287\" data-full-url=\"https:\/\/www.telenec.cz\/wp-content\/uploads\/2021\/05\/L.-Machat_1.jpg\" data-link=\"https:\/\/www.telenec.cz\/index.php\/vyjimecne-foto\/l-machat_1\/\" class=\"wp-image-1287\" srcset=\"https:\/\/www.telenec.cz\/wp-content\/uploads\/2021\/05\/L.-Machat_1.jpg 1000w, https:\/\/www.telenec.cz\/wp-content\/uploads\/2021\/05\/L.-Machat_1-300x169.jpg 300w, https:\/\/www.telenec.cz\/wp-content\/uploads\/2021\/05\/L.-Machat_1-768x432.jpg 768w\" sizes=\"(max-width: 706px) 89vw, (max-width: 767px) 82vw, 740px\" \/><\/a><\/figure>\n<\/li>\n<li class=\"blocks-gallery-item\">\n<figure><a href=\"https:\/\/www.telenec.cz\/wp-content\/uploads\/2021\/05\/L.-Machat_2.jpg\"><img loading=\"lazy\" decoding=\"async\" width=\"1000\" height=\"562\" src=\"https:\/\/www.telenec.cz\/wp-content\/uploads\/2021\/05\/L.-Machat_2.jpg\" alt=\"\" data-id=\"1288\" data-full-url=\"https:\/\/www.telenec.cz\/wp-content\/uploads\/2021\/05\/L.-Machat_2.jpg\" data-link=\"https:\/\/www.telenec.cz\/index.php\/vyjimecne-foto\/l-machat_2\/\" class=\"wp-image-1288\" srcset=\"https:\/\/www.telenec.cz\/wp-content\/uploads\/2021\/05\/L.-Machat_2.jpg 1000w, https:\/\/www.telenec.cz\/wp-content\/uploads\/2021\/05\/L.-Machat_2-300x169.jpg 300w, https:\/\/www.telenec.cz\/wp-content\/uploads\/2021\/05\/L.-Machat_2-768x432.jpg 768w\" sizes=\"(max-width: 706px) 89vw, (max-width: 767px) 82vw, 740px\" \/><\/a><\/figure>\n<\/li>\n<\/ul><figcaption class=\"blocks-gallery-caption\">Autor  L. Mach\u00e1t<\/figcaption><\/figure>\n","protected":false},"excerpt":{"rendered":"<p>Fotografie \u010cesk\u00e9ho \u0160v\u00fdcarska r\u016fzn\u00fdch autor\u016f z webu<\/p>\n","protected":false},"author":1,"featured_media":0,"parent":0,"menu_order":0,"comment_status":"closed","ping_status":"closed","template":"","meta":{"footnotes":"","_wp_rev_ctl_limit":""},"class_list":["post-1273","page","type-page","status-publish","hentry"],"_links":{"self":[{"href":"https:\/\/www.telenec.cz\/index.php\/wp-json\/wp\/v2\/pages\/1273"}],"collection":[{"href":"https:\/\/www.telenec.cz\/index.php\/wp-json\/wp\/v2\/pages"}],"about":[{"href":"https:\/\/www.telenec.cz\/index.php\/wp-json\/wp\/v2\/types\/page"}],"author":[{"embeddable":true,"href":"https:\/\/www.telenec.cz\/index.php\/wp-json\/wp\/v2\/users\/1"}],"replies":[{"embeddable":true,"href":"https:\/\/www.telenec.cz\/index.php\/wp-json\/wp\/v2\/comments?post=1273"}],"version-history":[{"count":4,"href":"https:\/\/www.telenec.cz\/index.php\/wp-json\/wp\/v2\/pages\/1273\/revisions"}],"predecessor-version":[{"id":1331,"href":"https:\/\/www.telenec.cz\/index.php\/wp-json\/wp\/v2\/pages\/1273\/revisions\/1331"}],"wp:attachment":[{"href":"https:\/\/www.telenec.cz\/index.php\/wp-json\/wp\/v2\/media?parent=1273"}],"curies":[{"name":"wp","href":"https:\/\/api.w.org\/{rel}","templated":true}]}}