{"id":1230,"date":"2021-05-23T15:26:20","date_gmt":"2021-05-23T13:26:20","guid":{"rendered":"https:\/\/www.telenec.cz\/?page_id=1230"},"modified":"2021-07-04T21:07:13","modified_gmt":"2021-07-04T19:07:13","slug":"brtnicky-hradek","status":"publish","type":"page","link":"https:\/\/www.telenec.cz\/index.php\/brtnicky-hradek\/","title":{"rendered":"Brtnick\u00fd hr\u00e1dek"},"content":{"rendered":"<p class=\"has-vivid-red-color has-text-color\" style=\"font-size:38px\">Brtnick\u00fd nebo Loupe\u017enick\u00fd hr\u00e1dek<\/p>\n<p>Na p\u00edskovcov\u00e9m ostrohu nad Hlubok\u00fdm dolem, asi 2 kilometry od Brtn\u00edk\u016f, jsou zbytky str\u00e1\u017en\u00e9ho skaln\u00edho Brtnick\u00e9ho hr\u00e1dku.<\/p>\n<figure class=\"wp-block-image size-large\"><a href=\"https:\/\/www.telenec.cz\/wp-content\/uploads\/2021\/05\/mapa-Brtnicky-hradek-2.jpg\"><img loading=\"lazy\" decoding=\"async\" width=\"1000\" height=\"745\" src=\"https:\/\/www.telenec.cz\/wp-content\/uploads\/2021\/05\/mapa-Brtnicky-hradek-2.jpg\" alt=\"\" class=\"wp-image-1348\" srcset=\"https:\/\/www.telenec.cz\/wp-content\/uploads\/2021\/05\/mapa-Brtnicky-hradek-2.jpg 1000w, https:\/\/www.telenec.cz\/wp-content\/uploads\/2021\/05\/mapa-Brtnicky-hradek-2-300x224.jpg 300w, https:\/\/www.telenec.cz\/wp-content\/uploads\/2021\/05\/mapa-Brtnicky-hradek-2-768x572.jpg 768w\" sizes=\"(max-width: 706px) 89vw, (max-width: 767px) 82vw, 740px\" \/><\/a><figcaption>mapa Brtnick\u00fd hr\u00e1dek<\/figcaption><\/figure>\n<p>Dostaneme se tam z Brtn\u00edk\u016f p\u0159es <a href=\"https:\/\/www.telenec.cz\/index.php\/stemberk\/\" data-type=\"URL\" data-id=\"https:\/\/www.telenec.cz\/index.php\/stemberk\/\" target=\"_blank\" rel=\"noreferrer noopener\">\u0160ternberk<\/a>. Cestou m\u016f\u017eeme nav\u0161t\u00edvit Sov\u00ed vyhl\u00eddku. Ze sk\u00e1ly  jsou v\u00fdhledy k jihov\u00fdchodu a do \u00fadol\u00ed Vl\u010d\u00edho potoka. Pod sk\u00e1lou se nach\u00e1z\u00ed Sov\u00ed jeskyn\u011b, n\u011bkdy t\u00e9\u017e naz\u00fdvan\u00e1 Sov\u00ed d\u00edra. Jedn\u00e1 se o pr\u016fchoz\u00ed skaln\u00ed dutinu, kterou podle pov\u011bst\u00ed pou\u017e\u00edvali m\u00edstn\u00ed jako \u00fakryt v dob\u011b v\u00e1le\u010dn\u00e9 v\u0159avy.<\/p>\n<figure class=\"wp-block-gallery aligncenter columns-2 is-cropped wp-block-gallery-1 is-layout-flex wp-block-gallery-is-layout-flex\">\n<ul class=\"blocks-gallery-grid\">\n<li class=\"blocks-gallery-item\">\n<figure><a href=\"https:\/\/www.telenec.cz\/wp-content\/uploads\/2021\/05\/Sovi-jeskyne-1.jpg\"><img loading=\"lazy\" decoding=\"async\" width=\"300\" height=\"225\" src=\"https:\/\/www.telenec.cz\/wp-content\/uploads\/2021\/05\/Sovi-jeskyne-1-300x225.jpg\" alt=\"\" data-id=\"1403\" data-full-url=\"https:\/\/www.telenec.cz\/wp-content\/uploads\/2021\/05\/Sovi-jeskyne-1.jpg\" data-link=\"https:\/\/www.telenec.cz\/index.php\/brtnicky-hradek\/sovi-jeskyne-1\/\" class=\"wp-image-1403\" srcset=\"https:\/\/www.telenec.cz\/wp-content\/uploads\/2021\/05\/Sovi-jeskyne-1-300x225.jpg 300w, https:\/\/www.telenec.cz\/wp-content\/uploads\/2021\/05\/Sovi-jeskyne-1-768x576.jpg 768w, https:\/\/www.telenec.cz\/wp-content\/uploads\/2021\/05\/Sovi-jeskyne-1.jpg 1000w\" sizes=\"(max-width: 300px) 100vw, 300px\" \/><\/a><\/figure>\n<\/li>\n<li class=\"blocks-gallery-item\">\n<figure><a href=\"https:\/\/www.telenec.cz\/wp-content\/uploads\/2021\/05\/Sovy-vyhlidka_03.jpg\"><img loading=\"lazy\" decoding=\"async\" width=\"300\" height=\"210\" src=\"https:\/\/www.telenec.cz\/wp-content\/uploads\/2021\/05\/Sovy-vyhlidka_03-300x210.jpg\" alt=\"\" data-id=\"1349\" data-full-url=\"https:\/\/www.telenec.cz\/wp-content\/uploads\/2021\/05\/Sovy-vyhlidka_03.jpg\" data-link=\"https:\/\/www.telenec.cz\/index.php\/brtnicky-hradek\/sovy-vyhlidka_03\/\" class=\"wp-image-1349\" srcset=\"https:\/\/www.telenec.cz\/wp-content\/uploads\/2021\/05\/Sovy-vyhlidka_03-300x210.jpg 300w, https:\/\/www.telenec.cz\/wp-content\/uploads\/2021\/05\/Sovy-vyhlidka_03-768x538.jpg 768w, https:\/\/www.telenec.cz\/wp-content\/uploads\/2021\/05\/Sovy-vyhlidka_03.jpg 1000w\" sizes=\"(max-width: 300px) 100vw, 300px\" \/><\/a><\/figure>\n<\/li>\n<\/ul><figcaption class=\"blocks-gallery-caption\">Sov\u00ed vyhl\u00eddka a Sov\u00ed jeskyn\u011b<\/figcaption><\/figure>\n<p>Dal\u0161\u00ed zastaven\u00ed na cest\u011b k Brtnick\u00e9mu hr\u00e1dku m\u016f\u017ee b\u00fdt u Velk\u00e9ho Prusk\u00e9ho t\u00e1bora. Jedn\u00e1 se rozlehl\u00fd p\u00edskovcov\u00fd p\u0159evis. Podle pov\u011bsti slou\u017eil jako \u00fakryt obyvatel\u016fm  Brtn\u00edk\u016f a Kopce. Lid\u00e9 tu p\u0159eb\u00fdvali u\u017e za t\u0159icetilet\u00e9 v\u00e1lky, za sedmilet\u00e9 v\u00e1lky i v&nbsp;roce 1866. Pod p\u0159evisem se ukrylo  a\u017e 200 osob.<\/p>\n<p> Z roku 1756 je zde vytes\u00e1no do sk\u00e1ly srd\u00ed\u010dko s k\u0159\u00ed\u017ekem, \u00fadajn\u011b pam\u00e1tka na narozen\u00ed d\u00edt\u011bte, kter\u00e9  kv\u016fli \u0161patn\u00fdm podm\u00ednk\u00e1m zem\u0159elo.<\/p>\n<figure class=\"wp-block-gallery aligncenter columns-2 is-cropped wp-block-gallery-2 is-layout-flex wp-block-gallery-is-layout-flex\">\n<ul class=\"blocks-gallery-grid\">\n<li class=\"blocks-gallery-item\">\n<figure><a href=\"https:\/\/www.telenec.cz\/wp-content\/uploads\/2021\/05\/Velky-prusky-tabor_1-1024x768.jpg\"><img loading=\"lazy\" decoding=\"async\" width=\"1024\" height=\"768\" src=\"https:\/\/www.telenec.cz\/wp-content\/uploads\/2021\/05\/Velky-prusky-tabor_1-1024x768.jpg\" alt=\"\" data-id=\"1354\" class=\"wp-image-1354\" srcset=\"https:\/\/www.telenec.cz\/wp-content\/uploads\/2021\/05\/Velky-prusky-tabor_1-1024x768.jpg 1024w, https:\/\/www.telenec.cz\/wp-content\/uploads\/2021\/05\/Velky-prusky-tabor_1-300x225.jpg 300w, https:\/\/www.telenec.cz\/wp-content\/uploads\/2021\/05\/Velky-prusky-tabor_1-768x576.jpg 768w, https:\/\/www.telenec.cz\/wp-content\/uploads\/2021\/05\/Velky-prusky-tabor_1.jpg 1155w\" sizes=\"(max-width: 706px) 89vw, (max-width: 767px) 82vw, 740px\" \/><\/a><\/figure>\n<\/li>\n<li class=\"blocks-gallery-item\">\n<figure><a href=\"https:\/\/www.telenec.cz\/wp-content\/uploads\/2021\/05\/srdicko.jpg\"><img loading=\"lazy\" decoding=\"async\" width=\"1024\" height=\"768\" src=\"https:\/\/www.telenec.cz\/wp-content\/uploads\/2021\/05\/srdicko-1024x768.jpg\" alt=\"\" data-id=\"1376\" data-full-url=\"https:\/\/www.telenec.cz\/wp-content\/uploads\/2021\/05\/srdicko.jpg\" data-link=\"https:\/\/www.telenec.cz\/index.php\/brtnicky-hradek\/srdicko\/\" class=\"wp-image-1376\" srcset=\"https:\/\/www.telenec.cz\/wp-content\/uploads\/2021\/05\/srdicko-1024x768.jpg 1024w, https:\/\/www.telenec.cz\/wp-content\/uploads\/2021\/05\/srdicko-300x225.jpg 300w, https:\/\/www.telenec.cz\/wp-content\/uploads\/2021\/05\/srdicko-768x576.jpg 768w, https:\/\/www.telenec.cz\/wp-content\/uploads\/2021\/05\/srdicko.jpg 1155w\" sizes=\"(max-width: 706px) 89vw, (max-width: 767px) 82vw, 740px\" \/><\/a><\/figure>\n<\/li>\n<\/ul><figcaption class=\"blocks-gallery-caption\">Velk\u00fd Prusk\u00fd t\u00e1bor<\/figcaption><\/figure>\n<\/p>\n<p>Od Velk\u00e9ho Prusk\u00e9ho t\u00e1bora u\u017e je kousek k Brtnick\u00e9mu hr\u00e1dku. Z hlavn\u00ed cesty se mus\u00ed odbo\u010dit vpravo a p\u0159es dv\u011b rokle se dostaneme na Brtnick\u00fd hr\u00e1dek, n\u011bkdy tak\u00e9 naz\u00fdvan\u00fd Loupe\u017enick\u00fd hr\u00e1dek. Jedn\u00e1 se poz\u016fstatky jak\u00e9hosi&nbsp;<strong>opevn\u011bn\u00e9ho objektu<\/strong>&nbsp;na p\u00edskovcov\u00e9m ostrohu nad&nbsp;Hlubok\u00fdm dolem&nbsp;(375 m&nbsp;n. m.). <\/p>\n<p>Archeologick\u00e9 n\u00e1lezy kladou os\u00eddlen\u00ed skaln\u00ed ostro\u017eny na p\u0159elom 13. \u2013 14. stolet\u00ed. \u00da\u010del zdej\u0161\u00edho objektu je v\u0161ak nezn\u00e1m\u00fd. Tradi\u010dn\u011b je pova\u017eov\u00e1n za hr\u00e1dek (str\u00e1\u017en\u00ed bod), kter\u00fd snad m\u011bl zaji\u0161\u0165ovat hranice panstv\u00ed Berk\u016f z&nbsp;Dub\u00e9, \u010di st\u0159e\u017eit obchodn\u00ed cesty, kter\u00e9 t\u011bmito kon\u010dinami sm\u011b\u0159ovaly ze \u017ditavska a Budy\u0161\u00ednska k Labi.<\/p>\n<p>Charakterem by tato trasa odpov\u00eddala st\u0159edov\u011bk\u00fdm cest\u00e1m.  Nebo to ale mohla b\u00fdt  snaha  o zaji\u0161t\u011bn\u00ed hranic \u010desk\u00e9ho st\u00e1tu po odstoupen\u00ed Budy\u0161\u00ednska Braniborsku. <\/p>\n<p>Objevuj\u00ed se i n\u00e1zory, \u017ee ne\u0161lo o opevn\u011bnou lokalitu, ale pouze \u00fato\u010di\u0161t\u011b,  souvisej\u00edc\u00ed s&nbsp;prospektorskou \u010dinnost\u00ed. Pravd\u011bpodobn\u011b se  jednalo o d\u0159ev\u011bnou \u010di hr\u00e1zd\u011bnou v\u011b\u017eovitou stavbu a n\u011bjak\u00e9 dal\u0161\u00ed d\u0159ev\u011bn\u00e9 konstrukce. <\/p>\n<div class=\"wp-block-image\">\n<figure class=\"aligncenter size-large is-resized\"><a href=\"https:\/\/www.telenec.cz\/wp-content\/uploads\/2021\/05\/planek-Brtnicky-hradek.jpg\"><img loading=\"lazy\" decoding=\"async\" src=\"https:\/\/www.telenec.cz\/wp-content\/uploads\/2021\/05\/planek-Brtnicky-hradek.jpg\" alt=\"\" class=\"wp-image-1343\" width=\"500\" height=\"350\" srcset=\"https:\/\/www.telenec.cz\/wp-content\/uploads\/2021\/05\/planek-Brtnicky-hradek.jpg 1000w, https:\/\/www.telenec.cz\/wp-content\/uploads\/2021\/05\/planek-Brtnicky-hradek-300x210.jpg 300w, https:\/\/www.telenec.cz\/wp-content\/uploads\/2021\/05\/planek-Brtnicky-hradek-768x538.jpg 768w\" sizes=\"(max-width: 500px) 100vw, 500px\" \/><\/a><figcaption>pl\u00e1nek Brtnick\u00e9ho hr\u00e1dku<\/figcaption><\/figure>\n<\/div>\n<p>Podle \u010d\u00e1ste\u010dn\u011b vysekan\u00fdch p\u0159\u00edkop\u016f se v\u0161ak soud\u00ed, \u017ee objekt nebyl nikdy dostav\u011bn. Na p\u0159elomu osmdes\u00e1t\u00fdch a&nbsp;devades\u00e1t\u00fdch let 19. stolet\u00ed byl hr\u00e1dek kyjovsk\u00fdm spolkem Gebirgs-Verein turisticky zp\u0159\u00edstupn\u011bn a byla zde postavena \u00fatulna, \u010d\u00edm\u017e byla pravd\u011bpodobn\u011b ter\u00e9nn\u00ed situace objektu zna\u010dn\u011b zm\u011bn\u011bna. V t\u00e9 dob\u011b byla vytvo\u0159ena v\u011bt\u0161ina vytesan\u00fdch sch\u016fdk\u016f i sou\u010dasn\u00e1 podoba podval\u00ed,  mo\u017en\u00e1 v\u010detn\u011b severn\u00edho vstupu. <\/p>\n<figure class=\"wp-block-gallery aligncenter columns-3 is-cropped wp-block-gallery-3 is-layout-flex wp-block-gallery-is-layout-flex\">\n<ul class=\"blocks-gallery-grid\">\n<li class=\"blocks-gallery-item\">\n<figure><a href=\"https:\/\/www.telenec.cz\/wp-content\/uploads\/2021\/05\/hradek-predhradi.jpg\"><img loading=\"lazy\" decoding=\"async\" width=\"1000\" height=\"719\" src=\"https:\/\/www.telenec.cz\/wp-content\/uploads\/2021\/05\/hradek-predhradi.jpg\" alt=\"\" data-id=\"1357\" data-link=\"https:\/\/www.telenec.cz\/index.php\/brtnicky-hradek\/hradek-predhradi\/\" class=\"wp-image-1357\" srcset=\"https:\/\/www.telenec.cz\/wp-content\/uploads\/2021\/05\/hradek-predhradi.jpg 1000w, https:\/\/www.telenec.cz\/wp-content\/uploads\/2021\/05\/hradek-predhradi-300x216.jpg 300w, https:\/\/www.telenec.cz\/wp-content\/uploads\/2021\/05\/hradek-predhradi-768x552.jpg 768w\" sizes=\"(max-width: 706px) 89vw, (max-width: 767px) 82vw, 740px\" \/><\/a><\/figure>\n<\/li>\n<li class=\"blocks-gallery-item\">\n<figure><a href=\"https:\/\/www.telenec.cz\/wp-content\/uploads\/2021\/05\/hradek-schody.jpg\"><img loading=\"lazy\" decoding=\"async\" width=\"749\" height=\"1000\" src=\"https:\/\/www.telenec.cz\/wp-content\/uploads\/2021\/05\/hradek-schody.jpg\" alt=\"\" data-id=\"1358\" data-link=\"https:\/\/www.telenec.cz\/index.php\/brtnicky-hradek\/hradek-schody\/\" class=\"wp-image-1358\" srcset=\"https:\/\/www.telenec.cz\/wp-content\/uploads\/2021\/05\/hradek-schody.jpg 749w, https:\/\/www.telenec.cz\/wp-content\/uploads\/2021\/05\/hradek-schody-225x300.jpg 225w\" sizes=\"(max-width: 706px) 89vw, (max-width: 767px) 82vw, 740px\" \/><\/a><\/figure>\n<\/li>\n<li class=\"blocks-gallery-item\">\n<figure><a href=\"https:\/\/www.telenec.cz\/wp-content\/uploads\/2021\/05\/Brtnicky-hradek_09.jpg\"><img loading=\"lazy\" decoding=\"async\" width=\"1000\" height=\"750\" src=\"https:\/\/www.telenec.cz\/wp-content\/uploads\/2021\/05\/Brtnicky-hradek_09.jpg\" alt=\"\" data-id=\"1363\" data-link=\"https:\/\/www.telenec.cz\/index.php\/brtnicky-hradek\/brtnicky-hradek_09\/\" class=\"wp-image-1363\" srcset=\"https:\/\/www.telenec.cz\/wp-content\/uploads\/2021\/05\/Brtnicky-hradek_09.jpg 1000w, https:\/\/www.telenec.cz\/wp-content\/uploads\/2021\/05\/Brtnicky-hradek_09-300x225.jpg 300w, https:\/\/www.telenec.cz\/wp-content\/uploads\/2021\/05\/Brtnicky-hradek_09-768x576.jpg 768w\" sizes=\"(max-width: 706px) 89vw, (max-width: 767px) 82vw, 740px\" \/><\/a><\/figure>\n<\/li>\n<li class=\"blocks-gallery-item\">\n<figure><a href=\"https:\/\/www.telenec.cz\/wp-content\/uploads\/2021\/05\/Brtnicky-hradek_07.jpg\"><img loading=\"lazy\" decoding=\"async\" width=\"1000\" height=\"700\" src=\"https:\/\/www.telenec.cz\/wp-content\/uploads\/2021\/05\/Brtnicky-hradek_07.jpg\" alt=\"\" data-id=\"1362\" data-link=\"https:\/\/www.telenec.cz\/index.php\/brtnicky-hradek\/brtnicky-hradek_07\/\" class=\"wp-image-1362\" srcset=\"https:\/\/www.telenec.cz\/wp-content\/uploads\/2021\/05\/Brtnicky-hradek_07.jpg 1000w, https:\/\/www.telenec.cz\/wp-content\/uploads\/2021\/05\/Brtnicky-hradek_07-300x210.jpg 300w, https:\/\/www.telenec.cz\/wp-content\/uploads\/2021\/05\/Brtnicky-hradek_07-768x538.jpg 768w\" sizes=\"(max-width: 706px) 89vw, (max-width: 767px) 82vw, 740px\" \/><\/a><\/figure>\n<\/li>\n<li class=\"blocks-gallery-item\">\n<figure><a href=\"https:\/\/www.telenec.cz\/wp-content\/uploads\/2021\/05\/hradek-vnitrek.jpg\"><img loading=\"lazy\" decoding=\"async\" width=\"1000\" height=\"749\" src=\"https:\/\/www.telenec.cz\/wp-content\/uploads\/2021\/05\/hradek-vnitrek.jpg\" alt=\"\" data-id=\"1359\" data-link=\"https:\/\/www.telenec.cz\/index.php\/brtnicky-hradek\/hradek-vnitrek\/\" class=\"wp-image-1359\" srcset=\"https:\/\/www.telenec.cz\/wp-content\/uploads\/2021\/05\/hradek-vnitrek.jpg 1000w, https:\/\/www.telenec.cz\/wp-content\/uploads\/2021\/05\/hradek-vnitrek-300x225.jpg 300w, https:\/\/www.telenec.cz\/wp-content\/uploads\/2021\/05\/hradek-vnitrek-768x575.jpg 768w\" sizes=\"(max-width: 706px) 89vw, (max-width: 767px) 82vw, 740px\" \/><\/a><\/figure>\n<\/li>\n<li class=\"blocks-gallery-item\">\n<figure><a href=\"https:\/\/www.telenec.cz\/wp-content\/uploads\/2021\/05\/hradek-pochnik.jpg\"><img loading=\"lazy\" decoding=\"async\" width=\"1000\" height=\"700\" src=\"https:\/\/www.telenec.cz\/wp-content\/uploads\/2021\/05\/hradek-pochnik.jpg\" alt=\"\" data-id=\"1364\" data-full-url=\"https:\/\/www.telenec.cz\/wp-content\/uploads\/2021\/05\/hradek-pochnik.jpg\" data-link=\"https:\/\/www.telenec.cz\/index.php\/brtnicky-hradek\/hradek-pochnik\/\" class=\"wp-image-1364\" srcset=\"https:\/\/www.telenec.cz\/wp-content\/uploads\/2021\/05\/hradek-pochnik.jpg 1000w, https:\/\/www.telenec.cz\/wp-content\/uploads\/2021\/05\/hradek-pochnik-300x210.jpg 300w, https:\/\/www.telenec.cz\/wp-content\/uploads\/2021\/05\/hradek-pochnik-768x538.jpg 768w\" sizes=\"(max-width: 706px) 89vw, (max-width: 767px) 82vw, 740px\" \/><\/a><\/figure>\n<\/li>\n<li class=\"blocks-gallery-item\">\n<figure><a href=\"https:\/\/www.telenec.cz\/wp-content\/uploads\/2021\/05\/Brtnicky-hradek-zaseky_4.jpg\"><img loading=\"lazy\" decoding=\"async\" width=\"749\" height=\"1000\" src=\"https:\/\/www.telenec.cz\/wp-content\/uploads\/2021\/05\/Brtnicky-hradek-zaseky_4.jpg\" alt=\"\" data-id=\"1361\" data-link=\"https:\/\/www.telenec.cz\/index.php\/brtnicky-hradek\/brtnicky-hradek-zaseky_4\/\" class=\"wp-image-1361\" srcset=\"https:\/\/www.telenec.cz\/wp-content\/uploads\/2021\/05\/Brtnicky-hradek-zaseky_4.jpg 749w, https:\/\/www.telenec.cz\/wp-content\/uploads\/2021\/05\/Brtnicky-hradek-zaseky_4-225x300.jpg 225w\" sizes=\"(max-width: 706px) 89vw, (max-width: 767px) 82vw, 740px\" \/><\/a><\/figure>\n<\/li>\n<li class=\"blocks-gallery-item\">\n<figure><a href=\"https:\/\/www.telenec.cz\/wp-content\/uploads\/2021\/05\/hradek-zlabek.jpg\"><img loading=\"lazy\" decoding=\"async\" width=\"1000\" height=\"749\" src=\"https:\/\/www.telenec.cz\/wp-content\/uploads\/2021\/05\/hradek-zlabek.jpg\" alt=\"\" data-id=\"1360\" data-link=\"https:\/\/www.telenec.cz\/index.php\/brtnicky-hradek\/hradek-zlabek\/\" class=\"wp-image-1360\" srcset=\"https:\/\/www.telenec.cz\/wp-content\/uploads\/2021\/05\/hradek-zlabek.jpg 1000w, https:\/\/www.telenec.cz\/wp-content\/uploads\/2021\/05\/hradek-zlabek-300x225.jpg 300w, https:\/\/www.telenec.cz\/wp-content\/uploads\/2021\/05\/hradek-zlabek-768x575.jpg 768w\" sizes=\"(max-width: 706px) 89vw, (max-width: 767px) 82vw, 740px\" \/><\/a><\/figure>\n<\/li>\n<\/ul><figcaption class=\"blocks-gallery-caption\">Brtnick\u00fd hr\u00e1dek<\/figcaption><\/figure>\n<p>P\u0159\u00edstup od v\u00fdchodu je p\u0159es soustavu skaln\u00edch rozsedlin opat\u0159en\u00fdch vytesan\u00fdmi sch\u016fdky. Na p\u0159edposledn\u00ed ostro\u017en\u011b (\u201ep\u0159edhrad\u00ed\u2033) jsou zbytky kamenn\u00e9ho zdiva. Posledn\u00ed ostro\u017ena (\u201ej\u00e1dro\u2033) je dnes p\u0159\u00edstupn\u00e1 po \u00fazk\u00e9 \u0159\u00edmse na severn\u00ed stran\u011b. Je to bochn\u00edkovit\u00fd skaln\u00ed blok, v&nbsp;n\u011bm\u017e  je vytes\u00e1no zhruba \u010dtvercov\u00e9 4,5 x&nbsp;5 m k&nbsp;severu otev\u0159en\u00e9 podval\u00ed.  Na ji\u017en\u00ed stran\u011b je vytes\u00e1n \u017el\u00e1bek, l\u016f\u017eka po tr\u00e1mech a dal\u0161\u00ed drobn\u011bj\u0161\u00ed stopy po opracov\u00e1n\u00ed sk\u00e1ly. <\/p>\n<p>Severn\u00ed \u010d\u00e1sti skaln\u00edch pr\u016frev p\u0159ed p\u0159edhrad\u00edm a j\u00e1drem byla um\u011ble roz\u0161\u00ed\u0159ena. \u00dapravy pravd\u011bpodobn\u011b nebyly dokon\u010deny. Zda byly pr\u016frvy p\u0159emost\u011bny nen\u00ed jasn\u00e9, odborn\u00e1 literatura toto p\u0159edpokl\u00e1d\u00e1. Archeologick\u00fd v\u00fdzkum ale nezachytil \u017e\u00e1dn\u00e9 stopy mostn\u00edch konstrukc\u00ed, naopak zdivo na p\u0159edhrad\u00ed nejev\u00ed v&nbsp;m\u00edst\u011b p\u0159edpokl\u00e1dan\u00e9ho p\u0159\u00edstupu \u017e\u00e1dn\u00e9 stopy vstupu. Odborn\u00fd spor se vede t\u00e9\u017e o st\u0159edov\u011bk\u00fd p\u016fvod schod\u016f, sm\u011b\u0159uj\u00edc\u00edch do p\u0159\u00edkop\u016f.<\/p>\n<pre class=\"wp-block-preformatted\">[1] <em>N\u011bme\u010dek, R. Klos: Skaln\u00ed hrady v \u010cesk\u00e9m \u0160v\u00fdcarsku. Severo\u010desk\u00e9 nakladatelstv\u00ed \u00dast\u00ed nad Labem 1972<\/em>\n[2] <em><a rel=\"noreferrer noopener\" href=\"https:\/\/cs.wikipedia.org\/wiki\/Brtnick%C3%BD_hr%C3%A1dek\" data-type=\"URL\" data-id=\"https:\/\/cs.wikipedia.org\/wiki\/Brtnick%C3%BD_hr%C3%A1dek\" target=\"_blank\">Brtnick\u00fd hr\u00e1dek<\/a><\/em> - Wikipedie<\/pre><\/p>\n","protected":false},"excerpt":{"rendered":"<p>Brtnick\u00fd nebo Loupe\u017enick\u00fd hr\u00e1dek Na p\u00edskovcov\u00e9m ostrohu nad Hlubok\u00fdm dolem, asi 2 kilometry od Brtn\u00edk\u016f, jsou zbytky str\u00e1\u017en\u00e9ho skaln\u00edho Brtnick\u00e9ho hr\u00e1dku. Dostaneme se tam z Brtn\u00edk\u016f p\u0159es \u0160ternberk. Cestou m\u016f\u017eeme nav\u0161t\u00edvit Sov\u00ed vyhl\u00eddku. Ze sk\u00e1ly jsou v\u00fdhledy k jihov\u00fdchodu a do \u00fadol\u00ed Vl\u010d\u00edho potoka. Pod sk\u00e1lou se nach\u00e1z\u00ed Sov\u00ed jeskyn\u011b, n\u011bkdy t\u00e9\u017e naz\u00fdvan\u00e1 Sov\u00ed d\u00edra. &hellip; <\/p>\n<p class=\"link-more\"><a href=\"https:\/\/www.telenec.cz\/index.php\/brtnicky-hradek\/\" class=\"more-link\">Pokra\u010dovat ve \u010dten\u00ed<span class=\"screen-reader-text\"> &#8222;Brtnick\u00fd hr\u00e1dek&#8220;<\/span><\/a><\/p>\n","protected":false},"author":1,"featured_media":0,"parent":0,"menu_order":0,"comment_status":"closed","ping_status":"closed","template":"","meta":{"footnotes":"","_wp_rev_ctl_limit":""},"class_list":["post-1230","page","type-page","status-publish","hentry"],"_links":{"self":[{"href":"https:\/\/www.telenec.cz\/index.php\/wp-json\/wp\/v2\/pages\/1230"}],"collection":[{"href":"https:\/\/www.telenec.cz\/index.php\/wp-json\/wp\/v2\/pages"}],"about":[{"href":"https:\/\/www.telenec.cz\/index.php\/wp-json\/wp\/v2\/types\/page"}],"author":[{"embeddable":true,"href":"https:\/\/www.telenec.cz\/index.php\/wp-json\/wp\/v2\/users\/1"}],"replies":[{"embeddable":true,"href":"https:\/\/www.telenec.cz\/index.php\/wp-json\/wp\/v2\/comments?post=1230"}],"version-history":[{"count":17,"href":"https:\/\/www.telenec.cz\/index.php\/wp-json\/wp\/v2\/pages\/1230\/revisions"}],"predecessor-version":[{"id":2037,"href":"https:\/\/www.telenec.cz\/index.php\/wp-json\/wp\/v2\/pages\/1230\/revisions\/2037"}],"wp:attachment":[{"href":"https:\/\/www.telenec.cz\/index.php\/wp-json\/wp\/v2\/media?parent=1230"}],"curies":[{"name":"wp","href":"https:\/\/api.w.org\/{rel}","templated":true}]}}