{"id":1213,"date":"2021-05-22T11:52:40","date_gmt":"2021-05-22T09:52:40","guid":{"rendered":"https:\/\/www.telenec.cz\/?page_id=1213"},"modified":"2021-07-03T14:34:44","modified_gmt":"2021-07-03T12:34:44","slug":"dlouhy-roh","status":"publish","type":"page","link":"https:\/\/www.telenec.cz\/index.php\/dlouhy-roh\/","title":{"rendered":"Dlouh\u00fd roh"},"content":{"rendered":"<p class=\"has-vivid-red-color has-text-color\" style=\"font-size:38px\">neboli Knobloch\u016fv (Pansk\u00fd) d\u016fl<\/p>\n<figure class=\"wp-block-image size-large\"><a href=\"https:\/\/www.telenec.cz\/wp-content\/uploads\/2021\/05\/mapa-dlouhy-roh-1.jpg\"><img loading=\"lazy\" decoding=\"async\" width=\"1000\" height=\"629\" src=\"https:\/\/www.telenec.cz\/wp-content\/uploads\/2021\/05\/mapa-dlouhy-roh-1.jpg\" alt=\"\" class=\"wp-image-1218\" srcset=\"https:\/\/www.telenec.cz\/wp-content\/uploads\/2021\/05\/mapa-dlouhy-roh-1.jpg 1000w, https:\/\/www.telenec.cz\/wp-content\/uploads\/2021\/05\/mapa-dlouhy-roh-1-300x189.jpg 300w, https:\/\/www.telenec.cz\/wp-content\/uploads\/2021\/05\/mapa-dlouhy-roh-1-768x483.jpg 768w\" sizes=\"(max-width: 706px) 89vw, (max-width: 767px) 82vw, 740px\" \/><\/a><\/figure>\n<p>T\u011bsn\u011b za Telenecem se v\u011bj\u00ed\u0159ovit\u011b  sb\u00edh\u00e1 n\u011bkolik zalesn\u011bn\u00fdch \u00fadol\u00ed\u010dek\u00a0od\u00a0Telence\u00a0a\u00a0Kamenn\u00e9ho vrchu.\u00a0 Toto m\u00edsto nen\u00ed turisty moc nav\u0161t\u011bvovan\u00e9. Tam, kde kon\u010d\u00ed udr\u017eovan\u00e1 cesta od Marschner\u016f, m\u016f\u017eeme vstoupit do lesa a pokra\u010dovat do Knoblochova  dolu.<\/p>\n<p>Za p\u0159\u00edhodn\u00e9ho obdob\u00ed, m\u016f\u017eeme po  n\u011bkolika sta metrech obdivovat Pansk\u00fd vodop\u00e1d.<\/p>\n<figure class=\"wp-block-gallery columns-2 is-cropped wp-block-gallery-1 is-layout-flex wp-block-gallery-is-layout-flex\">\n<ul class=\"blocks-gallery-grid\">\n<li class=\"blocks-gallery-item\">\n<figure><a href=\"https:\/\/www.telenec.cz\/wp-content\/uploads\/2021\/05\/Pansky-vodopad-V.Las_.jpg\"><img loading=\"lazy\" decoding=\"async\" width=\"666\" height=\"1000\" src=\"https:\/\/www.telenec.cz\/wp-content\/uploads\/2021\/05\/Pansky-vodopad-V.Las_.jpg\" alt=\"\" data-id=\"1219\" data-link=\"https:\/\/www.telenec.cz\/index.php\/dlouhy-roh\/pansky-vodopad-v-las_\/\" class=\"wp-image-1219\" srcset=\"https:\/\/www.telenec.cz\/wp-content\/uploads\/2021\/05\/Pansky-vodopad-V.Las_.jpg 666w, https:\/\/www.telenec.cz\/wp-content\/uploads\/2021\/05\/Pansky-vodopad-V.Las_-200x300.jpg 200w\" sizes=\"(max-width: 666px) 100vw, 666px\" \/><\/a><\/figure>\n<\/li>\n<li class=\"blocks-gallery-item\">\n<figure><a href=\"https:\/\/www.telenec.cz\/wp-content\/uploads\/2021\/05\/Pansky-vodopad_1.jpg\"><img loading=\"lazy\" decoding=\"async\" width=\"750\" height=\"1000\" src=\"https:\/\/www.telenec.cz\/wp-content\/uploads\/2021\/05\/Pansky-vodopad_1.jpg\" alt=\"\" data-id=\"1220\" data-full-url=\"https:\/\/www.telenec.cz\/wp-content\/uploads\/2021\/05\/Pansky-vodopad_1.jpg\" data-link=\"https:\/\/www.telenec.cz\/index.php\/dlouhy-roh\/pansky-vodopad_1\/\" class=\"wp-image-1220\" srcset=\"https:\/\/www.telenec.cz\/wp-content\/uploads\/2021\/05\/Pansky-vodopad_1.jpg 750w, https:\/\/www.telenec.cz\/wp-content\/uploads\/2021\/05\/Pansky-vodopad_1-225x300.jpg 225w\" sizes=\"(max-width: 706px) 89vw, (max-width: 767px) 82vw, 740px\" \/><\/a><\/figure>\n<\/li>\n<\/ul><figcaption class=\"blocks-gallery-caption\">Pansk\u00fd vodop\u00e1d (autor V. La\u0161)<\/figcaption><\/figure>\n<p>Budeme-li pokra\u010dovat pod\u00e9l Mal\u00e9ho vl\u010d\u00edho potoka, dostaneme se do st\u0159edn\u00ed \u010d\u00e1sti Pansk\u00e9ho dolu. Prav\u00e1 stana \u00fadol\u00ed je tvo\u0159en\u00e1 h\u0159ebenem Dlouh\u00e9ho rohu. Nach\u00e1z\u00ed se zde \u0159ada zaj\u00edmav\u00fdch skaln\u00edch \u00fatvaru.<\/p>\n<figure class=\"wp-block-gallery columns-2 is-cropped wp-block-gallery-2 is-layout-flex wp-block-gallery-is-layout-flex\">\n<ul class=\"blocks-gallery-grid\">\n<li class=\"blocks-gallery-item\">\n<figure><a href=\"https:\/\/www.telenec.cz\/wp-content\/uploads\/2021\/05\/pansky-dul_1.jpg\"><img loading=\"lazy\" decoding=\"async\" width=\"749\" height=\"1000\" src=\"https:\/\/www.telenec.cz\/wp-content\/uploads\/2021\/05\/pansky-dul_1.jpg\" alt=\"\" data-id=\"1221\" data-link=\"https:\/\/www.telenec.cz\/index.php\/dlouhy-roh\/pansky-dul_1\/\" class=\"wp-image-1221\" srcset=\"https:\/\/www.telenec.cz\/wp-content\/uploads\/2021\/05\/pansky-dul_1.jpg 749w, https:\/\/www.telenec.cz\/wp-content\/uploads\/2021\/05\/pansky-dul_1-225x300.jpg 225w\" sizes=\"(max-width: 706px) 89vw, (max-width: 767px) 82vw, 740px\" \/><\/a><\/figure>\n<\/li>\n<li class=\"blocks-gallery-item\">\n<figure><a href=\"https:\/\/www.telenec.cz\/wp-content\/uploads\/2021\/05\/pansky-dul_2.jpg\"><img loading=\"lazy\" decoding=\"async\" width=\"749\" height=\"1000\" src=\"https:\/\/www.telenec.cz\/wp-content\/uploads\/2021\/05\/pansky-dul_2.jpg\" alt=\"\" data-id=\"1222\" data-full-url=\"https:\/\/www.telenec.cz\/wp-content\/uploads\/2021\/05\/pansky-dul_2.jpg\" data-link=\"https:\/\/www.telenec.cz\/index.php\/dlouhy-roh\/pansky-dul_2\/\" class=\"wp-image-1222\" srcset=\"https:\/\/www.telenec.cz\/wp-content\/uploads\/2021\/05\/pansky-dul_2.jpg 749w, https:\/\/www.telenec.cz\/wp-content\/uploads\/2021\/05\/pansky-dul_2-225x300.jpg 225w\" sizes=\"(max-width: 706px) 89vw, (max-width: 767px) 82vw, 740px\" \/><\/a><\/figure>\n<\/li>\n<\/ul><figcaption class=\"blocks-gallery-caption\">St\u0159edn\u00ed \u010d\u00e1st Pansk\u00e9ho dolu<\/figcaption><\/figure>\n<p>Lze zde naj\u00edt i letit\u00e9 skaln\u00ed n\u00e1pisy.<\/p>\n<figure class=\"wp-block-gallery columns-2 is-cropped wp-block-gallery-3 is-layout-flex wp-block-gallery-is-layout-flex\">\n<ul class=\"blocks-gallery-grid\">\n<li class=\"blocks-gallery-item\">\n<figure><a href=\"https:\/\/www.telenec.cz\/wp-content\/uploads\/2021\/05\/pansky-dul-napis_1.jpg\"><img loading=\"lazy\" decoding=\"async\" width=\"1000\" height=\"717\" src=\"https:\/\/www.telenec.cz\/wp-content\/uploads\/2021\/05\/pansky-dul-napis_1.jpg\" alt=\"\" data-id=\"1223\" data-link=\"https:\/\/www.telenec.cz\/index.php\/dlouhy-roh\/pansky-dul-napis_1\/\" class=\"wp-image-1223\" srcset=\"https:\/\/www.telenec.cz\/wp-content\/uploads\/2021\/05\/pansky-dul-napis_1.jpg 1000w, https:\/\/www.telenec.cz\/wp-content\/uploads\/2021\/05\/pansky-dul-napis_1-300x215.jpg 300w, https:\/\/www.telenec.cz\/wp-content\/uploads\/2021\/05\/pansky-dul-napis_1-768x551.jpg 768w\" sizes=\"(max-width: 706px) 89vw, (max-width: 767px) 82vw, 740px\" \/><\/a><\/figure>\n<\/li>\n<li class=\"blocks-gallery-item\">\n<figure><a href=\"https:\/\/www.telenec.cz\/wp-content\/uploads\/2021\/05\/pansky-dul-napis_2.jpg\"><img loading=\"lazy\" decoding=\"async\" width=\"1000\" height=\"707\" src=\"https:\/\/www.telenec.cz\/wp-content\/uploads\/2021\/05\/pansky-dul-napis_2.jpg\" alt=\"\" data-id=\"1224\" data-full-url=\"https:\/\/www.telenec.cz\/wp-content\/uploads\/2021\/05\/pansky-dul-napis_2.jpg\" data-link=\"https:\/\/www.telenec.cz\/index.php\/dlouhy-roh\/pansky-dul-napis_2\/\" class=\"wp-image-1224\" srcset=\"https:\/\/www.telenec.cz\/wp-content\/uploads\/2021\/05\/pansky-dul-napis_2.jpg 1000w, https:\/\/www.telenec.cz\/wp-content\/uploads\/2021\/05\/pansky-dul-napis_2-300x212.jpg 300w, https:\/\/www.telenec.cz\/wp-content\/uploads\/2021\/05\/pansky-dul-napis_2-768x543.jpg 768w\" sizes=\"(max-width: 706px) 89vw, (max-width: 767px) 82vw, 740px\" \/><\/a><\/figure>\n<\/li>\n<\/ul><figcaption class=\"blocks-gallery-caption\">Pansk\u00fd d\u016fl, skaln\u00ed n\u00e1pisy.<\/figcaption><\/figure>\n<figure class=\"wp-block-gallery columns-2 is-cropped wp-block-gallery-4 is-layout-flex wp-block-gallery-is-layout-flex\">\n<ul class=\"blocks-gallery-grid\">\n<li class=\"blocks-gallery-item\">\n<figure><a href=\"https:\/\/www.telenec.cz\/wp-content\/uploads\/2021\/05\/pansky-dul-postovni_2-1.jpg\"><img loading=\"lazy\" decoding=\"async\" width=\"749\" height=\"1000\" src=\"https:\/\/www.telenec.cz\/wp-content\/uploads\/2021\/05\/pansky-dul-postovni_2-1.jpg\" alt=\"\" data-id=\"1228\" data-full-url=\"https:\/\/www.telenec.cz\/wp-content\/uploads\/2021\/05\/pansky-dul-postovni_2-1.jpg\" data-link=\"https:\/\/www.telenec.cz\/index.php\/dlouhy-roh\/pansky-dul-postovni_2-1\/\" class=\"wp-image-1228\" srcset=\"https:\/\/www.telenec.cz\/wp-content\/uploads\/2021\/05\/pansky-dul-postovni_2-1.jpg 749w, https:\/\/www.telenec.cz\/wp-content\/uploads\/2021\/05\/pansky-dul-postovni_2-1-225x300.jpg 225w\" sizes=\"(max-width: 706px) 89vw, (max-width: 767px) 82vw, 740px\" \/><\/a><\/figure>\n<\/li>\n<li class=\"blocks-gallery-item\">\n<figure><a href=\"https:\/\/www.telenec.cz\/wp-content\/uploads\/2021\/05\/pansky-dul-postovni_1.jpg\"><img loading=\"lazy\" decoding=\"async\" width=\"756\" height=\"1000\" src=\"https:\/\/www.telenec.cz\/wp-content\/uploads\/2021\/05\/pansky-dul-postovni_1.jpg\" alt=\"\" data-id=\"1227\" data-link=\"https:\/\/www.telenec.cz\/index.php\/dlouhy-roh\/pansky-dul-postovni_1\/\" class=\"wp-image-1227\" srcset=\"https:\/\/www.telenec.cz\/wp-content\/uploads\/2021\/05\/pansky-dul-postovni_1.jpg 756w, https:\/\/www.telenec.cz\/wp-content\/uploads\/2021\/05\/pansky-dul-postovni_1-227x300.jpg 227w\" sizes=\"(max-width: 706px) 89vw, (max-width: 767px) 82vw, 740px\" \/><\/a><\/figure>\n<\/li>\n<\/ul><figcaption class=\"blocks-gallery-caption\">Pansk\u00fd d\u016fl, po\u0161tovn\u00ed k\u00e1men 1776<\/figcaption><\/figure>\n<p>Spodn\u00ed \u010d\u00e1st rokle je  otev\u0159en\u011bj\u0161\u00ed, pouze s&nbsp;p\u0159\u00edle\u017eitostn\u00fdmi skalami a \u00fast\u00ed do&nbsp;Richterova dolu&nbsp;nedaleko Turistick\u00e9ho mostu.  <\/p>\n<div class=\"wp-block-image\">\n<figure class=\"aligncenter size-large is-resized\"><a href=\"https:\/\/www.telenec.cz\/wp-content\/uploads\/2021\/05\/pansky-dul-udoli_2.jpg\"><img loading=\"lazy\" decoding=\"async\" src=\"https:\/\/www.telenec.cz\/wp-content\/uploads\/2021\/05\/pansky-dul-udoli_2.jpg\" alt=\"\" class=\"wp-image-1226\" width=\"375\" height=\"500\" srcset=\"https:\/\/www.telenec.cz\/wp-content\/uploads\/2021\/05\/pansky-dul-udoli_2.jpg 749w, https:\/\/www.telenec.cz\/wp-content\/uploads\/2021\/05\/pansky-dul-udoli_2-225x300.jpg 225w\" sizes=\"(max-width: 375px) 100vw, 375px\" \/><\/a><\/figure>\n<\/div>\n","protected":false},"excerpt":{"rendered":"<p>neboli Knobloch\u016fv (Pansk\u00fd) d\u016fl T\u011bsn\u011b za Telenecem se v\u011bj\u00ed\u0159ovit\u011b sb\u00edh\u00e1 n\u011bkolik zalesn\u011bn\u00fdch \u00fadol\u00ed\u010dek\u00a0od\u00a0Telence\u00a0a\u00a0Kamenn\u00e9ho vrchu.\u00a0 Toto m\u00edsto nen\u00ed turisty moc nav\u0161t\u011bvovan\u00e9. Tam, kde kon\u010d\u00ed udr\u017eovan\u00e1 cesta od Marschner\u016f, m\u016f\u017eeme vstoupit do lesa a pokra\u010dovat do Knoblochova dolu. Za p\u0159\u00edhodn\u00e9ho obdob\u00ed, m\u016f\u017eeme po n\u011bkolika sta metrech obdivovat Pansk\u00fd vodop\u00e1d. Budeme-li pokra\u010dovat pod\u00e9l Mal\u00e9ho vl\u010d\u00edho potoka, dostaneme se &hellip; <\/p>\n<p class=\"link-more\"><a href=\"https:\/\/www.telenec.cz\/index.php\/dlouhy-roh\/\" class=\"more-link\">Pokra\u010dovat ve \u010dten\u00ed<span class=\"screen-reader-text\"> &#8222;Dlouh\u00fd roh&#8220;<\/span><\/a><\/p>\n","protected":false},"author":1,"featured_media":0,"parent":0,"menu_order":0,"comment_status":"closed","ping_status":"closed","template":"","meta":{"footnotes":"","_wp_rev_ctl_limit":""},"class_list":["post-1213","page","type-page","status-publish","hentry"],"_links":{"self":[{"href":"https:\/\/www.telenec.cz\/index.php\/wp-json\/wp\/v2\/pages\/1213"}],"collection":[{"href":"https:\/\/www.telenec.cz\/index.php\/wp-json\/wp\/v2\/pages"}],"about":[{"href":"https:\/\/www.telenec.cz\/index.php\/wp-json\/wp\/v2\/types\/page"}],"author":[{"embeddable":true,"href":"https:\/\/www.telenec.cz\/index.php\/wp-json\/wp\/v2\/users\/1"}],"replies":[{"embeddable":true,"href":"https:\/\/www.telenec.cz\/index.php\/wp-json\/wp\/v2\/comments?post=1213"}],"version-history":[{"count":5,"href":"https:\/\/www.telenec.cz\/index.php\/wp-json\/wp\/v2\/pages\/1213\/revisions"}],"predecessor-version":[{"id":1978,"href":"https:\/\/www.telenec.cz\/index.php\/wp-json\/wp\/v2\/pages\/1213\/revisions\/1978"}],"wp:attachment":[{"href":"https:\/\/www.telenec.cz\/index.php\/wp-json\/wp\/v2\/media?parent=1213"}],"curies":[{"name":"wp","href":"https:\/\/api.w.org\/{rel}","templated":true}]}}